{"id":134483,"date":"2025-05-18T22:37:28","date_gmt":"2025-05-18T22:37:28","guid":{"rendered":"https:\/\/staging2.stylingagenten.com\/da\/produkt\/ralph-lauren-romance-edp-50ml\/"},"modified":"2026-03-11T22:01:33","modified_gmt":"2026-03-11T22:01:33","slug":"ralph-lauren-romance-edp-50ml","status":"publish","type":"product","link":"https:\/\/stylingagenten.com\/da\/produkt\/ralph-lauren-romance-edp-50ml\/","title":{"rendered":"Ralph Lauren Romance Edp 50ml"},"content":{"rendered":"<p>Ralph Lauren Romance Eau de Parfum. Oplev den sensuelle essens af silkebl\u00f8dt tr\u00e6, overd\u00e5dige blomsternoter og forf\u00f8rende moskus.<\/p>\n<p>50 ml<\/p>\n","protected":false},"excerpt":{"rendered":"<p>Ralph Lauren Romance Eau de Parfum. Oplev den sensuelle essens af silkebl\u00f8dt tr\u00e6, overd\u00e5dige blomsternoter og forf\u00f8rende moskus. 50 ml<\/p>\n","protected":false},"featured_media":134469,"comment_status":"open","ping_status":"closed","template":"","meta":{"_trash_the_other_posts":false},"product_brand":[],"product_cat":[706,735,999],"product_tag":[3856],"berocket_brand":[1015],"class_list":{"0":"post-134483","1":"product","2":"type-product","3":"status-publish","4":"has-post-thumbnail","6":"product_cat-eau-de-parfum-dame","7":"product_cat-kampagne","8":"product_cat-kampagnetilbud-til-hende","9":"product_tag-ralph-lauren-romance-edp","10":"pa_brand-ralph-lauren","11":"pa_variant-50ml","12":"berocket_brand-ralph-lauren","14":"first","15":"instock","16":"sale","17":"taxable","18":"shipping-taxable","19":"purchasable","20":"product-type-simple"},"_links":{"self":[{"href":"https:\/\/stylingagenten.com\/da\/wp-json\/wp\/v2\/product\/134483","targetHints":{"allow":["GET"]}}],"collection":[{"href":"https:\/\/stylingagenten.com\/da\/wp-json\/wp\/v2\/product"}],"about":[{"href":"https:\/\/stylingagenten.com\/da\/wp-json\/wp\/v2\/types\/product"}],"replies":[{"embeddable":true,"href":"https:\/\/stylingagenten.com\/da\/wp-json\/wp\/v2\/comments?post=134483"}],"version-history":[{"count":0,"href":"https:\/\/stylingagenten.com\/da\/wp-json\/wp\/v2\/product\/134483\/revisions"}],"wp:featuredmedia":[{"embeddable":true,"href":"https:\/\/stylingagenten.com\/da\/wp-json\/wp\/v2\/media\/134469"}],"wp:attachment":[{"href":"https:\/\/stylingagenten.com\/da\/wp-json\/wp\/v2\/media?parent=134483"}],"wp:term":[{"taxonomy":"product_brand","embeddable":true,"href":"https:\/\/stylingagenten.com\/da\/wp-json\/wp\/v2\/product_brand?post=134483"},{"taxonomy":"product_cat","embeddable":true,"href":"https:\/\/stylingagenten.com\/da\/wp-json\/wp\/v2\/product_cat?post=134483"},{"taxonomy":"product_tag","embeddable":true,"href":"https:\/\/stylingagenten.com\/da\/wp-json\/wp\/v2\/product_tag?post=134483"},{"taxonomy":"berocket_brand","embeddable":true,"href":"https:\/\/stylingagenten.com\/da\/wp-json\/wp\/v2\/berocket_brand?post=134483"}],"curies":[{"name":"wp","href":"https:\/\/api.w.org\/{rel}","templated":true}]}}