{"id":134461,"date":"2025-05-18T22:37:22","date_gmt":"2025-05-18T22:37:22","guid":{"rendered":"https:\/\/staging2.stylingagenten.com\/da\/produkt\/guess-girl-belle-edt-100ml\/"},"modified":"2026-04-13T07:08:34","modified_gmt":"2026-04-13T07:08:34","slug":"guess-girl-belle-edt-100ml","status":"publish","type":"product","link":"https:\/\/stylingagenten.com\/da\/produkt\/guess-girl-belle-edt-100ml\/","title":{"rendered":"Guess Girl Belle Edt 100ml"},"content":{"rendered":"<p>Guess Girl Belle Edt er en mere charmerende version af den popul\u00e6re duft Guess Girl og beskrives som en uimodst\u00e5elig og mystisk duft.<\/p>\n<p><strong>Duftnoter:<\/strong> wild b&auml; r, champagne , blomster, p\u00e6on, jasmin, viol, sandeltr\u00e6, vanilje og moskus.<\/p>\n<p><span style=\"font-size: 11.0pt;line-height: 107%;font-family: ' Calibri', sans -serif\">&amp;nbsp ;<\/span><\/p>\n","protected":false},"excerpt":{"rendered":"<p>Guess Girl Belle Edt er en mere charmerende version af den popul\u00e6re duft Guess Girl og beskrives som en uimodst\u00e5elig og mystisk duft. Duftnoter: wild b&auml; r, champagne , blomster, p\u00e6on, jasmin, viol, sandeltr\u00e6, vanilje og moskus. &amp;nbsp ;<\/p>\n","protected":false},"featured_media":134453,"comment_status":"open","ping_status":"closed","template":"","meta":{"_trash_the_other_posts":false},"product_brand":[],"product_cat":[707,883,735,999],"product_tag":[2958],"berocket_brand":[1331],"class_list":{"0":"post-134461","1":"product","2":"type-product","3":"status-publish","4":"has-post-thumbnail","6":"product_cat-eau-de-toilette-dame","7":"product_cat-guess-girl","8":"product_cat-kampagne","9":"product_cat-kampagnetilbud-til-hende","10":"product_tag-guess-girl-belle-edt","11":"pa_brand-guess","12":"pa_variant-100ml","13":"berocket_brand-guess","15":"first","16":"outofstock","17":"sale","18":"taxable","19":"shipping-taxable","20":"purchasable","21":"product-type-simple"},"_links":{"self":[{"href":"https:\/\/stylingagenten.com\/da\/wp-json\/wp\/v2\/product\/134461","targetHints":{"allow":["GET"]}}],"collection":[{"href":"https:\/\/stylingagenten.com\/da\/wp-json\/wp\/v2\/product"}],"about":[{"href":"https:\/\/stylingagenten.com\/da\/wp-json\/wp\/v2\/types\/product"}],"replies":[{"embeddable":true,"href":"https:\/\/stylingagenten.com\/da\/wp-json\/wp\/v2\/comments?post=134461"}],"version-history":[{"count":0,"href":"https:\/\/stylingagenten.com\/da\/wp-json\/wp\/v2\/product\/134461\/revisions"}],"wp:featuredmedia":[{"embeddable":true,"href":"https:\/\/stylingagenten.com\/da\/wp-json\/wp\/v2\/media\/134453"}],"wp:attachment":[{"href":"https:\/\/stylingagenten.com\/da\/wp-json\/wp\/v2\/media?parent=134461"}],"wp:term":[{"taxonomy":"product_brand","embeddable":true,"href":"https:\/\/stylingagenten.com\/da\/wp-json\/wp\/v2\/product_brand?post=134461"},{"taxonomy":"product_cat","embeddable":true,"href":"https:\/\/stylingagenten.com\/da\/wp-json\/wp\/v2\/product_cat?post=134461"},{"taxonomy":"product_tag","embeddable":true,"href":"https:\/\/stylingagenten.com\/da\/wp-json\/wp\/v2\/product_tag?post=134461"},{"taxonomy":"berocket_brand","embeddable":true,"href":"https:\/\/stylingagenten.com\/da\/wp-json\/wp\/v2\/berocket_brand?post=134461"}],"curies":[{"name":"wp","href":"https:\/\/api.w.org\/{rel}","templated":true}]}}