{"id":134387,"date":"2025-05-18T22:36:59","date_gmt":"2025-05-18T22:36:59","guid":{"rendered":"https:\/\/staging2.stylingagenten.com\/da\/produkt\/elizabeth-arden-green-tea-coconut-breeze-edt-100ml\/"},"modified":"2026-04-14T05:58:30","modified_gmt":"2026-04-14T05:58:30","slug":"elizabeth-arden-green-tea-coconut-breeze-edt-100ml","status":"publish","type":"product","link":"https:\/\/stylingagenten.com\/da\/produkt\/elizabeth-arden-green-tea-coconut-breeze-edt-100ml\/","title":{"rendered":"Elizabeth Arden Green Tea Coconut Breeze Edt 100ml"},"content":{"rendered":"<p>Elizabeth Arden Green Tea Coconut Breeze EDT er din billet til en livlig og opkvikkende retr\u00e6te, baseret p\u00e5 vores signaturduft af gr\u00f8n te. Med den ikoniske gr\u00f8n te-base indkapsler denne duft essensen af en tropisk oase &#8211; en fredfyldt flugt, der personificerer en legende, aktiv og sjov \u00e5nd. Ligesom b\u00e6reren er den fyldt med positivitet og en uimodst\u00e5elig livsgnist. Med en livlig eksplosion \u00e5bner duften med akkorder af saltet kokosn\u00f8d og kokosflager, balanceret med den forfriskende lysstyrke fra bergamot. Hjertet afsl\u00f8rer de betydningsfulde gr\u00f8n te-akkorder blandet med hvide tropiske blomster for et lag af subtilitet, der afspejler duftens dynamiske karakter. En fredelig finale skabes med hvid amber, et strejf af musk og jordiske toner fra egemos-akkorden, hvilket giver anledning til en f\u00e6ngslende duft, der ekkoder vitalitet og livsgl\u00e6de.<\/p>\n<p>100ml<\/p>\n","protected":false},"excerpt":{"rendered":"<p>Elizabeth Arden Green Tea Coconut Breeze EDT er din billet til en livlig og opkvikkende retr\u00e6te, baseret p\u00e5 vores signaturduft af gr\u00f8n te. Med den ikoniske gr\u00f8n te-base indkapsler denne duft essensen af en tropisk oase &#8211; en fredfyldt flugt, der personificerer en legende, aktiv og sjov \u00e5nd. Ligesom b\u00e6reren er den fyldt med positivitet [&hellip;]<\/p>\n","protected":false},"featured_media":134377,"comment_status":"open","ping_status":"closed","template":"","meta":{"_trash_the_other_posts":false},"product_brand":[],"product_cat":[707,735,999],"product_tag":[],"berocket_brand":[1303],"class_list":{"0":"post-134387","1":"product","2":"type-product","3":"status-publish","4":"has-post-thumbnail","6":"product_cat-eau-de-toilette-dame","7":"product_cat-kampagne","8":"product_cat-kampagnetilbud-til-hende","9":"pa_brand-elizabeth-arden","10":"berocket_brand-elizabeth-arden","12":"first","13":"instock","14":"sale","15":"taxable","16":"shipping-taxable","17":"purchasable","18":"product-type-simple"},"_links":{"self":[{"href":"https:\/\/stylingagenten.com\/da\/wp-json\/wp\/v2\/product\/134387","targetHints":{"allow":["GET"]}}],"collection":[{"href":"https:\/\/stylingagenten.com\/da\/wp-json\/wp\/v2\/product"}],"about":[{"href":"https:\/\/stylingagenten.com\/da\/wp-json\/wp\/v2\/types\/product"}],"replies":[{"embeddable":true,"href":"https:\/\/stylingagenten.com\/da\/wp-json\/wp\/v2\/comments?post=134387"}],"version-history":[{"count":1,"href":"https:\/\/stylingagenten.com\/da\/wp-json\/wp\/v2\/product\/134387\/revisions"}],"predecessor-version":[{"id":2000658,"href":"https:\/\/stylingagenten.com\/da\/wp-json\/wp\/v2\/product\/134387\/revisions\/2000658"}],"wp:featuredmedia":[{"embeddable":true,"href":"https:\/\/stylingagenten.com\/da\/wp-json\/wp\/v2\/media\/134377"}],"wp:attachment":[{"href":"https:\/\/stylingagenten.com\/da\/wp-json\/wp\/v2\/media?parent=134387"}],"wp:term":[{"taxonomy":"product_brand","embeddable":true,"href":"https:\/\/stylingagenten.com\/da\/wp-json\/wp\/v2\/product_brand?post=134387"},{"taxonomy":"product_cat","embeddable":true,"href":"https:\/\/stylingagenten.com\/da\/wp-json\/wp\/v2\/product_cat?post=134387"},{"taxonomy":"product_tag","embeddable":true,"href":"https:\/\/stylingagenten.com\/da\/wp-json\/wp\/v2\/product_tag?post=134387"},{"taxonomy":"berocket_brand","embeddable":true,"href":"https:\/\/stylingagenten.com\/da\/wp-json\/wp\/v2\/berocket_brand?post=134387"}],"curies":[{"name":"wp","href":"https:\/\/api.w.org\/{rel}","templated":true}]}}