{"id":134371,"date":"2025-05-18T22:36:54","date_gmt":"2025-05-18T22:36:54","guid":{"rendered":"https:\/\/staging2.stylingagenten.com\/da\/produkt\/escada-chiffon-sorbet-edt-100ml\/"},"modified":"2026-04-06T19:58:53","modified_gmt":"2026-04-06T19:58:53","slug":"escada-chiffon-sorbet-edt-100ml","status":"publish","type":"product","link":"https:\/\/stylingagenten.com\/da\/produkt\/escada-chiffon-sorbet-edt-100ml\/","title":{"rendered":"Escada Chiffon Sorbet Edt 100ml"},"content":{"rendered":"<p>Oplev fejringen med Escadas nyeste sommerudgave, Chiffon Sorbet Eau de Toilette. Denne Escada-duft er en hyldest til solen, havet og sommerbrisen og inviterer dig til at nyde den forf\u00f8rende aura fra den allerf\u00f8rste sommerduft, nu tilg\u00e6ngelig i en frisk 2024-version. Denne s\u00f8de og sp\u00e6ndende sommerparfume fra Escada er en invitation til ukendte verdener og udvikler sig som en livlig have med topnoter af solkyssede solb\u00e6r, der bryder ud i en frugtagtig symfoni. Hjertenoten afsl\u00f8rer essensen af duftende roser, som harmonerer smidigt med den bl\u00f8de basenote af \u00f8kologisk jasmin og efterlader en blomsterbuket af aromaer i sit k\u00f8lvand. Resultatet er en ny fortolkning af femininitet inspireret af den oprindelige Chiffon Sorbet, men med et moderne twist.<\/p>\n<p>Topnoter: R\u00f8dt \u00e6ble, Solb\u00e6r, Hindb\u00e6r, Mango<br \/>\n<br \/>Hjertenoter: Jasmin, Figen, Orkid\u00e9, Viol, Rose<br \/>\n<br \/>Basnoter: Musk, Cedertr\u00e6, Sandeltr\u00e6, Amber, Vanilje<\/p>\n<p>100ml<\/p>\n","protected":false},"excerpt":{"rendered":"<p>Oplev fejringen med Escadas nyeste sommerudgave, Chiffon Sorbet Eau de Toilette. Denne Escada-duft er en hyldest til solen, havet og sommerbrisen og inviterer dig til at nyde den forf\u00f8rende aura fra den allerf\u00f8rste sommerduft, nu tilg\u00e6ngelig i en frisk 2024-version. Denne s\u00f8de og sp\u00e6ndende sommerparfume fra Escada er en invitation til ukendte verdener og udvikler [&hellip;]<\/p>\n","protected":false},"featured_media":134363,"comment_status":"open","ping_status":"closed","template":"","meta":{"_trash_the_other_posts":false},"product_brand":[],"product_cat":[707,735,999],"product_tag":[2882],"berocket_brand":[1306],"class_list":{"0":"post-134371","1":"product","2":"type-product","3":"status-publish","4":"has-post-thumbnail","6":"product_cat-eau-de-toilette-dame","7":"product_cat-kampagne","8":"product_cat-kampagnetilbud-til-hende","9":"product_tag-escada-chiffon-sorbet-edt","10":"pa_brand-escada","11":"pa_variant-100ml","12":"berocket_brand-escada","14":"first","15":"instock","16":"sale","17":"taxable","18":"shipping-taxable","19":"purchasable","20":"product-type-simple"},"_links":{"self":[{"href":"https:\/\/stylingagenten.com\/da\/wp-json\/wp\/v2\/product\/134371","targetHints":{"allow":["GET"]}}],"collection":[{"href":"https:\/\/stylingagenten.com\/da\/wp-json\/wp\/v2\/product"}],"about":[{"href":"https:\/\/stylingagenten.com\/da\/wp-json\/wp\/v2\/types\/product"}],"replies":[{"embeddable":true,"href":"https:\/\/stylingagenten.com\/da\/wp-json\/wp\/v2\/comments?post=134371"}],"version-history":[{"count":0,"href":"https:\/\/stylingagenten.com\/da\/wp-json\/wp\/v2\/product\/134371\/revisions"}],"wp:featuredmedia":[{"embeddable":true,"href":"https:\/\/stylingagenten.com\/da\/wp-json\/wp\/v2\/media\/134363"}],"wp:attachment":[{"href":"https:\/\/stylingagenten.com\/da\/wp-json\/wp\/v2\/media?parent=134371"}],"wp:term":[{"taxonomy":"product_brand","embeddable":true,"href":"https:\/\/stylingagenten.com\/da\/wp-json\/wp\/v2\/product_brand?post=134371"},{"taxonomy":"product_cat","embeddable":true,"href":"https:\/\/stylingagenten.com\/da\/wp-json\/wp\/v2\/product_cat?post=134371"},{"taxonomy":"product_tag","embeddable":true,"href":"https:\/\/stylingagenten.com\/da\/wp-json\/wp\/v2\/product_tag?post=134371"},{"taxonomy":"berocket_brand","embeddable":true,"href":"https:\/\/stylingagenten.com\/da\/wp-json\/wp\/v2\/berocket_brand?post=134371"}],"curies":[{"name":"wp","href":"https:\/\/api.w.org\/{rel}","templated":true}]}}