{"id":134337,"date":"2025-05-18T22:36:45","date_gmt":"2025-05-18T22:36:45","guid":{"rendered":"https:\/\/staging2.stylingagenten.com\/da\/produkt\/head-spark-edt-50ml\/"},"modified":"2026-04-08T15:29:25","modified_gmt":"2026-04-08T15:29:25","slug":"head-spark-edt-50ml","status":"publish","type":"product","link":"https:\/\/stylingagenten.com\/da\/produkt\/head-spark-edt-50ml\/","title":{"rendered":"HEAD Spark Edt 50ml"},"content":{"rendered":"<p>Blomstrende og frugtig. Spark er en gl\u00e6desfyldt duft, der udtrykker sin dominerende fred og lys gennem de lysende accorder af bergamot, grapefrugt og appelsin. De sammensatte blomster udvikler sig og overg\u00e5r til et saftigt frugthjerte best\u00e5ende af ananas, p\u00e6re og fersken, forst\u00e6rket af tilstedev\u00e6relsen af rose og liljekonval, der tilf\u00f8jer et feminint touch. De varme tr\u00e6baserede noter af cedertr\u00e6 og sandeltr\u00e6 s\u00f8des derefter med sm\u00f8ragtig vanilje og moskusnoter.<\/p>\n<p>Topnoter: Bergamot, Grapefrugt, Appelsin<br \/>\n<br \/>Hjertenoter: Ananas, Fersken, P\u00e6re, Liljekonval, Rose<br \/>\n<br \/>Basenoter: Cedertr\u00e6, Sandeltr\u00e6, Vanilje, Musk<\/p>\n<p>50 ml<\/p>\n","protected":false},"excerpt":{"rendered":"<p>Blomstrende og frugtig. Spark er en gl\u00e6desfyldt duft, der udtrykker sin dominerende fred og lys gennem de lysende accorder af bergamot, grapefrugt og appelsin. De sammensatte blomster udvikler sig og overg\u00e5r til et saftigt frugthjerte best\u00e5ende af ananas, p\u00e6re og fersken, forst\u00e6rket af tilstedev\u00e6relsen af rose og liljekonval, der tilf\u00f8jer et feminint touch. De varme [&hellip;]<\/p>\n","protected":false},"featured_media":134332,"comment_status":"open","ping_status":"closed","template":"","meta":{"_trash_the_other_posts":false},"product_brand":[],"product_cat":[707,735,999],"product_tag":[],"berocket_brand":[1416],"class_list":{"0":"post-134337","1":"product","2":"type-product","3":"status-publish","4":"has-post-thumbnail","6":"product_cat-eau-de-toilette-dame","7":"product_cat-kampagne","8":"product_cat-kampagnetilbud-til-hende","9":"pa_brand-head","10":"berocket_brand-head","12":"first","13":"instock","14":"sale","15":"taxable","16":"shipping-taxable","17":"purchasable","18":"product-type-simple"},"_links":{"self":[{"href":"https:\/\/stylingagenten.com\/da\/wp-json\/wp\/v2\/product\/134337","targetHints":{"allow":["GET"]}}],"collection":[{"href":"https:\/\/stylingagenten.com\/da\/wp-json\/wp\/v2\/product"}],"about":[{"href":"https:\/\/stylingagenten.com\/da\/wp-json\/wp\/v2\/types\/product"}],"replies":[{"embeddable":true,"href":"https:\/\/stylingagenten.com\/da\/wp-json\/wp\/v2\/comments?post=134337"}],"version-history":[{"count":0,"href":"https:\/\/stylingagenten.com\/da\/wp-json\/wp\/v2\/product\/134337\/revisions"}],"wp:featuredmedia":[{"embeddable":true,"href":"https:\/\/stylingagenten.com\/da\/wp-json\/wp\/v2\/media\/134332"}],"wp:attachment":[{"href":"https:\/\/stylingagenten.com\/da\/wp-json\/wp\/v2\/media?parent=134337"}],"wp:term":[{"taxonomy":"product_brand","embeddable":true,"href":"https:\/\/stylingagenten.com\/da\/wp-json\/wp\/v2\/product_brand?post=134337"},{"taxonomy":"product_cat","embeddable":true,"href":"https:\/\/stylingagenten.com\/da\/wp-json\/wp\/v2\/product_cat?post=134337"},{"taxonomy":"product_tag","embeddable":true,"href":"https:\/\/stylingagenten.com\/da\/wp-json\/wp\/v2\/product_tag?post=134337"},{"taxonomy":"berocket_brand","embeddable":true,"href":"https:\/\/stylingagenten.com\/da\/wp-json\/wp\/v2\/berocket_brand?post=134337"}],"curies":[{"name":"wp","href":"https:\/\/api.w.org\/{rel}","templated":true}]}}