{"id":134326,"date":"2025-05-18T22:36:41","date_gmt":"2025-05-18T22:36:41","guid":{"rendered":"https:\/\/staging2.stylingagenten.com\/da\/produkt\/versace-crystal-noir-edp-90ml\/"},"modified":"2026-04-06T11:18:45","modified_gmt":"2026-04-06T11:18:45","slug":"versace-crystal-noir-edp-90ml","status":"publish","type":"product","link":"https:\/\/stylingagenten.com\/da\/produkt\/versace-crystal-noir-edp-90ml\/","title":{"rendered":"Versace Crystal Noir Edp 90ml"},"content":{"rendered":"<p>Versace Crystal Noir Parfum er en duft, der er skabt til kvinden med ubestridelig tilstedev\u00e6relse, selvtillid og en fork\u00e6rlighed for haute couture. Denne overd\u00e5dige duft spejler en luksuri\u00f8s aftenkjole \u2013 et sanseligt mesterv\u00e6rk inspireret af Versaces kreativitet og moderne luksus. Fordyb dig i en essens, hvor m\u00f8rk og mystisk tiltr\u00e6kning m\u00f8der dristig fylde. Duften \u00e5bner med str\u00e5lende citrusfrugter, der minder om solnedgange i Mellem\u00f8sten, blandet med eksotiske krydderier, der giver et dristigt touch. Hjertet afsl\u00f8rer en fortryllende blomstersymfoni, komplementeret med vanedannende noter for en omsluttende s\u00f8dme. Til sidst udvikler den tr\u00e6agtige og orientalske base sig og afrunder duften med dybde og intensitet.<\/p>\n<p>Topnoter: Gul mandarin, ros\u00e9peber, solb\u00e6r<br \/>\n<br \/>Hjertenoter: Tuberose, liljekonval, karamel<br \/>\n<br \/>Basenoter: Sandeltr\u00e6, akigalatr\u00e6, rav, vaniljeorkid\u00e9<\/p>\n<p>90ml<\/p>\n","protected":false},"excerpt":{"rendered":"<p>Versace Crystal Noir Parfum er en duft, der er skabt til kvinden med ubestridelig tilstedev\u00e6relse, selvtillid og en fork\u00e6rlighed for haute couture. Denne overd\u00e5dige duft spejler en luksuri\u00f8s aftenkjole \u2013 et sanseligt mesterv\u00e6rk inspireret af Versaces kreativitet og moderne luksus. Fordyb dig i en essens, hvor m\u00f8rk og mystisk tiltr\u00e6kning m\u00f8der dristig fylde. Duften \u00e5bner [&hellip;]<\/p>\n","protected":false},"featured_media":134324,"comment_status":"open","ping_status":"closed","template":"","meta":{"_trash_the_other_posts":false},"product_brand":[],"product_cat":[706,735,999],"product_tag":[4042],"berocket_brand":[1083],"class_list":{"0":"post-134326","1":"product","2":"type-product","3":"status-publish","4":"has-post-thumbnail","6":"product_cat-eau-de-parfum-dame","7":"product_cat-kampagne","8":"product_cat-kampagnetilbud-til-hende","9":"product_tag-versace-crystal-noir-edp","10":"pa_brand-versace","11":"pa_variant-90ml","12":"berocket_brand-versace","14":"first","15":"instock","16":"sale","17":"taxable","18":"shipping-taxable","19":"purchasable","20":"product-type-simple"},"_links":{"self":[{"href":"https:\/\/stylingagenten.com\/da\/wp-json\/wp\/v2\/product\/134326","targetHints":{"allow":["GET"]}}],"collection":[{"href":"https:\/\/stylingagenten.com\/da\/wp-json\/wp\/v2\/product"}],"about":[{"href":"https:\/\/stylingagenten.com\/da\/wp-json\/wp\/v2\/types\/product"}],"replies":[{"embeddable":true,"href":"https:\/\/stylingagenten.com\/da\/wp-json\/wp\/v2\/comments?post=134326"}],"version-history":[{"count":0,"href":"https:\/\/stylingagenten.com\/da\/wp-json\/wp\/v2\/product\/134326\/revisions"}],"wp:featuredmedia":[{"embeddable":true,"href":"https:\/\/stylingagenten.com\/da\/wp-json\/wp\/v2\/media\/134324"}],"wp:attachment":[{"href":"https:\/\/stylingagenten.com\/da\/wp-json\/wp\/v2\/media?parent=134326"}],"wp:term":[{"taxonomy":"product_brand","embeddable":true,"href":"https:\/\/stylingagenten.com\/da\/wp-json\/wp\/v2\/product_brand?post=134326"},{"taxonomy":"product_cat","embeddable":true,"href":"https:\/\/stylingagenten.com\/da\/wp-json\/wp\/v2\/product_cat?post=134326"},{"taxonomy":"product_tag","embeddable":true,"href":"https:\/\/stylingagenten.com\/da\/wp-json\/wp\/v2\/product_tag?post=134326"},{"taxonomy":"berocket_brand","embeddable":true,"href":"https:\/\/stylingagenten.com\/da\/wp-json\/wp\/v2\/berocket_brand?post=134326"}],"curies":[{"name":"wp","href":"https:\/\/api.w.org\/{rel}","templated":true}]}}