{"id":134242,"date":"2025-05-18T22:36:14","date_gmt":"2025-05-18T22:36:14","guid":{"rendered":"https:\/\/staging2.stylingagenten.com\/da\/produkt\/zadig-voltaire-this-is-us-leau-for-all-edt-50ml\/"},"modified":"2026-03-26T09:18:28","modified_gmt":"2026-03-26T09:18:28","slug":"zadig-voltaire-this-is-us-leau-for-all-edt-50ml","status":"publish","type":"product","link":"https:\/\/stylingagenten.com\/da\/produkt\/zadig-voltaire-this-is-us-leau-for-all-edt-50ml\/","title":{"rendered":"Zadig &amp; Voltaire This is Us! L&#8217;eau For All Edt 50ml"},"content":{"rendered":"<p>Med den nye linje Vibes of Freedom viser Zadig &amp; Voltaire, at frihed er en instinktiv f\u00f8lelse dybt forbundet med naturen \u2013 en f\u00f8lelse, vi skal genfinde.<\/p>\n<p>This is Us L&#8217;eau for All er en invitation til at lade sanserne vandre. En frisk brise, der fylder hele kroppen med energi og ro. En Eau de Toilette til b\u00e5de kvinder og m\u00e6nd med et strejf af str\u00e5lende bergamot og let neroli, kombineret med energisk lavendelessens. En base af cremet sandeltr\u00e6 og sensuel moskus giver duften sin sp\u00e6ndende og friske, tr\u00e6agtige karakter.<\/p>\n<p>50ml<\/p>\n","protected":false},"excerpt":{"rendered":"<p>Med den nye linje Vibes of Freedom viser Zadig &amp; Voltaire, at frihed er en instinktiv f\u00f8lelse dybt forbundet med naturen \u2013 en f\u00f8lelse, vi skal genfinde. This is Us L&#8217;eau for All er en invitation til at lade sanserne vandre. En frisk brise, der fylder hele kroppen med energi og ro. En Eau de [&hellip;]<\/p>\n","protected":false},"featured_media":134235,"comment_status":"open","ping_status":"closed","template":"","meta":{"_trash_the_other_posts":false},"product_brand":[],"product_cat":[707,735,999],"product_tag":[],"berocket_brand":[1153],"class_list":{"0":"post-134242","1":"product","2":"type-product","3":"status-publish","4":"has-post-thumbnail","6":"product_cat-eau-de-toilette-dame","7":"product_cat-kampagne","8":"product_cat-kampagnetilbud-til-hende","9":"pa_brand-zadig-voltaire","10":"berocket_brand-zadig-voltaire","12":"first","13":"outofstock","14":"sale","15":"taxable","16":"shipping-taxable","17":"purchasable","18":"product-type-simple"},"_links":{"self":[{"href":"https:\/\/stylingagenten.com\/da\/wp-json\/wp\/v2\/product\/134242","targetHints":{"allow":["GET"]}}],"collection":[{"href":"https:\/\/stylingagenten.com\/da\/wp-json\/wp\/v2\/product"}],"about":[{"href":"https:\/\/stylingagenten.com\/da\/wp-json\/wp\/v2\/types\/product"}],"replies":[{"embeddable":true,"href":"https:\/\/stylingagenten.com\/da\/wp-json\/wp\/v2\/comments?post=134242"}],"version-history":[{"count":0,"href":"https:\/\/stylingagenten.com\/da\/wp-json\/wp\/v2\/product\/134242\/revisions"}],"wp:featuredmedia":[{"embeddable":true,"href":"https:\/\/stylingagenten.com\/da\/wp-json\/wp\/v2\/media\/134235"}],"wp:attachment":[{"href":"https:\/\/stylingagenten.com\/da\/wp-json\/wp\/v2\/media?parent=134242"}],"wp:term":[{"taxonomy":"product_brand","embeddable":true,"href":"https:\/\/stylingagenten.com\/da\/wp-json\/wp\/v2\/product_brand?post=134242"},{"taxonomy":"product_cat","embeddable":true,"href":"https:\/\/stylingagenten.com\/da\/wp-json\/wp\/v2\/product_cat?post=134242"},{"taxonomy":"product_tag","embeddable":true,"href":"https:\/\/stylingagenten.com\/da\/wp-json\/wp\/v2\/product_tag?post=134242"},{"taxonomy":"berocket_brand","embeddable":true,"href":"https:\/\/stylingagenten.com\/da\/wp-json\/wp\/v2\/berocket_brand?post=134242"}],"curies":[{"name":"wp","href":"https:\/\/api.w.org\/{rel}","templated":true}]}}