{"id":134224,"date":"2025-05-18T22:36:07","date_gmt":"2025-05-18T22:36:07","guid":{"rendered":"https:\/\/staging2.stylingagenten.com\/da\/produkt\/dsquared2-red-wood-edt-100ml\/"},"modified":"2026-03-11T21:59:09","modified_gmt":"2026-03-11T21:59:09","slug":"dsquared2-red-wood-edt-100ml","status":"publish","type":"product","link":"https:\/\/stylingagenten.com\/da\/produkt\/dsquared2-red-wood-edt-100ml\/","title":{"rendered":"Dsquared2 Red Wood Edt 100ml"},"content":{"rendered":"<p>Dsquared2 Red Wood Edt er en livlig og dristig duft med moderne energi. Frisk ros\u00e9peber med et strejf af traneb\u00e6r afsl\u00f8rer en uimodst\u00e5elig frugtig dimension. Litchi giver duften en feminin karakter sammen med fl\u00f8jlsbl\u00f8de og intense roser og magnoliaakkorder. En base af bl\u00f8d moskus lyser op de vibrerende og sensuelle noter af cedertr\u00e6 og ambertr\u00e6.<br \/>\n<br \/>100ml<\/p>\n","protected":false},"excerpt":{"rendered":"<p>Dsquared2 Red Wood Edt er en livlig og dristig duft med moderne energi. Frisk ros\u00e9peber med et strejf af traneb\u00e6r afsl\u00f8rer en uimodst\u00e5elig frugtig dimension. Litchi giver duften en feminin karakter sammen med fl\u00f8jlsbl\u00f8de og intense roser og magnoliaakkorder. En base af bl\u00f8d moskus lyser op de vibrerende og sensuelle noter af cedertr\u00e6 og ambertr\u00e6. [&hellip;]<\/p>\n","protected":false},"featured_media":134222,"comment_status":"open","ping_status":"closed","template":"","meta":{"_trash_the_other_posts":false},"product_brand":[],"product_cat":[707,735,999],"product_tag":[],"berocket_brand":[1295],"class_list":{"0":"post-134224","1":"product","2":"type-product","3":"status-publish","4":"has-post-thumbnail","6":"product_cat-eau-de-toilette-dame","7":"product_cat-kampagne","8":"product_cat-kampagnetilbud-til-hende","9":"pa_brand-dsquared2","10":"berocket_brand-dsquared2","12":"first","13":"instock","14":"sale","15":"taxable","16":"shipping-taxable","17":"purchasable","18":"product-type-simple"},"_links":{"self":[{"href":"https:\/\/stylingagenten.com\/da\/wp-json\/wp\/v2\/product\/134224","targetHints":{"allow":["GET"]}}],"collection":[{"href":"https:\/\/stylingagenten.com\/da\/wp-json\/wp\/v2\/product"}],"about":[{"href":"https:\/\/stylingagenten.com\/da\/wp-json\/wp\/v2\/types\/product"}],"replies":[{"embeddable":true,"href":"https:\/\/stylingagenten.com\/da\/wp-json\/wp\/v2\/comments?post=134224"}],"version-history":[{"count":0,"href":"https:\/\/stylingagenten.com\/da\/wp-json\/wp\/v2\/product\/134224\/revisions"}],"wp:featuredmedia":[{"embeddable":true,"href":"https:\/\/stylingagenten.com\/da\/wp-json\/wp\/v2\/media\/134222"}],"wp:attachment":[{"href":"https:\/\/stylingagenten.com\/da\/wp-json\/wp\/v2\/media?parent=134224"}],"wp:term":[{"taxonomy":"product_brand","embeddable":true,"href":"https:\/\/stylingagenten.com\/da\/wp-json\/wp\/v2\/product_brand?post=134224"},{"taxonomy":"product_cat","embeddable":true,"href":"https:\/\/stylingagenten.com\/da\/wp-json\/wp\/v2\/product_cat?post=134224"},{"taxonomy":"product_tag","embeddable":true,"href":"https:\/\/stylingagenten.com\/da\/wp-json\/wp\/v2\/product_tag?post=134224"},{"taxonomy":"berocket_brand","embeddable":true,"href":"https:\/\/stylingagenten.com\/da\/wp-json\/wp\/v2\/berocket_brand?post=134224"}],"curies":[{"name":"wp","href":"https:\/\/api.w.org\/{rel}","templated":true}]}}