{"id":134219,"date":"2025-05-18T22:36:04","date_gmt":"2025-05-18T22:36:04","guid":{"rendered":"https:\/\/staging2.stylingagenten.com\/da\/produkt\/lattafa-ameerat-al-arab-prive-rose-edp-100ml\/"},"modified":"2026-03-17T16:37:37","modified_gmt":"2026-03-17T16:37:37","slug":"lattafa-ameerat-al-arab-prive-rose-edp-100ml","status":"publish","type":"product","link":"https:\/\/stylingagenten.com\/da\/produkt\/lattafa-ameerat-al-arab-prive-rose-edp-100ml\/","title":{"rendered":"Lattafa Ameerat Al Arab Prive Rose Edp 100ml"},"content":{"rendered":"<p>Lattafa Ameerat Al Arab Prive Rose Edp til kvinder bliver hurtigt din nye passion og er sv\u00e6r at give slip p\u00e5. Den vil fortrylle dig fra f\u00f8rste \u00f8jeblik og overbevise dig om, at den bestemt fortjener en plads p\u00e5 dit sminkebord.<\/p>\n<p>Topnoter: Jordb\u00e6r, Musk, Fersken<br \/>\n<br \/>Hjertenoter: Rose, Vanilje, \u00c6ble<br \/>\n<br \/>Basenoter: Hvid musk, Kashmir<\/p>\n<p>100ml<\/p>\n","protected":false},"excerpt":{"rendered":"<p>Lattafa Ameerat Al Arab Prive Rose Edp til kvinder bliver hurtigt din nye passion og er sv\u00e6r at give slip p\u00e5. Den vil fortrylle dig fra f\u00f8rste \u00f8jeblik og overbevise dig om, at den bestemt fortjener en plads p\u00e5 dit sminkebord. Topnoter: Jordb\u00e6r, Musk, Fersken Hjertenoter: Rose, Vanilje, \u00c6ble Basenoter: Hvid musk, Kashmir 100ml<\/p>\n","protected":false},"featured_media":134217,"comment_status":"open","ping_status":"closed","template":"","meta":{"_trash_the_other_posts":false},"product_brand":[],"product_cat":[706,735,999],"product_tag":[],"berocket_brand":[1414],"class_list":{"0":"post-134219","1":"product","2":"type-product","3":"status-publish","4":"has-post-thumbnail","6":"product_cat-eau-de-parfum-dame","7":"product_cat-kampagne","8":"product_cat-kampagnetilbud-til-hende","9":"pa_brand-lattafa","10":"berocket_brand-lattafa","12":"first","13":"outofstock","14":"sale","15":"taxable","16":"shipping-taxable","17":"purchasable","18":"product-type-simple"},"_links":{"self":[{"href":"https:\/\/stylingagenten.com\/da\/wp-json\/wp\/v2\/product\/134219","targetHints":{"allow":["GET"]}}],"collection":[{"href":"https:\/\/stylingagenten.com\/da\/wp-json\/wp\/v2\/product"}],"about":[{"href":"https:\/\/stylingagenten.com\/da\/wp-json\/wp\/v2\/types\/product"}],"replies":[{"embeddable":true,"href":"https:\/\/stylingagenten.com\/da\/wp-json\/wp\/v2\/comments?post=134219"}],"version-history":[{"count":0,"href":"https:\/\/stylingagenten.com\/da\/wp-json\/wp\/v2\/product\/134219\/revisions"}],"wp:featuredmedia":[{"embeddable":true,"href":"https:\/\/stylingagenten.com\/da\/wp-json\/wp\/v2\/media\/134217"}],"wp:attachment":[{"href":"https:\/\/stylingagenten.com\/da\/wp-json\/wp\/v2\/media?parent=134219"}],"wp:term":[{"taxonomy":"product_brand","embeddable":true,"href":"https:\/\/stylingagenten.com\/da\/wp-json\/wp\/v2\/product_brand?post=134219"},{"taxonomy":"product_cat","embeddable":true,"href":"https:\/\/stylingagenten.com\/da\/wp-json\/wp\/v2\/product_cat?post=134219"},{"taxonomy":"product_tag","embeddable":true,"href":"https:\/\/stylingagenten.com\/da\/wp-json\/wp\/v2\/product_tag?post=134219"},{"taxonomy":"berocket_brand","embeddable":true,"href":"https:\/\/stylingagenten.com\/da\/wp-json\/wp\/v2\/berocket_brand?post=134219"}],"curies":[{"name":"wp","href":"https:\/\/api.w.org\/{rel}","templated":true}]}}