{"id":134213,"date":"2025-05-18T22:36:00","date_gmt":"2025-05-18T22:36:00","guid":{"rendered":"https:\/\/staging2.stylingagenten.com\/da\/produkt\/lattafa-jasoor-edp-100ml\/"},"modified":"2026-03-20T10:27:36","modified_gmt":"2026-03-20T10:27:36","slug":"lattafa-jasoor-edp-100ml","status":"publish","type":"product","link":"https:\/\/stylingagenten.com\/da\/produkt\/lattafa-jasoor-edp-100ml\/","title":{"rendered":"Lattafa Jasoor Edp 100ml"},"content":{"rendered":"<p>En ny dag, nye muligheder. Unisex Eau de Parfum Lattafa Jasoor opfrisker sindet og f\u00e5r dig til at f\u00f8lge dine instinkter. Se frem til daglige eventyr.<\/p>\n<p>Topnoter: Bergamot, Kardemomme, \u00c6ble<br \/>\n<br \/>Hjertenoter: Lavendel, Geranium, Tobak<br \/>\n<br \/>Basenoter: Patchouli, L\u00e6der, Vetiver, Tonkab\u00f8nne<\/p>\n<p>100ml<\/p>\n","protected":false},"excerpt":{"rendered":"<p>En ny dag, nye muligheder. Unisex Eau de Parfum Lattafa Jasoor opfrisker sindet og f\u00e5r dig til at f\u00f8lge dine instinkter. Se frem til daglige eventyr. Topnoter: Bergamot, Kardemomme, \u00c6ble Hjertenoter: Lavendel, Geranium, Tobak Basenoter: Patchouli, L\u00e6der, Vetiver, Tonkab\u00f8nne 100ml<\/p>\n","protected":false},"featured_media":134211,"comment_status":"open","ping_status":"closed","template":"","meta":{"_trash_the_other_posts":false},"product_brand":[],"product_cat":[729,735,999],"product_tag":[],"berocket_brand":[1414],"class_list":{"0":"post-134213","1":"product","2":"type-product","3":"status-publish","4":"has-post-thumbnail","6":"product_cat-eau-de-parfum-unisex","7":"product_cat-kampagne","8":"product_cat-kampagnetilbud-til-hende","9":"pa_brand-lattafa","10":"berocket_brand-lattafa","12":"first","13":"instock","14":"sale","15":"taxable","16":"shipping-taxable","17":"purchasable","18":"product-type-simple"},"_links":{"self":[{"href":"https:\/\/stylingagenten.com\/da\/wp-json\/wp\/v2\/product\/134213","targetHints":{"allow":["GET"]}}],"collection":[{"href":"https:\/\/stylingagenten.com\/da\/wp-json\/wp\/v2\/product"}],"about":[{"href":"https:\/\/stylingagenten.com\/da\/wp-json\/wp\/v2\/types\/product"}],"replies":[{"embeddable":true,"href":"https:\/\/stylingagenten.com\/da\/wp-json\/wp\/v2\/comments?post=134213"}],"version-history":[{"count":0,"href":"https:\/\/stylingagenten.com\/da\/wp-json\/wp\/v2\/product\/134213\/revisions"}],"wp:featuredmedia":[{"embeddable":true,"href":"https:\/\/stylingagenten.com\/da\/wp-json\/wp\/v2\/media\/134211"}],"wp:attachment":[{"href":"https:\/\/stylingagenten.com\/da\/wp-json\/wp\/v2\/media?parent=134213"}],"wp:term":[{"taxonomy":"product_brand","embeddable":true,"href":"https:\/\/stylingagenten.com\/da\/wp-json\/wp\/v2\/product_brand?post=134213"},{"taxonomy":"product_cat","embeddable":true,"href":"https:\/\/stylingagenten.com\/da\/wp-json\/wp\/v2\/product_cat?post=134213"},{"taxonomy":"product_tag","embeddable":true,"href":"https:\/\/stylingagenten.com\/da\/wp-json\/wp\/v2\/product_tag?post=134213"},{"taxonomy":"berocket_brand","embeddable":true,"href":"https:\/\/stylingagenten.com\/da\/wp-json\/wp\/v2\/berocket_brand?post=134213"}],"curies":[{"name":"wp","href":"https:\/\/api.w.org\/{rel}","templated":true}]}}