{"id":134204,"date":"2025-05-18T22:35:57","date_gmt":"2025-05-18T22:35:57","guid":{"rendered":"https:\/\/staging2.stylingagenten.com\/da\/produkt\/lattafa-yara-tous-edp-100ml\/"},"modified":"2026-03-16T13:39:29","modified_gmt":"2026-03-16T13:39:29","slug":"lattafa-yara-tous-edp-100ml","status":"publish","type":"product","link":"https:\/\/stylingagenten.com\/da\/produkt\/lattafa-yara-tous-edp-100ml\/","title":{"rendered":"Lattafa Yara Tous Edp 100ml"},"content":{"rendered":"<p>Hvis du elsker frugtagtige dufte, vil du blive helt fortryllet af Lattafa Yara Tous. De l\u00e6kre og saftige frugtnoter i denne Eau de Parfum til kvinder er sv\u00e6re at modst\u00e5 og vil lyse din dag op.<\/p>\n<p>Topnoter: Mango, Kokosn\u00f8d, Passionsfrugt<br \/>\n<br \/>Hjertenoter: Jasmin, Heliotrop, Appelsinblomst<br \/>\n<br \/>Basenoter: Vanilje, Musk, Kashmir<\/p>\n<p>100ml<\/p>\n","protected":false},"excerpt":{"rendered":"<p>Hvis du elsker frugtagtige dufte, vil du blive helt fortryllet af Lattafa Yara Tous. De l\u00e6kre og saftige frugtnoter i denne Eau de Parfum til kvinder er sv\u00e6re at modst\u00e5 og vil lyse din dag op. Topnoter: Mango, Kokosn\u00f8d, Passionsfrugt Hjertenoter: Jasmin, Heliotrop, Appelsinblomst Basenoter: Vanilje, Musk, Kashmir 100ml<\/p>\n","protected":false},"featured_media":134202,"comment_status":"open","ping_status":"closed","template":"","meta":{"_trash_the_other_posts":false},"product_brand":[],"product_cat":[706,735,999],"product_tag":[],"berocket_brand":[1414],"class_list":{"0":"post-134204","1":"product","2":"type-product","3":"status-publish","4":"has-post-thumbnail","6":"product_cat-eau-de-parfum-dame","7":"product_cat-kampagne","8":"product_cat-kampagnetilbud-til-hende","9":"pa_brand-lattafa","10":"berocket_brand-lattafa","12":"first","13":"instock","14":"sale","15":"taxable","16":"shipping-taxable","17":"purchasable","18":"product-type-simple"},"_links":{"self":[{"href":"https:\/\/stylingagenten.com\/da\/wp-json\/wp\/v2\/product\/134204","targetHints":{"allow":["GET"]}}],"collection":[{"href":"https:\/\/stylingagenten.com\/da\/wp-json\/wp\/v2\/product"}],"about":[{"href":"https:\/\/stylingagenten.com\/da\/wp-json\/wp\/v2\/types\/product"}],"replies":[{"embeddable":true,"href":"https:\/\/stylingagenten.com\/da\/wp-json\/wp\/v2\/comments?post=134204"}],"version-history":[{"count":0,"href":"https:\/\/stylingagenten.com\/da\/wp-json\/wp\/v2\/product\/134204\/revisions"}],"wp:featuredmedia":[{"embeddable":true,"href":"https:\/\/stylingagenten.com\/da\/wp-json\/wp\/v2\/media\/134202"}],"wp:attachment":[{"href":"https:\/\/stylingagenten.com\/da\/wp-json\/wp\/v2\/media?parent=134204"}],"wp:term":[{"taxonomy":"product_brand","embeddable":true,"href":"https:\/\/stylingagenten.com\/da\/wp-json\/wp\/v2\/product_brand?post=134204"},{"taxonomy":"product_cat","embeddable":true,"href":"https:\/\/stylingagenten.com\/da\/wp-json\/wp\/v2\/product_cat?post=134204"},{"taxonomy":"product_tag","embeddable":true,"href":"https:\/\/stylingagenten.com\/da\/wp-json\/wp\/v2\/product_tag?post=134204"},{"taxonomy":"berocket_brand","embeddable":true,"href":"https:\/\/stylingagenten.com\/da\/wp-json\/wp\/v2\/berocket_brand?post=134204"}],"curies":[{"name":"wp","href":"https:\/\/api.w.org\/{rel}","templated":true}]}}