{"id":134163,"date":"2025-05-18T22:35:39","date_gmt":"2025-05-18T22:35:39","guid":{"rendered":"https:\/\/staging2.stylingagenten.com\/da\/produkt\/lattafa-rave-pure-desire-gold-edp-100ml\/"},"modified":"2026-04-13T07:09:38","modified_gmt":"2026-04-13T07:09:38","slug":"lattafa-rave-pure-desire-gold-edp-100ml","status":"publish","type":"product","link":"https:\/\/stylingagenten.com\/da\/produkt\/lattafa-rave-pure-desire-gold-edp-100ml\/","title":{"rendered":"Lattafa Rave Pure Desire Gold Edp 100ml"},"content":{"rendered":"<p>Lattafa Rave Pure Desire Gold Edp er en fascinerende Eau de Parfum designet til kvinder. Denne luksuri\u00f8se duft har en rig og forf\u00f8rende blanding af blomster- og s\u00f8de noter. Med sin glamor\u00f8se gyldne emballage er det den perfekte duft til at g\u00f8re et dristigt indtryk.<\/p>\n<p>Topnoter: Mandariner, Amber<\/p>\n<p>Hjertenoter: Nelliker, Nelikeblomst, Liljekonvalje, Hvide blomster<\/p>\n<p>Basenoter: Gr\u00e5 amber, Vanilje, Karamel<\/p>\n<p>100ml<\/p>\n","protected":false},"excerpt":{"rendered":"<p>Lattafa Rave Pure Desire Gold Edp er en fascinerende Eau de Parfum designet til kvinder. Denne luksuri\u00f8se duft har en rig og forf\u00f8rende blanding af blomster- og s\u00f8de noter. Med sin glamor\u00f8se gyldne emballage er det den perfekte duft til at g\u00f8re et dristigt indtryk. Topnoter: Mandariner, Amber Hjertenoter: Nelliker, Nelikeblomst, Liljekonvalje, Hvide blomster Basenoter: [&hellip;]<\/p>\n","protected":false},"featured_media":134161,"comment_status":"open","ping_status":"closed","template":"","meta":{"_trash_the_other_posts":false},"product_brand":[],"product_cat":[706,735,999],"product_tag":[],"berocket_brand":[1414],"class_list":{"0":"post-134163","1":"product","2":"type-product","3":"status-publish","4":"has-post-thumbnail","6":"product_cat-eau-de-parfum-dame","7":"product_cat-kampagne","8":"product_cat-kampagnetilbud-til-hende","9":"pa_brand-lattafa","10":"berocket_brand-lattafa","12":"first","13":"instock","14":"sale","15":"taxable","16":"shipping-taxable","17":"purchasable","18":"product-type-simple"},"_links":{"self":[{"href":"https:\/\/stylingagenten.com\/da\/wp-json\/wp\/v2\/product\/134163","targetHints":{"allow":["GET"]}}],"collection":[{"href":"https:\/\/stylingagenten.com\/da\/wp-json\/wp\/v2\/product"}],"about":[{"href":"https:\/\/stylingagenten.com\/da\/wp-json\/wp\/v2\/types\/product"}],"replies":[{"embeddable":true,"href":"https:\/\/stylingagenten.com\/da\/wp-json\/wp\/v2\/comments?post=134163"}],"version-history":[{"count":0,"href":"https:\/\/stylingagenten.com\/da\/wp-json\/wp\/v2\/product\/134163\/revisions"}],"wp:featuredmedia":[{"embeddable":true,"href":"https:\/\/stylingagenten.com\/da\/wp-json\/wp\/v2\/media\/134161"}],"wp:attachment":[{"href":"https:\/\/stylingagenten.com\/da\/wp-json\/wp\/v2\/media?parent=134163"}],"wp:term":[{"taxonomy":"product_brand","embeddable":true,"href":"https:\/\/stylingagenten.com\/da\/wp-json\/wp\/v2\/product_brand?post=134163"},{"taxonomy":"product_cat","embeddable":true,"href":"https:\/\/stylingagenten.com\/da\/wp-json\/wp\/v2\/product_cat?post=134163"},{"taxonomy":"product_tag","embeddable":true,"href":"https:\/\/stylingagenten.com\/da\/wp-json\/wp\/v2\/product_tag?post=134163"},{"taxonomy":"berocket_brand","embeddable":true,"href":"https:\/\/stylingagenten.com\/da\/wp-json\/wp\/v2\/berocket_brand?post=134163"}],"curies":[{"name":"wp","href":"https:\/\/api.w.org\/{rel}","templated":true}]}}