{"id":134103,"date":"2025-05-18T22:35:09","date_gmt":"2025-05-18T22:35:09","guid":{"rendered":"https:\/\/staging2.stylingagenten.com\/da\/produkt\/burberry-body-edp-85ml\/"},"modified":"2025-11-19T10:55:42","modified_gmt":"2025-11-19T10:55:42","slug":"burberry-body-edp-85ml","status":"publish","type":"product","link":"https:\/\/stylingagenten.com\/da\/produkt\/burberry-body-edp-85ml\/","title":{"rendered":"Burberry Body Edp 85ml"},"content":{"rendered":"<p>Burberry Body er en sensuel og feminin duft med en ekstraordin\u00e6r blanding af luksuri\u00f8se og vidunderlige ingredienser.<\/p>\n<p><strong>Duftnoter:<\/strong> gr\u00f8n absint, fersken, fresia, roser, iris, sandeltr\u00e6, kashmirtr\u00e6, vanilje, ambra &amp; moskus.<\/p>\n","protected":false},"excerpt":{"rendered":"<p>Burberry Body er en sensuel og feminin duft med en ekstraordin\u00e6r blanding af luksuri\u00f8se og vidunderlige ingredienser. Duftnoter: gr\u00f8n absint, fersken, fresia, roser, iris, sandeltr\u00e6, kashmirtr\u00e6, vanilje, ambra &amp; moskus.<\/p>\n","protected":false},"featured_media":134099,"comment_status":"open","ping_status":"closed","template":"","meta":{"_trash_the_other_posts":false},"product_brand":[],"product_cat":[772,706],"product_tag":[2597],"berocket_brand":[1017],"class_list":{"0":"post-134103","1":"product","2":"type-product","3":"status-publish","4":"has-post-thumbnail","6":"product_cat-burberry-body","7":"product_cat-eau-de-parfum-dame","8":"product_tag-burberry-body-edp","9":"pa_brand-burberry","10":"pa_variant-85ml","11":"berocket_brand-burberry","13":"first","14":"outofstock","15":"sale","16":"taxable","17":"shipping-taxable","18":"purchasable","19":"product-type-simple"},"_links":{"self":[{"href":"https:\/\/stylingagenten.com\/da\/wp-json\/wp\/v2\/product\/134103","targetHints":{"allow":["GET"]}}],"collection":[{"href":"https:\/\/stylingagenten.com\/da\/wp-json\/wp\/v2\/product"}],"about":[{"href":"https:\/\/stylingagenten.com\/da\/wp-json\/wp\/v2\/types\/product"}],"replies":[{"embeddable":true,"href":"https:\/\/stylingagenten.com\/da\/wp-json\/wp\/v2\/comments?post=134103"}],"version-history":[{"count":0,"href":"https:\/\/stylingagenten.com\/da\/wp-json\/wp\/v2\/product\/134103\/revisions"}],"wp:featuredmedia":[{"embeddable":true,"href":"https:\/\/stylingagenten.com\/da\/wp-json\/wp\/v2\/media\/134099"}],"wp:attachment":[{"href":"https:\/\/stylingagenten.com\/da\/wp-json\/wp\/v2\/media?parent=134103"}],"wp:term":[{"taxonomy":"product_brand","embeddable":true,"href":"https:\/\/stylingagenten.com\/da\/wp-json\/wp\/v2\/product_brand?post=134103"},{"taxonomy":"product_cat","embeddable":true,"href":"https:\/\/stylingagenten.com\/da\/wp-json\/wp\/v2\/product_cat?post=134103"},{"taxonomy":"product_tag","embeddable":true,"href":"https:\/\/stylingagenten.com\/da\/wp-json\/wp\/v2\/product_tag?post=134103"},{"taxonomy":"berocket_brand","embeddable":true,"href":"https:\/\/stylingagenten.com\/da\/wp-json\/wp\/v2\/berocket_brand?post=134103"}],"curies":[{"name":"wp","href":"https:\/\/api.w.org\/{rel}","templated":true}]}}