{"id":133993,"date":"2025-05-18T22:33:31","date_gmt":"2025-05-18T22:33:31","guid":{"rendered":"https:\/\/staging2.stylingagenten.com\/da\/produkt\/wet-n-wild-wild-shine-nail-color-casting-call\/"},"modified":"2025-12-18T21:57:43","modified_gmt":"2025-12-18T21:57:43","slug":"wet-n-wild-wild-shine-nail-color-casting-call","status":"publish","type":"product","link":"https:\/\/stylingagenten.com\/da\/produkt\/wet-n-wild-wild-shine-nail-color-casting-call\/","title":{"rendered":"Wet n Wild Wild Shine Nail Color Casting Call"},"content":{"rendered":"<p>Wet n Wild Shine Nail Color er en hurtigt\u00f8rrende lak i en r\u00e6kke stilfulde nuancer, alt fra d\u00e6kkende lak med en shimmer finish til dristige metallics med levende effekter. Specielt designet ManiCurve&trade; b\u00f8rste, der vikler rundt om neglen for en pr\u00e6cis p\u00e5f\u00f8ring.<\/p>\n<p>12,3 ml<\/p>\n","protected":false},"excerpt":{"rendered":"<p>Wet n Wild Shine Nail Color er en hurtigt\u00f8rrende lak i en r\u00e6kke stilfulde nuancer, alt fra d\u00e6kkende lak med en shimmer finish til dristige metallics med levende effekter. Specielt designet ManiCurve&trade; b\u00f8rste, der vikler rundt om neglen for en pr\u00e6cis p\u00e5f\u00f8ring. 12,3 ml<\/p>\n","protected":false},"featured_media":133990,"comment_status":"open","ping_status":"closed","template":"","meta":{"_trash_the_other_posts":false},"product_brand":[],"product_cat":[569],"product_tag":[4118],"berocket_brand":[1035],"class_list":{"0":"post-133993","1":"product","2":"type-product","3":"status-publish","4":"has-post-thumbnail","6":"product_cat-neglelak","7":"product_tag-wet-n-wild-wild-shine-nail-color","8":"pa_brand-wet-n-wild","9":"pa_variant-casting-call","10":"berocket_brand-wet-n-wild","12":"first","13":"instock","14":"sale","15":"taxable","16":"shipping-taxable","17":"purchasable","18":"product-type-simple"},"_links":{"self":[{"href":"https:\/\/stylingagenten.com\/da\/wp-json\/wp\/v2\/product\/133993","targetHints":{"allow":["GET"]}}],"collection":[{"href":"https:\/\/stylingagenten.com\/da\/wp-json\/wp\/v2\/product"}],"about":[{"href":"https:\/\/stylingagenten.com\/da\/wp-json\/wp\/v2\/types\/product"}],"replies":[{"embeddable":true,"href":"https:\/\/stylingagenten.com\/da\/wp-json\/wp\/v2\/comments?post=133993"}],"version-history":[{"count":0,"href":"https:\/\/stylingagenten.com\/da\/wp-json\/wp\/v2\/product\/133993\/revisions"}],"wp:featuredmedia":[{"embeddable":true,"href":"https:\/\/stylingagenten.com\/da\/wp-json\/wp\/v2\/media\/133990"}],"wp:attachment":[{"href":"https:\/\/stylingagenten.com\/da\/wp-json\/wp\/v2\/media?parent=133993"}],"wp:term":[{"taxonomy":"product_brand","embeddable":true,"href":"https:\/\/stylingagenten.com\/da\/wp-json\/wp\/v2\/product_brand?post=133993"},{"taxonomy":"product_cat","embeddable":true,"href":"https:\/\/stylingagenten.com\/da\/wp-json\/wp\/v2\/product_cat?post=133993"},{"taxonomy":"product_tag","embeddable":true,"href":"https:\/\/stylingagenten.com\/da\/wp-json\/wp\/v2\/product_tag?post=133993"},{"taxonomy":"berocket_brand","embeddable":true,"href":"https:\/\/stylingagenten.com\/da\/wp-json\/wp\/v2\/berocket_brand?post=133993"}],"curies":[{"name":"wp","href":"https:\/\/api.w.org\/{rel}","templated":true}]}}