{"id":133932,"date":"2025-05-18T22:32:17","date_gmt":"2025-05-18T22:32:17","guid":{"rendered":"https:\/\/staging2.stylingagenten.com\/da\/produkt\/beauty-uk-speed-dry-basecoat\/"},"modified":"2026-03-15T17:27:47","modified_gmt":"2026-03-15T17:27:47","slug":"beauty-uk-speed-dry-basecoat","status":"publish","type":"product","link":"https:\/\/stylingagenten.com\/da\/produkt\/beauty-uk-speed-dry-basecoat\/","title":{"rendered":"Beauty UK Speed Dry Basecoat"},"content":{"rendered":"<p>Beauty UK Speed \u200b\u200b\u200b\u200bDry Basecoat er en hurtigt\u00f8rrende formel, der udj\u00e6vner ufuldkommenheder f\u00f8r p\u00e5f\u00f8ring af neglelak. Den indeholder ogs\u00e5 UV-filtre for at forhindre misfarvning og sk\u00e5r.<\/p>\n","protected":false},"excerpt":{"rendered":"<p>Beauty UK Speed \u200b\u200b\u200b\u200bDry Basecoat er en hurtigt\u00f8rrende formel, der udj\u00e6vner ufuldkommenheder f\u00f8r p\u00e5f\u00f8ring af neglelak. Den indeholder ogs\u00e5 UV-filtre for at forhindre misfarvning og sk\u00e5r.<\/p>\n","protected":false},"featured_media":133931,"comment_status":"open","ping_status":"closed","template":"","meta":{"_trash_the_other_posts":false},"product_brand":[],"product_cat":[569],"product_tag":[],"berocket_brand":[1059],"class_list":{"0":"post-133932","1":"product","2":"type-product","3":"status-publish","4":"has-post-thumbnail","6":"product_cat-neglelak","7":"pa_brand-beautyuk","8":"berocket_brand-beautyuk","10":"first","11":"instock","12":"sale","13":"taxable","14":"shipping-taxable","15":"purchasable","16":"product-type-simple"},"_links":{"self":[{"href":"https:\/\/stylingagenten.com\/da\/wp-json\/wp\/v2\/product\/133932","targetHints":{"allow":["GET"]}}],"collection":[{"href":"https:\/\/stylingagenten.com\/da\/wp-json\/wp\/v2\/product"}],"about":[{"href":"https:\/\/stylingagenten.com\/da\/wp-json\/wp\/v2\/types\/product"}],"replies":[{"embeddable":true,"href":"https:\/\/stylingagenten.com\/da\/wp-json\/wp\/v2\/comments?post=133932"}],"version-history":[{"count":0,"href":"https:\/\/stylingagenten.com\/da\/wp-json\/wp\/v2\/product\/133932\/revisions"}],"wp:featuredmedia":[{"embeddable":true,"href":"https:\/\/stylingagenten.com\/da\/wp-json\/wp\/v2\/media\/133931"}],"wp:attachment":[{"href":"https:\/\/stylingagenten.com\/da\/wp-json\/wp\/v2\/media?parent=133932"}],"wp:term":[{"taxonomy":"product_brand","embeddable":true,"href":"https:\/\/stylingagenten.com\/da\/wp-json\/wp\/v2\/product_brand?post=133932"},{"taxonomy":"product_cat","embeddable":true,"href":"https:\/\/stylingagenten.com\/da\/wp-json\/wp\/v2\/product_cat?post=133932"},{"taxonomy":"product_tag","embeddable":true,"href":"https:\/\/stylingagenten.com\/da\/wp-json\/wp\/v2\/product_tag?post=133932"},{"taxonomy":"berocket_brand","embeddable":true,"href":"https:\/\/stylingagenten.com\/da\/wp-json\/wp\/v2\/berocket_brand?post=133932"}],"curies":[{"name":"wp","href":"https:\/\/api.w.org\/{rel}","templated":true}]}}