{"id":133821,"date":"2025-05-18T22:31:56","date_gmt":"2025-05-18T22:31:56","guid":{"rendered":"https:\/\/staging2.stylingagenten.com\/da\/produkt\/beauty-uk-neon-nail-polish-blue\/"},"modified":"2026-04-08T17:28:41","modified_gmt":"2026-04-08T17:28:41","slug":"beauty-uk-neon-nail-polish-blue","status":"publish","type":"product","link":"https:\/\/stylingagenten.com\/da\/produkt\/beauty-uk-neon-nail-polish-blue\/","title":{"rendered":"Beauty UK Neon Nail Polish &#8211; Blue"},"content":{"rendered":"<p>Skab et sp\u00e6ndende look med disse splinternye neon-neglelakker. F\u00e5s i otte dristige og klare farver.<\/p>\n<p>Fra str\u00e5lende gul til bl\u00e6ndende gr\u00f8n. Disse str\u00e5lende farver lyser under UV-lys. Perfekt til at lyse op hver dag!<\/p>\n<p>Indhold: 9 ml&nbsp;<\/p>\n<p>Veganisk<\/p>\n","protected":false},"excerpt":{"rendered":"<p>Skab et sp\u00e6ndende look med disse splinternye neon-neglelakker. F\u00e5s i otte dristige og klare farver. Fra str\u00e5lende gul til bl\u00e6ndende gr\u00f8n. Disse str\u00e5lende farver lyser under UV-lys. Perfekt til at lyse op hver dag! Indhold: 9 ml&nbsp; Veganisk<\/p>\n","protected":false},"featured_media":133818,"comment_status":"open","ping_status":"closed","template":"","meta":{"_trash_the_other_posts":false},"product_brand":[],"product_cat":[569],"product_tag":[2515],"berocket_brand":[1059],"class_list":{"0":"post-133821","1":"product","2":"type-product","3":"status-publish","4":"has-post-thumbnail","6":"product_cat-neglelak","7":"product_tag-beauty-uk-neon-nail-polish","8":"pa_brand-beautyuk","9":"pa_variant-blue","10":"berocket_brand-beautyuk","12":"first","13":"instock","14":"sale","15":"taxable","16":"shipping-taxable","17":"purchasable","18":"product-type-simple"},"_links":{"self":[{"href":"https:\/\/stylingagenten.com\/da\/wp-json\/wp\/v2\/product\/133821","targetHints":{"allow":["GET"]}}],"collection":[{"href":"https:\/\/stylingagenten.com\/da\/wp-json\/wp\/v2\/product"}],"about":[{"href":"https:\/\/stylingagenten.com\/da\/wp-json\/wp\/v2\/types\/product"}],"replies":[{"embeddable":true,"href":"https:\/\/stylingagenten.com\/da\/wp-json\/wp\/v2\/comments?post=133821"}],"version-history":[{"count":0,"href":"https:\/\/stylingagenten.com\/da\/wp-json\/wp\/v2\/product\/133821\/revisions"}],"wp:featuredmedia":[{"embeddable":true,"href":"https:\/\/stylingagenten.com\/da\/wp-json\/wp\/v2\/media\/133818"}],"wp:attachment":[{"href":"https:\/\/stylingagenten.com\/da\/wp-json\/wp\/v2\/media?parent=133821"}],"wp:term":[{"taxonomy":"product_brand","embeddable":true,"href":"https:\/\/stylingagenten.com\/da\/wp-json\/wp\/v2\/product_brand?post=133821"},{"taxonomy":"product_cat","embeddable":true,"href":"https:\/\/stylingagenten.com\/da\/wp-json\/wp\/v2\/product_cat?post=133821"},{"taxonomy":"product_tag","embeddable":true,"href":"https:\/\/stylingagenten.com\/da\/wp-json\/wp\/v2\/product_tag?post=133821"},{"taxonomy":"berocket_brand","embeddable":true,"href":"https:\/\/stylingagenten.com\/da\/wp-json\/wp\/v2\/berocket_brand?post=133821"}],"curies":[{"name":"wp","href":"https:\/\/api.w.org\/{rel}","templated":true}]}}