{"id":133627,"date":"2025-05-18T22:31:20","date_gmt":"2025-05-18T22:31:20","guid":{"rendered":"https:\/\/staging2.stylingagenten.com\/da\/produkt\/beauty-uk-nails-no-19-cherry-bomb-9ml\/"},"modified":"2025-12-29T15:05:32","modified_gmt":"2025-12-29T15:05:32","slug":"beauty-uk-nails-no-19-cherry-bomb-9ml","status":"publish","type":"product","link":"https:\/\/stylingagenten.com\/da\/produkt\/beauty-uk-nails-no-19-cherry-bomb-9ml\/","title":{"rendered":"Beauty UK Nails no.19 &#8211; Cherry Bomb 9ml"},"content":{"rendered":"<p>Beauty UK Nails no.7 &#8211; Cherry Bomb er en hurtigtt\u00f8rrende, langtidsholdbar, h\u00f8jglans neglelak.<br \/>Denne fantastiske all-round formel er udviklet til at tilbyde den perfekte balance mellem d\u00e6kning, farve , glans og slid. Hver nuance er nem at p\u00e5f\u00f8re og giver intens d\u00e6kning, der holder i dagevis uden at falme eller sk\u00e5r.<\/p>\n<p>Indhold: 9 ml<\/p><\/p>\n","protected":false},"excerpt":{"rendered":"<p>Beauty UK Nails no.7 &#8211; Cherry Bomb er en hurtigtt\u00f8rrende, langtidsholdbar, h\u00f8jglans neglelak.Denne fantastiske all-round formel er udviklet til at tilbyde den perfekte balance mellem d\u00e6kning, farve , glans og slid. Hver nuance er nem at p\u00e5f\u00f8re og giver intens d\u00e6kning, der holder i dagevis uden at falme eller sk\u00e5r. Indhold: 9 ml<\/p>\n","protected":false},"featured_media":133624,"comment_status":"open","ping_status":"closed","template":"","meta":{"_trash_the_other_posts":false},"product_brand":[],"product_cat":[569],"product_tag":[2484],"berocket_brand":[1059],"class_list":{"0":"post-133627","1":"product","2":"type-product","3":"status-publish","4":"has-post-thumbnail","6":"product_cat-neglelak","7":"product_tag-beauty-uk-nail-polish","8":"pa_brand-beautyuk","9":"pa_variant-no-19-cherry-bomb","10":"berocket_brand-beautyuk","12":"first","13":"instock","14":"sale","15":"taxable","16":"shipping-taxable","17":"purchasable","18":"product-type-simple"},"_links":{"self":[{"href":"https:\/\/stylingagenten.com\/da\/wp-json\/wp\/v2\/product\/133627","targetHints":{"allow":["GET"]}}],"collection":[{"href":"https:\/\/stylingagenten.com\/da\/wp-json\/wp\/v2\/product"}],"about":[{"href":"https:\/\/stylingagenten.com\/da\/wp-json\/wp\/v2\/types\/product"}],"replies":[{"embeddable":true,"href":"https:\/\/stylingagenten.com\/da\/wp-json\/wp\/v2\/comments?post=133627"}],"version-history":[{"count":0,"href":"https:\/\/stylingagenten.com\/da\/wp-json\/wp\/v2\/product\/133627\/revisions"}],"wp:featuredmedia":[{"embeddable":true,"href":"https:\/\/stylingagenten.com\/da\/wp-json\/wp\/v2\/media\/133624"}],"wp:attachment":[{"href":"https:\/\/stylingagenten.com\/da\/wp-json\/wp\/v2\/media?parent=133627"}],"wp:term":[{"taxonomy":"product_brand","embeddable":true,"href":"https:\/\/stylingagenten.com\/da\/wp-json\/wp\/v2\/product_brand?post=133627"},{"taxonomy":"product_cat","embeddable":true,"href":"https:\/\/stylingagenten.com\/da\/wp-json\/wp\/v2\/product_cat?post=133627"},{"taxonomy":"product_tag","embeddable":true,"href":"https:\/\/stylingagenten.com\/da\/wp-json\/wp\/v2\/product_tag?post=133627"},{"taxonomy":"berocket_brand","embeddable":true,"href":"https:\/\/stylingagenten.com\/da\/wp-json\/wp\/v2\/berocket_brand?post=133627"}],"curies":[{"name":"wp","href":"https:\/\/api.w.org\/{rel}","templated":true}]}}