{"id":133320,"date":"2025-05-18T22:30:17","date_gmt":"2025-05-18T22:30:17","guid":{"rendered":"https:\/\/staging2.stylingagenten.com\/da\/produkt\/sally-hansen-miracle-gel-904-online-shop-bling\/"},"modified":"2026-03-10T15:47:44","modified_gmt":"2026-03-10T15:47:44","slug":"sally-hansen-miracle-gel-904-online-shop-bling","status":"publish","type":"product","link":"https:\/\/stylingagenten.com\/da\/produkt\/sally-hansen-miracle-gel-904-online-shop-bling\/","title":{"rendered":"Sally Hansen Miracle Gel #904 Online Shop Bling"},"content":{"rendered":"<p>Sally Hansen er verdensledende inden for neglelakinnovation, og deres nye patenterede Miracle Gel er den f\u00f8rste manicure, der kombinerer almindelig neglelak med h\u00f8jteknologisk gel. Miracle Gels patenterede teknologi giver l\u00e6ngere holdbarhed og kr\u00e6ver ikke en UV-lampe.<\/p>\n<p>1 S\u00f8rg for, at neglene er rene og t\u00f8rre.<br \/>2 Brug neglelakfjerner til at t\u00f8rre eventuelle rester af p\u00e5 neglen. <br \/>3 P\u00e5f\u00f8r 2 lag Miracle Gel Color.<br \/>4 Lad farven t\u00f8rre i 5 minutter.<br \/>5 P\u00e5f\u00f8r et lag Miracle Gel Top Coat.<\/p>\n<p>Fjernes nemt med almindelig neglelakfjerner .<\/p>\n","protected":false},"excerpt":{"rendered":"<p>Sally Hansen er verdensledende inden for neglelakinnovation, og deres nye patenterede Miracle Gel er den f\u00f8rste manicure, der kombinerer almindelig neglelak med h\u00f8jteknologisk gel. Miracle Gels patenterede teknologi giver l\u00e6ngere holdbarhed og kr\u00e6ver ikke en UV-lampe. 1 S\u00f8rg for, at neglene er rene og t\u00f8rre.2 Brug neglelakfjerner til at t\u00f8rre eventuelle rester af p\u00e5 neglen. [&hellip;]<\/p>\n","protected":false},"featured_media":133307,"comment_status":"open","ping_status":"closed","template":"","meta":{"_trash_the_other_posts":false},"product_brand":[],"product_cat":[569],"product_tag":[3966],"berocket_brand":[1155],"class_list":{"0":"post-133320","1":"product","2":"type-product","3":"status-publish","4":"has-post-thumbnail","6":"product_cat-neglelak","7":"product_tag-sally-hansen-miracle-gel","8":"pa_brand-sally-hansen","9":"pa_variant-904-online-shop-bling","10":"berocket_brand-sally-hansen","12":"first","13":"instock","14":"sale","15":"taxable","16":"shipping-taxable","17":"purchasable","18":"product-type-simple"},"_links":{"self":[{"href":"https:\/\/stylingagenten.com\/da\/wp-json\/wp\/v2\/product\/133320","targetHints":{"allow":["GET"]}}],"collection":[{"href":"https:\/\/stylingagenten.com\/da\/wp-json\/wp\/v2\/product"}],"about":[{"href":"https:\/\/stylingagenten.com\/da\/wp-json\/wp\/v2\/types\/product"}],"replies":[{"embeddable":true,"href":"https:\/\/stylingagenten.com\/da\/wp-json\/wp\/v2\/comments?post=133320"}],"version-history":[{"count":0,"href":"https:\/\/stylingagenten.com\/da\/wp-json\/wp\/v2\/product\/133320\/revisions"}],"wp:featuredmedia":[{"embeddable":true,"href":"https:\/\/stylingagenten.com\/da\/wp-json\/wp\/v2\/media\/133307"}],"wp:attachment":[{"href":"https:\/\/stylingagenten.com\/da\/wp-json\/wp\/v2\/media?parent=133320"}],"wp:term":[{"taxonomy":"product_brand","embeddable":true,"href":"https:\/\/stylingagenten.com\/da\/wp-json\/wp\/v2\/product_brand?post=133320"},{"taxonomy":"product_cat","embeddable":true,"href":"https:\/\/stylingagenten.com\/da\/wp-json\/wp\/v2\/product_cat?post=133320"},{"taxonomy":"product_tag","embeddable":true,"href":"https:\/\/stylingagenten.com\/da\/wp-json\/wp\/v2\/product_tag?post=133320"},{"taxonomy":"berocket_brand","embeddable":true,"href":"https:\/\/stylingagenten.com\/da\/wp-json\/wp\/v2\/berocket_brand?post=133320"}],"curies":[{"name":"wp","href":"https:\/\/api.w.org\/{rel}","templated":true}]}}