{"id":132974,"date":"2025-05-18T22:29:15","date_gmt":"2025-05-18T22:29:15","guid":{"rendered":"https:\/\/staging2.stylingagenten.com\/da\/produkt\/sally-hansen-color-therapy-141-slate-escape\/"},"modified":"2026-04-07T06:25:31","modified_gmt":"2026-04-07T06:25:31","slug":"sally-hansen-color-therapy-141-slate-escape","status":"publish","type":"product","link":"https:\/\/stylingagenten.com\/da\/produkt\/sally-hansen-color-therapy-141-slate-escape\/","title":{"rendered":"Sally Hansen Color Therapy #141 Slate Escape"},"content":{"rendered":"<p>Sally Hansen Therapy Nail Polish Slate Escape 14,7 ml<br \/>Opn\u00e5 en salonv\u00e6rdig manicure derhjemme med Sally Hansen Color Therapy\u2122 Neglelak, en hurtigt\u00f8rrende formel, der let glider p\u00e5 neglen for en professionel finish.<br \/>Neglen lak er beriget med arganolie, der plejer neglene og giver dem et sundt look. Farven hverken flager eller falmer, og holder i op til ti dage. Leveres med en pr\u00e6cisionsb\u00f8rste til kontrolleret, pr\u00e6cis p\u00e5f\u00f8ring.<\/p>\n","protected":false},"excerpt":{"rendered":"<p>Sally Hansen Therapy Nail Polish Slate Escape 14,7 mlOpn\u00e5 en salonv\u00e6rdig manicure derhjemme med Sally Hansen Color Therapy\u2122 Neglelak, en hurtigt\u00f8rrende formel, der let glider p\u00e5 neglen for en professionel finish.Neglen lak er beriget med arganolie, der plejer neglene og giver dem et sundt look. Farven hverken flager eller falmer, og holder i op til [&hellip;]<\/p>\n","protected":false},"featured_media":132960,"comment_status":"open","ping_status":"closed","template":"","meta":{"_trash_the_other_posts":false},"product_brand":[],"product_cat":[569],"product_tag":[3964],"berocket_brand":[1155],"class_list":{"0":"post-132974","1":"product","2":"type-product","3":"status-publish","4":"has-post-thumbnail","6":"product_cat-neglelak","7":"product_tag-sally-hansen-color-therapy","8":"pa_brand-sally-hansen","9":"pa_variant-141-slate-escape","10":"berocket_brand-sally-hansen","12":"first","13":"instock","14":"sale","15":"taxable","16":"shipping-taxable","17":"purchasable","18":"product-type-simple"},"_links":{"self":[{"href":"https:\/\/stylingagenten.com\/da\/wp-json\/wp\/v2\/product\/132974","targetHints":{"allow":["GET"]}}],"collection":[{"href":"https:\/\/stylingagenten.com\/da\/wp-json\/wp\/v2\/product"}],"about":[{"href":"https:\/\/stylingagenten.com\/da\/wp-json\/wp\/v2\/types\/product"}],"replies":[{"embeddable":true,"href":"https:\/\/stylingagenten.com\/da\/wp-json\/wp\/v2\/comments?post=132974"}],"version-history":[{"count":0,"href":"https:\/\/stylingagenten.com\/da\/wp-json\/wp\/v2\/product\/132974\/revisions"}],"wp:featuredmedia":[{"embeddable":true,"href":"https:\/\/stylingagenten.com\/da\/wp-json\/wp\/v2\/media\/132960"}],"wp:attachment":[{"href":"https:\/\/stylingagenten.com\/da\/wp-json\/wp\/v2\/media?parent=132974"}],"wp:term":[{"taxonomy":"product_brand","embeddable":true,"href":"https:\/\/stylingagenten.com\/da\/wp-json\/wp\/v2\/product_brand?post=132974"},{"taxonomy":"product_cat","embeddable":true,"href":"https:\/\/stylingagenten.com\/da\/wp-json\/wp\/v2\/product_cat?post=132974"},{"taxonomy":"product_tag","embeddable":true,"href":"https:\/\/stylingagenten.com\/da\/wp-json\/wp\/v2\/product_tag?post=132974"},{"taxonomy":"berocket_brand","embeddable":true,"href":"https:\/\/stylingagenten.com\/da\/wp-json\/wp\/v2\/berocket_brand?post=132974"}],"curies":[{"name":"wp","href":"https:\/\/api.w.org\/{rel}","templated":true}]}}