{"id":132931,"date":"2025-05-18T22:29:09","date_gmt":"2025-05-18T22:29:09","guid":{"rendered":"https:\/\/staging2.stylingagenten.com\/da\/produkt\/sally-hansen-miracle-gel-690-tipsy-gypsy\/"},"modified":"2026-04-06T09:21:32","modified_gmt":"2026-04-06T09:21:32","slug":"sally-hansen-miracle-gel-690-tipsy-gypsy","status":"publish","type":"product","link":"https:\/\/stylingagenten.com\/da\/produkt\/sally-hansen-miracle-gel-690-tipsy-gypsy\/","title":{"rendered":"Sally Hansen Miracle Gel #690 Tipsy Gypsy"},"content":{"rendered":"<p>Sally Hansen Miracle Gel #690 Tipsy Gypsy <br \/>er en banebrydende innovation inden for neglelak og manicure. Neglelakken h\u00e6rder uden UV- eller LED-lampe og er den f\u00f8rste del af en to-trins manicure. Miracle Gel giver en holdbar, slidst\u00e6rk og blank farve, der holder i op til 14 dage. Det bedste af det hele er, at lakken er hurtig og nem at fjerne med almindelig neglelakfjerner.<br \/>Fordele:<br \/>\u2022Farven holder op til 14 dage.<br \/>\u2022Lige s\u00e5 nem at fjerne som almindelig neglelak.<\/p>\n","protected":false},"excerpt":{"rendered":"<p>Sally Hansen Miracle Gel #690 Tipsy Gypsy er en banebrydende innovation inden for neglelak og manicure. Neglelakken h\u00e6rder uden UV- eller LED-lampe og er den f\u00f8rste del af en to-trins manicure. Miracle Gel giver en holdbar, slidst\u00e6rk og blank farve, der holder i op til 14 dage. Det bedste af det hele er, at lakken [&hellip;]<\/p>\n","protected":false},"featured_media":132918,"comment_status":"open","ping_status":"closed","template":"","meta":{"_trash_the_other_posts":false},"product_brand":[],"product_cat":[569],"product_tag":[3966],"berocket_brand":[1155],"class_list":{"0":"post-132931","1":"product","2":"type-product","3":"status-publish","4":"has-post-thumbnail","6":"product_cat-neglelak","7":"product_tag-sally-hansen-miracle-gel","8":"pa_brand-sally-hansen","9":"pa_variant-690-tipsy-gypsy","10":"berocket_brand-sally-hansen","12":"first","13":"instock","14":"sale","15":"taxable","16":"shipping-taxable","17":"purchasable","18":"product-type-simple"},"_links":{"self":[{"href":"https:\/\/stylingagenten.com\/da\/wp-json\/wp\/v2\/product\/132931","targetHints":{"allow":["GET"]}}],"collection":[{"href":"https:\/\/stylingagenten.com\/da\/wp-json\/wp\/v2\/product"}],"about":[{"href":"https:\/\/stylingagenten.com\/da\/wp-json\/wp\/v2\/types\/product"}],"replies":[{"embeddable":true,"href":"https:\/\/stylingagenten.com\/da\/wp-json\/wp\/v2\/comments?post=132931"}],"version-history":[{"count":0,"href":"https:\/\/stylingagenten.com\/da\/wp-json\/wp\/v2\/product\/132931\/revisions"}],"wp:featuredmedia":[{"embeddable":true,"href":"https:\/\/stylingagenten.com\/da\/wp-json\/wp\/v2\/media\/132918"}],"wp:attachment":[{"href":"https:\/\/stylingagenten.com\/da\/wp-json\/wp\/v2\/media?parent=132931"}],"wp:term":[{"taxonomy":"product_brand","embeddable":true,"href":"https:\/\/stylingagenten.com\/da\/wp-json\/wp\/v2\/product_brand?post=132931"},{"taxonomy":"product_cat","embeddable":true,"href":"https:\/\/stylingagenten.com\/da\/wp-json\/wp\/v2\/product_cat?post=132931"},{"taxonomy":"product_tag","embeddable":true,"href":"https:\/\/stylingagenten.com\/da\/wp-json\/wp\/v2\/product_tag?post=132931"},{"taxonomy":"berocket_brand","embeddable":true,"href":"https:\/\/stylingagenten.com\/da\/wp-json\/wp\/v2\/berocket_brand?post=132931"}],"curies":[{"name":"wp","href":"https:\/\/api.w.org\/{rel}","templated":true}]}}