{"id":132917,"date":"2025-05-18T22:29:08","date_gmt":"2025-05-18T22:29:08","guid":{"rendered":"https:\/\/staging2.stylingagenten.com\/da\/produkt\/sally-hansen-miracle-gel-292-rain-glow\/"},"modified":"2026-03-30T07:20:28","modified_gmt":"2026-03-30T07:20:28","slug":"sally-hansen-miracle-gel-292-rain-glow","status":"publish","type":"product","link":"https:\/\/stylingagenten.com\/da\/produkt\/sally-hansen-miracle-gel-292-rain-glow\/","title":{"rendered":"Sally Hansen Miracle Gel #292 Rain Glow"},"content":{"rendered":"<p>Sally Hansen Miracle Gel #292 Rain Glow<br \/>er en banebrydende innovation inden for neglelak og manicure. Neglelakken h\u00e6rder uden UV- eller LED-lampe og er den f\u00f8rste del af en to-trins manicure. Miracle Gel giver en holdbar, slidst\u00e6rk og blank farve, der holder i op til 14 dage. Det bedste af det hele er, at lakken er hurtig og nem at fjerne med almindelig neglelakfjerner.<br \/>Fordele:<br \/>\u2022Farven holder op til 14 dage.<br \/>\u2022Lige s\u00e5 nem at fjerne som almindelig neglelak.<\/p>\n","protected":false},"excerpt":{"rendered":"<p>Sally Hansen Miracle Gel #292 Rain Glower en banebrydende innovation inden for neglelak og manicure. Neglelakken h\u00e6rder uden UV- eller LED-lampe og er den f\u00f8rste del af en to-trins manicure. Miracle Gel giver en holdbar, slidst\u00e6rk og blank farve, der holder i op til 14 dage. Det bedste af det hele er, at lakken er [&hellip;]<\/p>\n","protected":false},"featured_media":132908,"comment_status":"open","ping_status":"closed","template":"","meta":{"_trash_the_other_posts":false},"product_brand":[],"product_cat":[569],"product_tag":[3966],"berocket_brand":[1155],"class_list":{"0":"post-132917","1":"product","2":"type-product","3":"status-publish","4":"has-post-thumbnail","6":"product_cat-neglelak","7":"product_tag-sally-hansen-miracle-gel","8":"pa_brand-sally-hansen","9":"pa_variant-292-rain-glow","10":"berocket_brand-sally-hansen","12":"first","13":"instock","14":"sale","15":"taxable","16":"shipping-taxable","17":"purchasable","18":"product-type-simple"},"_links":{"self":[{"href":"https:\/\/stylingagenten.com\/da\/wp-json\/wp\/v2\/product\/132917","targetHints":{"allow":["GET"]}}],"collection":[{"href":"https:\/\/stylingagenten.com\/da\/wp-json\/wp\/v2\/product"}],"about":[{"href":"https:\/\/stylingagenten.com\/da\/wp-json\/wp\/v2\/types\/product"}],"replies":[{"embeddable":true,"href":"https:\/\/stylingagenten.com\/da\/wp-json\/wp\/v2\/comments?post=132917"}],"version-history":[{"count":0,"href":"https:\/\/stylingagenten.com\/da\/wp-json\/wp\/v2\/product\/132917\/revisions"}],"wp:featuredmedia":[{"embeddable":true,"href":"https:\/\/stylingagenten.com\/da\/wp-json\/wp\/v2\/media\/132908"}],"wp:attachment":[{"href":"https:\/\/stylingagenten.com\/da\/wp-json\/wp\/v2\/media?parent=132917"}],"wp:term":[{"taxonomy":"product_brand","embeddable":true,"href":"https:\/\/stylingagenten.com\/da\/wp-json\/wp\/v2\/product_brand?post=132917"},{"taxonomy":"product_cat","embeddable":true,"href":"https:\/\/stylingagenten.com\/da\/wp-json\/wp\/v2\/product_cat?post=132917"},{"taxonomy":"product_tag","embeddable":true,"href":"https:\/\/stylingagenten.com\/da\/wp-json\/wp\/v2\/product_tag?post=132917"},{"taxonomy":"berocket_brand","embeddable":true,"href":"https:\/\/stylingagenten.com\/da\/wp-json\/wp\/v2\/berocket_brand?post=132917"}],"curies":[{"name":"wp","href":"https:\/\/api.w.org\/{rel}","templated":true}]}}