{"id":132851,"date":"2025-05-18T22:28:59","date_gmt":"2025-05-18T22:28:59","guid":{"rendered":"https:\/\/staging2.stylingagenten.com\/da\/produkt\/max-factor-2000-calorie-curl-addict-mascara\/"},"modified":"2025-11-19T11:07:50","modified_gmt":"2025-11-19T11:07:50","slug":"max-factor-2000-calorie-curl-addict-mascara","status":"publish","type":"product","link":"https:\/\/stylingagenten.com\/da\/produkt\/max-factor-2000-calorie-curl-addict-mascara\/","title":{"rendered":"Max Factor 2000 Calorie Curl Addict Mascara"},"content":{"rendered":"<p>Denne dejlige mascara fra Max Factor g\u00f8r, hvad mange andre mascaraer ikke kan; giver dig b\u00e5de flotte kurver og volumen p\u00e5 den samme tid! <br \/>2000 Calorie Curl Addict Mascara har en buet b\u00f8rste, der p\u00e5f\u00f8rer den lette formel fra r\u00f8dderne for perfekt kr\u00f8llede vipper, der bevarer deres form og volumen hele dagen lang. ;ng uden at blive tynget.<\/p>\n","protected":false},"excerpt":{"rendered":"<p>Denne dejlige mascara fra Max Factor g\u00f8r, hvad mange andre mascaraer ikke kan; giver dig b\u00e5de flotte kurver og volumen p\u00e5 den samme tid! 2000 Calorie Curl Addict Mascara har en buet b\u00f8rste, der p\u00e5f\u00f8rer den lette formel fra r\u00f8dderne for perfekt kr\u00f8llede vipper, der bevarer deres form og volumen hele dagen lang. ;ng uden [&hellip;]<\/p>\n","protected":false},"featured_media":132838,"comment_status":"open","ping_status":"closed","template":"","meta":{"_trash_the_other_posts":false},"product_brand":[],"product_cat":[618],"product_tag":[],"berocket_brand":[1013],"class_list":{"0":"post-132851","1":"product","2":"type-product","3":"status-publish","4":"has-post-thumbnail","6":"product_cat-mascara","7":"pa_brand-max-factor","8":"berocket_brand-max-factor","10":"first","11":"outofstock","12":"sale","13":"taxable","14":"shipping-taxable","15":"purchasable","16":"product-type-simple"},"_links":{"self":[{"href":"https:\/\/stylingagenten.com\/da\/wp-json\/wp\/v2\/product\/132851","targetHints":{"allow":["GET"]}}],"collection":[{"href":"https:\/\/stylingagenten.com\/da\/wp-json\/wp\/v2\/product"}],"about":[{"href":"https:\/\/stylingagenten.com\/da\/wp-json\/wp\/v2\/types\/product"}],"replies":[{"embeddable":true,"href":"https:\/\/stylingagenten.com\/da\/wp-json\/wp\/v2\/comments?post=132851"}],"version-history":[{"count":0,"href":"https:\/\/stylingagenten.com\/da\/wp-json\/wp\/v2\/product\/132851\/revisions"}],"wp:featuredmedia":[{"embeddable":true,"href":"https:\/\/stylingagenten.com\/da\/wp-json\/wp\/v2\/media\/132838"}],"wp:attachment":[{"href":"https:\/\/stylingagenten.com\/da\/wp-json\/wp\/v2\/media?parent=132851"}],"wp:term":[{"taxonomy":"product_brand","embeddable":true,"href":"https:\/\/stylingagenten.com\/da\/wp-json\/wp\/v2\/product_brand?post=132851"},{"taxonomy":"product_cat","embeddable":true,"href":"https:\/\/stylingagenten.com\/da\/wp-json\/wp\/v2\/product_cat?post=132851"},{"taxonomy":"product_tag","embeddable":true,"href":"https:\/\/stylingagenten.com\/da\/wp-json\/wp\/v2\/product_tag?post=132851"},{"taxonomy":"berocket_brand","embeddable":true,"href":"https:\/\/stylingagenten.com\/da\/wp-json\/wp\/v2\/berocket_brand?post=132851"}],"curies":[{"name":"wp","href":"https:\/\/api.w.org\/{rel}","templated":true}]}}