{"id":132821,"date":"2025-05-18T22:28:54","date_gmt":"2025-05-18T22:28:54","guid":{"rendered":"https:\/\/staging2.stylingagenten.com\/da\/produkt\/max-factor-masterpiece-mascara-rich-black-45ml\/"},"modified":"2026-03-01T09:16:28","modified_gmt":"2026-03-01T09:16:28","slug":"max-factor-masterpiece-mascara-rich-black-45ml","status":"publish","type":"product","link":"https:\/\/stylingagenten.com\/da\/produkt\/max-factor-masterpiece-mascara-rich-black-45ml\/","title":{"rendered":"Max Factor Masterpiece Mascara Rich Black 4,5ml"},"content":{"rendered":"<p>Max Factor Masterpiece Mascara Rich Black definerer og adskiller dine vipper og giver den samme i\u00f8jnefaldende, professionelle effekt, som en makeupartist kunne skabe! Masterpieces h\u00f8jteknologiske iFX-b\u00f8rste d\u00e6kker alle vipper, selv de sv\u00e6re at n\u00e5. ved hj\u00f8rnerne. Resultatet er smukt indrammede \u00f8jne, der er op til fem gange mere effektive.<\/p>\n<p><strong>Brug:<\/strong> Et tip fra de professionelle: Vis din perfekte makeup frem med et flot lag Masterpiece Mascara p\u00e5 de \u00f8vre og nedre \u00f8jenvipper. Vores makeupartist siger: S\u00f8rg for at give \u00f8jenvipperne et j\u00e6vnt lag mascara, ogs\u00e5 de sm\u00e5; vipperne fra &ouml;gonvr&aring; til &ouml;gonvr&aring; og fra rod til top. Hemmeligheden ligger i penslen.<\/p>\n<p><strong>Farve:<\/strong> Sort<\/p>\n","protected":false},"excerpt":{"rendered":"<p>Max Factor Masterpiece Mascara Rich Black definerer og adskiller dine vipper og giver den samme i\u00f8jnefaldende, professionelle effekt, som en makeupartist kunne skabe! Masterpieces h\u00f8jteknologiske iFX-b\u00f8rste d\u00e6kker alle vipper, selv de sv\u00e6re at n\u00e5. ved hj\u00f8rnerne. Resultatet er smukt indrammede \u00f8jne, der er op til fem gange mere effektive. Brug: Et tip fra de professionelle: [&hellip;]<\/p>\n","protected":false},"featured_media":132819,"comment_status":"open","ping_status":"closed","template":"","meta":{"_trash_the_other_posts":false},"product_brand":[],"product_cat":[618],"product_tag":[],"berocket_brand":[1013],"class_list":{"0":"post-132821","1":"product","2":"type-product","3":"status-publish","4":"has-post-thumbnail","6":"product_cat-mascara","7":"pa_brand-max-factor","8":"berocket_brand-max-factor","10":"first","11":"instock","12":"sale","13":"taxable","14":"shipping-taxable","15":"purchasable","16":"product-type-simple"},"_links":{"self":[{"href":"https:\/\/stylingagenten.com\/da\/wp-json\/wp\/v2\/product\/132821","targetHints":{"allow":["GET"]}}],"collection":[{"href":"https:\/\/stylingagenten.com\/da\/wp-json\/wp\/v2\/product"}],"about":[{"href":"https:\/\/stylingagenten.com\/da\/wp-json\/wp\/v2\/types\/product"}],"replies":[{"embeddable":true,"href":"https:\/\/stylingagenten.com\/da\/wp-json\/wp\/v2\/comments?post=132821"}],"version-history":[{"count":0,"href":"https:\/\/stylingagenten.com\/da\/wp-json\/wp\/v2\/product\/132821\/revisions"}],"wp:featuredmedia":[{"embeddable":true,"href":"https:\/\/stylingagenten.com\/da\/wp-json\/wp\/v2\/media\/132819"}],"wp:attachment":[{"href":"https:\/\/stylingagenten.com\/da\/wp-json\/wp\/v2\/media?parent=132821"}],"wp:term":[{"taxonomy":"product_brand","embeddable":true,"href":"https:\/\/stylingagenten.com\/da\/wp-json\/wp\/v2\/product_brand?post=132821"},{"taxonomy":"product_cat","embeddable":true,"href":"https:\/\/stylingagenten.com\/da\/wp-json\/wp\/v2\/product_cat?post=132821"},{"taxonomy":"product_tag","embeddable":true,"href":"https:\/\/stylingagenten.com\/da\/wp-json\/wp\/v2\/product_tag?post=132821"},{"taxonomy":"berocket_brand","embeddable":true,"href":"https:\/\/stylingagenten.com\/da\/wp-json\/wp\/v2\/berocket_brand?post=132821"}],"curies":[{"name":"wp","href":"https:\/\/api.w.org\/{rel}","templated":true}]}}