{"id":132812,"date":"2025-05-18T22:28:53","date_gmt":"2025-05-18T22:28:53","guid":{"rendered":"https:\/\/staging2.stylingagenten.com\/da\/produkt\/maybelline-colossal-mascara-waterproof-black-10ml\/"},"modified":"2026-04-06T13:28:42","modified_gmt":"2026-04-06T13:28:42","slug":"maybelline-colossal-mascara-waterproof-black-10ml","status":"publish","type":"product","link":"https:\/\/stylingagenten.com\/da\/produkt\/maybelline-colossal-mascara-waterproof-black-10ml\/","title":{"rendered":"Maybelline Colossal Mascara Waterproof Black 10ml"},"content":{"rendered":"<p>Collagenformel og en unik megab\u00f8rste, der giver dine vipper maksimal volumen.<\/p>\n<p>Volume mascara, der indeholder kollagen og opbygger volumen fra bunden. Den unikke megab\u00f8rste bygger vippe for vippe uden at efterlade klumper. Slutresultatet er et dramatisk look.<\/p>\n<p>Anvendelse: Zigzag mascarab\u00f8rsten t\u00e6ttest p\u00e5 panden og form derefter de indre vipper indad, de midterste vipper opad og de ydre vipper udad. Dette g\u00f8r vippekanten bredere, og det ser ud til, at du har flere vipper.<\/p>\n<p>Farve: Sort<\/p>\n<p>10 ml<\/p>\n","protected":false},"excerpt":{"rendered":"<p>Collagenformel og en unik megab\u00f8rste, der giver dine vipper maksimal volumen. Volume mascara, der indeholder kollagen og opbygger volumen fra bunden. Den unikke megab\u00f8rste bygger vippe for vippe uden at efterlade klumper. Slutresultatet er et dramatisk look. Anvendelse: Zigzag mascarab\u00f8rsten t\u00e6ttest p\u00e5 panden og form derefter de indre vipper indad, de midterste vipper opad og [&hellip;]<\/p>\n","protected":false},"featured_media":132810,"comment_status":"open","ping_status":"closed","template":"","meta":{"_trash_the_other_posts":false},"product_brand":[],"product_cat":[618],"product_tag":[],"berocket_brand":[1016],"class_list":{"0":"post-132812","1":"product","2":"type-product","3":"status-publish","4":"has-post-thumbnail","6":"product_cat-mascara","7":"pa_brand-maybelline","8":"berocket_brand-maybelline","10":"first","11":"instock","12":"sale","13":"taxable","14":"shipping-taxable","15":"purchasable","16":"product-type-simple"},"_links":{"self":[{"href":"https:\/\/stylingagenten.com\/da\/wp-json\/wp\/v2\/product\/132812","targetHints":{"allow":["GET"]}}],"collection":[{"href":"https:\/\/stylingagenten.com\/da\/wp-json\/wp\/v2\/product"}],"about":[{"href":"https:\/\/stylingagenten.com\/da\/wp-json\/wp\/v2\/types\/product"}],"replies":[{"embeddable":true,"href":"https:\/\/stylingagenten.com\/da\/wp-json\/wp\/v2\/comments?post=132812"}],"version-history":[{"count":0,"href":"https:\/\/stylingagenten.com\/da\/wp-json\/wp\/v2\/product\/132812\/revisions"}],"wp:featuredmedia":[{"embeddable":true,"href":"https:\/\/stylingagenten.com\/da\/wp-json\/wp\/v2\/media\/132810"}],"wp:attachment":[{"href":"https:\/\/stylingagenten.com\/da\/wp-json\/wp\/v2\/media?parent=132812"}],"wp:term":[{"taxonomy":"product_brand","embeddable":true,"href":"https:\/\/stylingagenten.com\/da\/wp-json\/wp\/v2\/product_brand?post=132812"},{"taxonomy":"product_cat","embeddable":true,"href":"https:\/\/stylingagenten.com\/da\/wp-json\/wp\/v2\/product_cat?post=132812"},{"taxonomy":"product_tag","embeddable":true,"href":"https:\/\/stylingagenten.com\/da\/wp-json\/wp\/v2\/product_tag?post=132812"},{"taxonomy":"berocket_brand","embeddable":true,"href":"https:\/\/stylingagenten.com\/da\/wp-json\/wp\/v2\/berocket_brand?post=132812"}],"curies":[{"name":"wp","href":"https:\/\/api.w.org\/{rel}","templated":true}]}}