{"id":132809,"date":"2025-05-18T22:28:53","date_gmt":"2025-05-18T22:28:53","guid":{"rendered":"https:\/\/staging2.stylingagenten.com\/da\/produkt\/lancome-hypnose-doll-eyes-mascara-01-so-black-65ml\/"},"modified":"2025-11-19T10:37:59","modified_gmt":"2025-11-19T10:37:59","slug":"lancome-hypnose-doll-eyes-mascara-01-so-black-65ml","status":"publish","type":"product","link":"https:\/\/stylingagenten.com\/da\/produkt\/lancome-hypnose-doll-eyes-mascara-01-so-black-65ml\/","title":{"rendered":"Lancome Hypnose Doll Eyes Mascara 01 So Black 6,5ml"},"content":{"rendered":"<p>Lancome Hypnose Doll Eyes Mascara har hentet inspiration fra enhver ung piges dr\u00f8m om lange, tykke og adskilte vipper. Simpelthen rigtige hunde\u00f8jenvipper! Takket v\u00e6re mascaraens fantastiske b\u00f8rste og den nye formel lever den op til forventningerne og giver \u00f8jet et smukt og intenst look. For en behagelig p\u00e5f\u00f8ring er mascaraen beriget med en &#8220;fiber shine&#8221; formel, der giver vipperne ekstra glans. Formlen indeholder b\u00e5de bl\u00f8d og h\u00e5rd voks. Den ene opbygger volumen og den anden skaber den perfekte kurve p\u00e5 vipperne. Endelig sikrer &#8220;ultrastritch&#8221;-komplekset med yderligere polymerer, at vipperne straks f\u00e5r en f\u00f8lelse af naturlige vipper. Resultatet er imponerende!<\/p>\n<p><strong>Farve:<\/strong> Sort<\/p>\n","protected":false},"excerpt":{"rendered":"<p>Lancome Hypnose Doll Eyes Mascara har hentet inspiration fra enhver ung piges dr\u00f8m om lange, tykke og adskilte vipper. Simpelthen rigtige hunde\u00f8jenvipper! Takket v\u00e6re mascaraens fantastiske b\u00f8rste og den nye formel lever den op til forventningerne og giver \u00f8jet et smukt og intenst look. For en behagelig p\u00e5f\u00f8ring er mascaraen beriget med en &#8220;fiber shine&#8221; [&hellip;]<\/p>\n","protected":false},"featured_media":132807,"comment_status":"open","ping_status":"closed","template":"","meta":{"_trash_the_other_posts":false},"product_brand":[],"product_cat":[618],"product_tag":[],"berocket_brand":[1128],"class_list":{"0":"post-132809","1":"product","2":"type-product","3":"status-publish","4":"has-post-thumbnail","6":"product_cat-mascara","7":"pa_brand-lancome","8":"berocket_brand-lancome","10":"first","11":"outofstock","12":"sale","13":"taxable","14":"shipping-taxable","15":"purchasable","16":"product-type-simple"},"_links":{"self":[{"href":"https:\/\/stylingagenten.com\/da\/wp-json\/wp\/v2\/product\/132809","targetHints":{"allow":["GET"]}}],"collection":[{"href":"https:\/\/stylingagenten.com\/da\/wp-json\/wp\/v2\/product"}],"about":[{"href":"https:\/\/stylingagenten.com\/da\/wp-json\/wp\/v2\/types\/product"}],"replies":[{"embeddable":true,"href":"https:\/\/stylingagenten.com\/da\/wp-json\/wp\/v2\/comments?post=132809"}],"version-history":[{"count":0,"href":"https:\/\/stylingagenten.com\/da\/wp-json\/wp\/v2\/product\/132809\/revisions"}],"wp:featuredmedia":[{"embeddable":true,"href":"https:\/\/stylingagenten.com\/da\/wp-json\/wp\/v2\/media\/132807"}],"wp:attachment":[{"href":"https:\/\/stylingagenten.com\/da\/wp-json\/wp\/v2\/media?parent=132809"}],"wp:term":[{"taxonomy":"product_brand","embeddable":true,"href":"https:\/\/stylingagenten.com\/da\/wp-json\/wp\/v2\/product_brand?post=132809"},{"taxonomy":"product_cat","embeddable":true,"href":"https:\/\/stylingagenten.com\/da\/wp-json\/wp\/v2\/product_cat?post=132809"},{"taxonomy":"product_tag","embeddable":true,"href":"https:\/\/stylingagenten.com\/da\/wp-json\/wp\/v2\/product_tag?post=132809"},{"taxonomy":"berocket_brand","embeddable":true,"href":"https:\/\/stylingagenten.com\/da\/wp-json\/wp\/v2\/berocket_brand?post=132809"}],"curies":[{"name":"wp","href":"https:\/\/api.w.org\/{rel}","templated":true}]}}