{"id":132801,"date":"2025-05-18T22:28:52","date_gmt":"2025-05-18T22:28:52","guid":{"rendered":"https:\/\/staging2.stylingagenten.com\/da\/produkt\/max-factor-2000-calorie-mascara-waterproof-black-9ml\/"},"modified":"2026-03-27T14:22:29","modified_gmt":"2026-03-27T14:22:29","slug":"max-factor-2000-calorie-mascara-waterproof-black-9ml","status":"publish","type":"product","link":"https:\/\/stylingagenten.com\/da\/produkt\/max-factor-2000-calorie-mascara-waterproof-black-9ml\/","title":{"rendered":"Max Factor 2000 Calorie Mascara Waterproof Black 9ml"},"content":{"rendered":"<p>Max Factor 2000 Calorie Mascara Waterproof er en vandfast mascara for op til 300 % mere vippevolumen. Vil du have drama? Tredoble volumen af \u200b\u200bdine \u00f8jenvipper med denne super volumen mascara. Byggeformlen fortykker selv de tyndeste \u00f8jenvipper ved \u00f8jeblikkeligt at give dem op til 300 % mere volumen! Beh\u00f8ves ingen primer? den f\u00f8rste ans\u00f8gning g\u00e6lder kun; s\u00e5 l\u00e6nge det tager. Det er nemt at fjerne med en mild makeupfjerner, s\u00e5 at selv alle k\u00f8nsf\u00f8lsomme mennesker og dem, der bruger kontaktlinser, kan nyde fyldige vipper!<\/p>\n<p><strong>Farve:<\/strong> Sort<\/p>\n","protected":false},"excerpt":{"rendered":"<p>Max Factor 2000 Calorie Mascara Waterproof er en vandfast mascara for op til 300 % mere vippevolumen. Vil du have drama? Tredoble volumen af \u200b\u200bdine \u00f8jenvipper med denne super volumen mascara. Byggeformlen fortykker selv de tyndeste \u00f8jenvipper ved \u00f8jeblikkeligt at give dem op til 300 % mere volumen! Beh\u00f8ves ingen primer? den f\u00f8rste ans\u00f8gning g\u00e6lder [&hellip;]<\/p>\n","protected":false},"featured_media":132789,"comment_status":"open","ping_status":"closed","template":"","meta":{"_trash_the_other_posts":false},"product_brand":[],"product_cat":[1003,618],"product_tag":[3462],"berocket_brand":[1013],"class_list":{"0":"post-132801","1":"product","2":"type-product","3":"status-publish","4":"has-post-thumbnail","6":"product_cat-bestsellere","7":"product_cat-mascara","8":"product_tag-max-factor-2000-calorie-mascara","9":"pa_brand-max-factor","10":"pa_variant-waterproof-black","11":"berocket_brand-max-factor","13":"first","14":"instock","15":"sale","16":"taxable","17":"shipping-taxable","18":"purchasable","19":"product-type-simple"},"_links":{"self":[{"href":"https:\/\/stylingagenten.com\/da\/wp-json\/wp\/v2\/product\/132801","targetHints":{"allow":["GET"]}}],"collection":[{"href":"https:\/\/stylingagenten.com\/da\/wp-json\/wp\/v2\/product"}],"about":[{"href":"https:\/\/stylingagenten.com\/da\/wp-json\/wp\/v2\/types\/product"}],"replies":[{"embeddable":true,"href":"https:\/\/stylingagenten.com\/da\/wp-json\/wp\/v2\/comments?post=132801"}],"version-history":[{"count":0,"href":"https:\/\/stylingagenten.com\/da\/wp-json\/wp\/v2\/product\/132801\/revisions"}],"wp:featuredmedia":[{"embeddable":true,"href":"https:\/\/stylingagenten.com\/da\/wp-json\/wp\/v2\/media\/132789"}],"wp:attachment":[{"href":"https:\/\/stylingagenten.com\/da\/wp-json\/wp\/v2\/media?parent=132801"}],"wp:term":[{"taxonomy":"product_brand","embeddable":true,"href":"https:\/\/stylingagenten.com\/da\/wp-json\/wp\/v2\/product_brand?post=132801"},{"taxonomy":"product_cat","embeddable":true,"href":"https:\/\/stylingagenten.com\/da\/wp-json\/wp\/v2\/product_cat?post=132801"},{"taxonomy":"product_tag","embeddable":true,"href":"https:\/\/stylingagenten.com\/da\/wp-json\/wp\/v2\/product_tag?post=132801"},{"taxonomy":"berocket_brand","embeddable":true,"href":"https:\/\/stylingagenten.com\/da\/wp-json\/wp\/v2\/berocket_brand?post=132801"}],"curies":[{"name":"wp","href":"https:\/\/api.w.org\/{rel}","templated":true}]}}