{"id":132779,"date":"2025-05-18T22:28:48","date_gmt":"2025-05-18T22:28:48","guid":{"rendered":"https:\/\/staging2.stylingagenten.com\/da\/produkt\/loreal-paris-volume-million-lashes-mascara-waterproof-black-9ml\/"},"modified":"2026-03-29T01:08:55","modified_gmt":"2026-03-29T01:08:55","slug":"loreal-paris-volume-million-lashes-mascara-waterproof-black-9ml","status":"publish","type":"product","link":"https:\/\/stylingagenten.com\/da\/produkt\/loreal-paris-volume-million-lashes-mascara-waterproof-black-9ml\/","title":{"rendered":"L&#8217;Oreal Paris Volume Million Lashes Mascara Waterproof Black"},"content":{"rendered":"<p>L&#8217;Or\u00e9al Paris Volume Million Lashes Mascara Waterproof Black L&acute;Oreal Paris Volume Million Lashes Mascara Waterproof giver dine vipper mere end volumen. Millioniseringsb\u00f8rsten har ekstra bl\u00f8de b\u00f8rster, der n\u00e5r alle vipper. Den nye smarte beholder betyder, at du f\u00e5r den helt rigtige m\u00e6ngde mascara p\u00e5 b\u00f8rsten, for et 100% klumpfrit resultat. Bem\u00e6rk venligst, at mascaraen er vandt\u00e6t, og du skal bruge remover til vandfast \u00f8jenmakeup. Farve: Sort<\/p>\n","protected":false},"excerpt":{"rendered":"<p>L&#8217;Or\u00e9al Paris Volume Million Lashes Mascara Waterproof Black L&acute;Oreal Paris Volume Million Lashes Mascara Waterproof giver dine vipper mere end volumen. Millioniseringsb\u00f8rsten har ekstra bl\u00f8de b\u00f8rster, der n\u00e5r alle vipper. Den nye smarte beholder betyder, at du f\u00e5r den helt rigtige m\u00e6ngde mascara p\u00e5 b\u00f8rsten, for et 100% klumpfrit resultat. Bem\u00e6rk venligst, at mascaraen er [&hellip;]<\/p>\n","protected":false},"featured_media":132778,"comment_status":"open","ping_status":"closed","template":"","meta":{"_trash_the_other_posts":false},"product_brand":[],"product_cat":[1003,618],"product_tag":[],"berocket_brand":[2000],"class_list":{"0":"post-132779","1":"product","2":"type-product","3":"status-publish","4":"has-post-thumbnail","6":"product_cat-bestsellere","7":"product_cat-mascara","8":"pa_brand-loreal-paris-2","9":"berocket_brand-loreal-paris","11":"first","12":"instock","13":"sale","14":"taxable","15":"shipping-taxable","16":"purchasable","17":"product-type-simple"},"_links":{"self":[{"href":"https:\/\/stylingagenten.com\/da\/wp-json\/wp\/v2\/product\/132779","targetHints":{"allow":["GET"]}}],"collection":[{"href":"https:\/\/stylingagenten.com\/da\/wp-json\/wp\/v2\/product"}],"about":[{"href":"https:\/\/stylingagenten.com\/da\/wp-json\/wp\/v2\/types\/product"}],"replies":[{"embeddable":true,"href":"https:\/\/stylingagenten.com\/da\/wp-json\/wp\/v2\/comments?post=132779"}],"version-history":[{"count":0,"href":"https:\/\/stylingagenten.com\/da\/wp-json\/wp\/v2\/product\/132779\/revisions"}],"wp:featuredmedia":[{"embeddable":true,"href":"https:\/\/stylingagenten.com\/da\/wp-json\/wp\/v2\/media\/132778"}],"wp:attachment":[{"href":"https:\/\/stylingagenten.com\/da\/wp-json\/wp\/v2\/media?parent=132779"}],"wp:term":[{"taxonomy":"product_brand","embeddable":true,"href":"https:\/\/stylingagenten.com\/da\/wp-json\/wp\/v2\/product_brand?post=132779"},{"taxonomy":"product_cat","embeddable":true,"href":"https:\/\/stylingagenten.com\/da\/wp-json\/wp\/v2\/product_cat?post=132779"},{"taxonomy":"product_tag","embeddable":true,"href":"https:\/\/stylingagenten.com\/da\/wp-json\/wp\/v2\/product_tag?post=132779"},{"taxonomy":"berocket_brand","embeddable":true,"href":"https:\/\/stylingagenten.com\/da\/wp-json\/wp\/v2\/berocket_brand?post=132779"}],"curies":[{"name":"wp","href":"https:\/\/api.w.org\/{rel}","templated":true}]}}