{"id":132592,"date":"2025-05-18T22:28:19","date_gmt":"2025-05-18T22:28:19","guid":{"rendered":"https:\/\/staging2.stylingagenten.com\/da\/produkt\/maybelline-colossal-curl-bounce-mascara-very-black\/"},"modified":"2025-11-19T11:56:07","modified_gmt":"2025-11-19T11:56:07","slug":"maybelline-colossal-curl-bounce-mascara-very-black","status":"publish","type":"product","link":"https:\/\/stylingagenten.com\/da\/produkt\/maybelline-colossal-curl-bounce-mascara-very-black\/","title":{"rendered":"Maybelline Colossal Curl Bounce Mascara Very Black"},"content":{"rendered":"<p>Mascara for stor volumen og imponerende kr\u00f8lleeffekt. B\u00f8rste der adskiller, fejer ind og b\u00f8jer vipperne. Op til 24H* b\u00e6redygtigt resultat. Klumper ikke, sm\u00f8rer ikke ud og falder ikke. <br \/>vegansk formel. * Brugertest, n = 105.<\/p>\n","protected":false},"excerpt":{"rendered":"<p>Mascara for stor volumen og imponerende kr\u00f8lleeffekt. B\u00f8rste der adskiller, fejer ind og b\u00f8jer vipperne. Op til 24H* b\u00e6redygtigt resultat. Klumper ikke, sm\u00f8rer ikke ud og falder ikke. vegansk formel. * Brugertest, n = 105.<\/p>\n","protected":false},"featured_media":132589,"comment_status":"open","ping_status":"closed","template":"","meta":{"_trash_the_other_posts":false},"product_brand":[],"product_cat":[618],"product_tag":[],"berocket_brand":[1016],"class_list":{"0":"post-132592","1":"product","2":"type-product","3":"status-publish","4":"has-post-thumbnail","6":"product_cat-mascara","7":"pa_brand-maybelline","8":"berocket_brand-maybelline","10":"first","11":"instock","12":"sale","13":"taxable","14":"shipping-taxable","15":"purchasable","16":"product-type-simple"},"_links":{"self":[{"href":"https:\/\/stylingagenten.com\/da\/wp-json\/wp\/v2\/product\/132592","targetHints":{"allow":["GET"]}}],"collection":[{"href":"https:\/\/stylingagenten.com\/da\/wp-json\/wp\/v2\/product"}],"about":[{"href":"https:\/\/stylingagenten.com\/da\/wp-json\/wp\/v2\/types\/product"}],"replies":[{"embeddable":true,"href":"https:\/\/stylingagenten.com\/da\/wp-json\/wp\/v2\/comments?post=132592"}],"version-history":[{"count":0,"href":"https:\/\/stylingagenten.com\/da\/wp-json\/wp\/v2\/product\/132592\/revisions"}],"wp:featuredmedia":[{"embeddable":true,"href":"https:\/\/stylingagenten.com\/da\/wp-json\/wp\/v2\/media\/132589"}],"wp:attachment":[{"href":"https:\/\/stylingagenten.com\/da\/wp-json\/wp\/v2\/media?parent=132592"}],"wp:term":[{"taxonomy":"product_brand","embeddable":true,"href":"https:\/\/stylingagenten.com\/da\/wp-json\/wp\/v2\/product_brand?post=132592"},{"taxonomy":"product_cat","embeddable":true,"href":"https:\/\/stylingagenten.com\/da\/wp-json\/wp\/v2\/product_cat?post=132592"},{"taxonomy":"product_tag","embeddable":true,"href":"https:\/\/stylingagenten.com\/da\/wp-json\/wp\/v2\/product_tag?post=132592"},{"taxonomy":"berocket_brand","embeddable":true,"href":"https:\/\/stylingagenten.com\/da\/wp-json\/wp\/v2\/berocket_brand?post=132592"}],"curies":[{"name":"wp","href":"https:\/\/api.w.org\/{rel}","templated":true}]}}