{"id":132569,"date":"2025-05-18T22:28:16","date_gmt":"2025-05-18T22:28:16","guid":{"rendered":"https:\/\/staging2.stylingagenten.com\/da\/produkt\/maybelline-the-colossal-up-to-36h-mascara-black\/"},"modified":"2026-04-11T09:07:33","modified_gmt":"2026-04-11T09:07:33","slug":"maybelline-the-colossal-up-to-36h-mascara-black","status":"publish","type":"product","link":"https:\/\/stylingagenten.com\/da\/produkt\/maybelline-the-colossal-up-to-36h-mascara-black\/","title":{"rendered":"Maybelline The Colossal Up To 36H Mascara Black"},"content":{"rendered":"<p>Colossal 36H giver et voldsomt vippelook, der holder!<br \/>Den vandt\u00e6tte formel hverken udtv\u00e6rer eller flager og er en rigtig god arbejdshest til volumen mascara. Den revolutionerende volumengivende formel og megab\u00f8rsten giver dine vipper et tykkere indtryk og mere volumen end nogensinde f\u00f8r.<\/p>\n<p>Velegnet til alle k\u00f8n. Testet under oftalmologisk kontrol og velegnet til kontaktlinsebrugere. 10ml<br \/>*Brugertest 111 personer<\/p>\n","protected":false},"excerpt":{"rendered":"<p>Colossal 36H giver et voldsomt vippelook, der holder!Den vandt\u00e6tte formel hverken udtv\u00e6rer eller flager og er en rigtig god arbejdshest til volumen mascara. Den revolutionerende volumengivende formel og megab\u00f8rsten giver dine vipper et tykkere indtryk og mere volumen end nogensinde f\u00f8r. Velegnet til alle k\u00f8n. Testet under oftalmologisk kontrol og velegnet til kontaktlinsebrugere. 10ml*Brugertest 111 [&hellip;]<\/p>\n","protected":false},"featured_media":132567,"comment_status":"open","ping_status":"closed","template":"","meta":{"_trash_the_other_posts":false},"product_brand":[],"product_cat":[618],"product_tag":[],"berocket_brand":[1016],"class_list":{"0":"post-132569","1":"product","2":"type-product","3":"status-publish","4":"has-post-thumbnail","6":"product_cat-mascara","7":"pa_brand-maybelline","8":"berocket_brand-maybelline","10":"first","11":"instock","12":"sale","13":"taxable","14":"shipping-taxable","15":"purchasable","16":"product-type-simple"},"_links":{"self":[{"href":"https:\/\/stylingagenten.com\/da\/wp-json\/wp\/v2\/product\/132569","targetHints":{"allow":["GET"]}}],"collection":[{"href":"https:\/\/stylingagenten.com\/da\/wp-json\/wp\/v2\/product"}],"about":[{"href":"https:\/\/stylingagenten.com\/da\/wp-json\/wp\/v2\/types\/product"}],"replies":[{"embeddable":true,"href":"https:\/\/stylingagenten.com\/da\/wp-json\/wp\/v2\/comments?post=132569"}],"version-history":[{"count":0,"href":"https:\/\/stylingagenten.com\/da\/wp-json\/wp\/v2\/product\/132569\/revisions"}],"wp:featuredmedia":[{"embeddable":true,"href":"https:\/\/stylingagenten.com\/da\/wp-json\/wp\/v2\/media\/132567"}],"wp:attachment":[{"href":"https:\/\/stylingagenten.com\/da\/wp-json\/wp\/v2\/media?parent=132569"}],"wp:term":[{"taxonomy":"product_brand","embeddable":true,"href":"https:\/\/stylingagenten.com\/da\/wp-json\/wp\/v2\/product_brand?post=132569"},{"taxonomy":"product_cat","embeddable":true,"href":"https:\/\/stylingagenten.com\/da\/wp-json\/wp\/v2\/product_cat?post=132569"},{"taxonomy":"product_tag","embeddable":true,"href":"https:\/\/stylingagenten.com\/da\/wp-json\/wp\/v2\/product_tag?post=132569"},{"taxonomy":"berocket_brand","embeddable":true,"href":"https:\/\/stylingagenten.com\/da\/wp-json\/wp\/v2\/berocket_brand?post=132569"}],"curies":[{"name":"wp","href":"https:\/\/api.w.org\/{rel}","templated":true}]}}