{"id":132566,"date":"2025-05-18T22:28:15","date_gmt":"2025-05-18T22:28:15","guid":{"rendered":"https:\/\/staging2.stylingagenten.com\/da\/produkt\/maybelline-lash-sensational-sky-high-01-cosmic-black\/"},"modified":"2026-03-19T09:17:45","modified_gmt":"2026-03-19T09:17:45","slug":"maybelline-lash-sensational-sky-high-01-cosmic-black","status":"publish","type":"product","link":"https:\/\/stylingagenten.com\/da\/produkt\/maybelline-lash-sensational-sky-high-01-cosmic-black\/","title":{"rendered":"Maybelline Lash Sensational Sky High 01 Cosmic Black"},"content":{"rendered":"<p>Maybelline Lash Sensational Sky High for et gr\u00e6nsel\u00f8st vippelook med l\u00e6ngde og volumen med intenst, sort pigment. Fleksibel b\u00f8rste til at n\u00e5 alle vipper og skabe et synligt resultat fra alle vinkler. Formel beriget med bambusekstrakt og fibre til lange, fyldige vipper. <\/p>\n<p>Anvendelse: <br \/>For de bedste resultater skal du holde den fleksible b\u00f8rste mod vipperne og p\u00e5f\u00f8re fra rod til spids gentagne gange, indtil den \u00f8nskede volumen og l\u00e6ngde er opn\u00e5et. <\/p>\n<p>7,2 ml<\/p>\n","protected":false},"excerpt":{"rendered":"<p>Maybelline Lash Sensational Sky High for et gr\u00e6nsel\u00f8st vippelook med l\u00e6ngde og volumen med intenst, sort pigment. Fleksibel b\u00f8rste til at n\u00e5 alle vipper og skabe et synligt resultat fra alle vinkler. Formel beriget med bambusekstrakt og fibre til lange, fyldige vipper. Anvendelse: For de bedste resultater skal du holde den fleksible b\u00f8rste mod vipperne [&hellip;]<\/p>\n","protected":false},"featured_media":132564,"comment_status":"open","ping_status":"closed","template":"","meta":{"_trash_the_other_posts":false},"product_brand":[],"product_cat":[1003,618],"product_tag":[],"berocket_brand":[1016],"class_list":{"0":"post-132566","1":"product","2":"type-product","3":"status-publish","4":"has-post-thumbnail","6":"product_cat-bestsellere","7":"product_cat-mascara","8":"pa_brand-maybelline","9":"berocket_brand-maybelline","11":"first","12":"instock","13":"sale","14":"taxable","15":"shipping-taxable","16":"purchasable","17":"product-type-simple"},"_links":{"self":[{"href":"https:\/\/stylingagenten.com\/da\/wp-json\/wp\/v2\/product\/132566","targetHints":{"allow":["GET"]}}],"collection":[{"href":"https:\/\/stylingagenten.com\/da\/wp-json\/wp\/v2\/product"}],"about":[{"href":"https:\/\/stylingagenten.com\/da\/wp-json\/wp\/v2\/types\/product"}],"replies":[{"embeddable":true,"href":"https:\/\/stylingagenten.com\/da\/wp-json\/wp\/v2\/comments?post=132566"}],"version-history":[{"count":0,"href":"https:\/\/stylingagenten.com\/da\/wp-json\/wp\/v2\/product\/132566\/revisions"}],"wp:featuredmedia":[{"embeddable":true,"href":"https:\/\/stylingagenten.com\/da\/wp-json\/wp\/v2\/media\/132564"}],"wp:attachment":[{"href":"https:\/\/stylingagenten.com\/da\/wp-json\/wp\/v2\/media?parent=132566"}],"wp:term":[{"taxonomy":"product_brand","embeddable":true,"href":"https:\/\/stylingagenten.com\/da\/wp-json\/wp\/v2\/product_brand?post=132566"},{"taxonomy":"product_cat","embeddable":true,"href":"https:\/\/stylingagenten.com\/da\/wp-json\/wp\/v2\/product_cat?post=132566"},{"taxonomy":"product_tag","embeddable":true,"href":"https:\/\/stylingagenten.com\/da\/wp-json\/wp\/v2\/product_tag?post=132566"},{"taxonomy":"berocket_brand","embeddable":true,"href":"https:\/\/stylingagenten.com\/da\/wp-json\/wp\/v2\/berocket_brand?post=132566"}],"curies":[{"name":"wp","href":"https:\/\/api.w.org\/{rel}","templated":true}]}}