{"id":132553,"date":"2025-05-18T22:28:14","date_gmt":"2025-05-18T22:28:14","guid":{"rendered":"https:\/\/staging2.stylingagenten.com\/da\/produkt\/loreal-air-volume-mega-mascara-black-9ml\/"},"modified":"2025-12-18T21:50:11","modified_gmt":"2025-12-18T21:50:11","slug":"loreal-air-volume-mega-mascara-black-9ml","status":"publish","type":"product","link":"https:\/\/stylingagenten.com\/da\/produkt\/loreal-air-volume-mega-mascara-black-9ml\/","title":{"rendered":"L&#8217;Or\u00e9al Air Volume Mega Mascara Black 9ml"},"content":{"rendered":"<p>Mere volumen, mindre v\u00e6gt! Air Volume Mega Mascara giver dig vipper med mega volumen, samtidig med at de f\u00f8les super let p\u00e5 vipperne. B\u00f8rsten har dobbelte b\u00f8rster; de korte b\u00f8rsteh\u00e5r fanger og p\u00e5f\u00f8rer formlen langs vippekanten, mens de lange b\u00f8rster fordeler formlen j\u00e6vnt over vipperne for at give dig volumin\u00f8se vipper. Mascaraen har en smuk, lyser\u00f8d indpakning. Hypoallergen formel. Uden parfume. 9 ml<\/p>\n","protected":false},"excerpt":{"rendered":"<p>Mere volumen, mindre v\u00e6gt! Air Volume Mega Mascara giver dig vipper med mega volumen, samtidig med at de f\u00f8les super let p\u00e5 vipperne. B\u00f8rsten har dobbelte b\u00f8rster; de korte b\u00f8rsteh\u00e5r fanger og p\u00e5f\u00f8rer formlen langs vippekanten, mens de lange b\u00f8rster fordeler formlen j\u00e6vnt over vipperne for at give dig volumin\u00f8se vipper. Mascaraen har en smuk, [&hellip;]<\/p>\n","protected":false},"featured_media":132552,"comment_status":"open","ping_status":"closed","template":"","meta":{"_trash_the_other_posts":false},"product_brand":[],"product_cat":[618],"product_tag":[],"berocket_brand":[2000],"class_list":{"0":"post-132553","1":"product","2":"type-product","3":"status-publish","4":"has-post-thumbnail","6":"product_cat-mascara","7":"pa_brand-loreal-paris-2","8":"berocket_brand-loreal-paris","10":"first","11":"instock","12":"sale","13":"taxable","14":"shipping-taxable","15":"purchasable","16":"product-type-simple"},"_links":{"self":[{"href":"https:\/\/stylingagenten.com\/da\/wp-json\/wp\/v2\/product\/132553","targetHints":{"allow":["GET"]}}],"collection":[{"href":"https:\/\/stylingagenten.com\/da\/wp-json\/wp\/v2\/product"}],"about":[{"href":"https:\/\/stylingagenten.com\/da\/wp-json\/wp\/v2\/types\/product"}],"replies":[{"embeddable":true,"href":"https:\/\/stylingagenten.com\/da\/wp-json\/wp\/v2\/comments?post=132553"}],"version-history":[{"count":0,"href":"https:\/\/stylingagenten.com\/da\/wp-json\/wp\/v2\/product\/132553\/revisions"}],"wp:featuredmedia":[{"embeddable":true,"href":"https:\/\/stylingagenten.com\/da\/wp-json\/wp\/v2\/media\/132552"}],"wp:attachment":[{"href":"https:\/\/stylingagenten.com\/da\/wp-json\/wp\/v2\/media?parent=132553"}],"wp:term":[{"taxonomy":"product_brand","embeddable":true,"href":"https:\/\/stylingagenten.com\/da\/wp-json\/wp\/v2\/product_brand?post=132553"},{"taxonomy":"product_cat","embeddable":true,"href":"https:\/\/stylingagenten.com\/da\/wp-json\/wp\/v2\/product_cat?post=132553"},{"taxonomy":"product_tag","embeddable":true,"href":"https:\/\/stylingagenten.com\/da\/wp-json\/wp\/v2\/product_tag?post=132553"},{"taxonomy":"berocket_brand","embeddable":true,"href":"https:\/\/stylingagenten.com\/da\/wp-json\/wp\/v2\/berocket_brand?post=132553"}],"curies":[{"name":"wp","href":"https:\/\/api.w.org\/{rel}","templated":true}]}}