{"id":132537,"date":"2025-05-18T22:28:10","date_gmt":"2025-05-18T22:28:10","guid":{"rendered":"https:\/\/staging2.stylingagenten.com\/da\/produkt\/loreal-paris-volume-million-lashes-balm-noir-mascara-black\/"},"modified":"2026-03-29T01:08:42","modified_gmt":"2026-03-29T01:08:42","slug":"loreal-paris-volume-million-lashes-balm-noir-mascara-black","status":"publish","type":"product","link":"https:\/\/stylingagenten.com\/da\/produkt\/loreal-paris-volume-million-lashes-balm-noir-mascara-black\/","title":{"rendered":"L&#8217;or\u00e9al Paris Volume Million Lashes Balm Noir Mascara Black"},"content":{"rendered":"<p>Volume Million Lashes Balm Noir mascara er den seneste innovation fra den ikoniske Volume Million Lashes familie fra L&#8217;Or\u00e9al Paris. L&#8217;Or\u00e9al Paris balsam-i-mascara er skabt med 99% ingredienser af naturlig oprindelse i en hypoallergen formel og giver dine vipper et velv\u00e6re-look uden bekostning af volumen eller hold.<br \/>Balmen-konsistensen indeholder olier af naturlig oprindelse der er specielt udvalgt til at tilf\u00f8je b\u00e5de fugt og volumen. Til bl\u00f8de og smidige vipper med et indtryk af 7X mere volumen*.<br \/>Den fleksible b\u00f8rste fanger hver vippe og med hver formelp\u00e5f\u00f8ring adskilles dine vipper og giver defineret volumen.<br \/><em><br \/>*instrumental test, 26 personer <\/em><\/p>\n","protected":false},"excerpt":{"rendered":"<p>Volume Million Lashes Balm Noir mascara er den seneste innovation fra den ikoniske Volume Million Lashes familie fra L&#8217;Or\u00e9al Paris. L&#8217;Or\u00e9al Paris balsam-i-mascara er skabt med 99% ingredienser af naturlig oprindelse i en hypoallergen formel og giver dine vipper et velv\u00e6re-look uden bekostning af volumen eller hold.Balmen-konsistensen indeholder olier af naturlig oprindelse der er specielt [&hellip;]<\/p>\n","protected":false},"featured_media":132534,"comment_status":"open","ping_status":"closed","template":"","meta":{"_trash_the_other_posts":false},"product_brand":[],"product_cat":[618],"product_tag":[],"berocket_brand":[2000],"class_list":{"0":"post-132537","1":"product","2":"type-product","3":"status-publish","4":"has-post-thumbnail","6":"product_cat-mascara","7":"pa_brand-loreal-paris-2","8":"berocket_brand-loreal-paris","10":"first","11":"instock","12":"sale","13":"taxable","14":"shipping-taxable","15":"purchasable","16":"product-type-simple"},"_links":{"self":[{"href":"https:\/\/stylingagenten.com\/da\/wp-json\/wp\/v2\/product\/132537","targetHints":{"allow":["GET"]}}],"collection":[{"href":"https:\/\/stylingagenten.com\/da\/wp-json\/wp\/v2\/product"}],"about":[{"href":"https:\/\/stylingagenten.com\/da\/wp-json\/wp\/v2\/types\/product"}],"replies":[{"embeddable":true,"href":"https:\/\/stylingagenten.com\/da\/wp-json\/wp\/v2\/comments?post=132537"}],"version-history":[{"count":0,"href":"https:\/\/stylingagenten.com\/da\/wp-json\/wp\/v2\/product\/132537\/revisions"}],"wp:featuredmedia":[{"embeddable":true,"href":"https:\/\/stylingagenten.com\/da\/wp-json\/wp\/v2\/media\/132534"}],"wp:attachment":[{"href":"https:\/\/stylingagenten.com\/da\/wp-json\/wp\/v2\/media?parent=132537"}],"wp:term":[{"taxonomy":"product_brand","embeddable":true,"href":"https:\/\/stylingagenten.com\/da\/wp-json\/wp\/v2\/product_brand?post=132537"},{"taxonomy":"product_cat","embeddable":true,"href":"https:\/\/stylingagenten.com\/da\/wp-json\/wp\/v2\/product_cat?post=132537"},{"taxonomy":"product_tag","embeddable":true,"href":"https:\/\/stylingagenten.com\/da\/wp-json\/wp\/v2\/product_tag?post=132537"},{"taxonomy":"berocket_brand","embeddable":true,"href":"https:\/\/stylingagenten.com\/da\/wp-json\/wp\/v2\/berocket_brand?post=132537"}],"curies":[{"name":"wp","href":"https:\/\/api.w.org\/{rel}","templated":true}]}}