{"id":132535,"date":"2025-05-18T22:28:10","date_gmt":"2025-05-18T22:28:10","guid":{"rendered":"https:\/\/staging2.stylingagenten.com\/da\/produkt\/maybelline-lash-sensational-sky-high-waterproof-mascara-01-very-black\/"},"modified":"2026-04-14T07:38:31","modified_gmt":"2026-04-14T07:38:31","slug":"maybelline-lash-sensational-sky-high-waterproof-mascara-01-very-black","status":"publish","type":"product","link":"https:\/\/stylingagenten.com\/da\/produkt\/maybelline-lash-sensational-sky-high-waterproof-mascara-01-very-black\/","title":{"rendered":"Maybelline Lash Sensational Sky High Waterproof Mascara 01 Very Black"},"content":{"rendered":"<p>Lash Sensational Sky High Waterproof Mascara giver dig intens volumen og fylde, mens du adskiller og klumper. Den revolutionerende vippeb\u00f8rste best\u00e5r af 10 r\u00e6kker og 6 forskellige typer b\u00f8rsteh\u00e5r. De indre b\u00f8rster hj\u00e6lper med at n\u00e5 de mindste vipper i \u00f8jenkrogen. De ydre b\u00f8rster adskiller vipperne som en fjer. Lash Sensational mascara skaber illusionen af \u200b\u200bflere og t\u00e6ttere, volumin\u00f8se vipper. <\/p>\n<p>Hypoallergen, velegnet til f\u00f8lsomme \u00f8jne. <\/p>\n<p>6 ml<\/p>\n","protected":false},"excerpt":{"rendered":"<p>Lash Sensational Sky High Waterproof Mascara giver dig intens volumen og fylde, mens du adskiller og klumper. Den revolutionerende vippeb\u00f8rste best\u00e5r af 10 r\u00e6kker og 6 forskellige typer b\u00f8rsteh\u00e5r. De indre b\u00f8rster hj\u00e6lper med at n\u00e5 de mindste vipper i \u00f8jenkrogen. De ydre b\u00f8rster adskiller vipperne som en fjer. Lash Sensational mascara skaber illusionen af [&hellip;]<\/p>\n","protected":false},"featured_media":132531,"comment_status":"open","ping_status":"closed","template":"","meta":{"_trash_the_other_posts":false},"product_brand":[],"product_cat":[1003,618],"product_tag":[],"berocket_brand":[1016],"class_list":{"0":"post-132535","1":"product","2":"type-product","3":"status-publish","4":"has-post-thumbnail","6":"product_cat-bestsellere","7":"product_cat-mascara","8":"pa_brand-maybelline","9":"berocket_brand-maybelline","11":"first","12":"instock","13":"sale","14":"taxable","15":"shipping-taxable","16":"purchasable","17":"product-type-simple"},"_links":{"self":[{"href":"https:\/\/stylingagenten.com\/da\/wp-json\/wp\/v2\/product\/132535","targetHints":{"allow":["GET"]}}],"collection":[{"href":"https:\/\/stylingagenten.com\/da\/wp-json\/wp\/v2\/product"}],"about":[{"href":"https:\/\/stylingagenten.com\/da\/wp-json\/wp\/v2\/types\/product"}],"replies":[{"embeddable":true,"href":"https:\/\/stylingagenten.com\/da\/wp-json\/wp\/v2\/comments?post=132535"}],"version-history":[{"count":0,"href":"https:\/\/stylingagenten.com\/da\/wp-json\/wp\/v2\/product\/132535\/revisions"}],"wp:featuredmedia":[{"embeddable":true,"href":"https:\/\/stylingagenten.com\/da\/wp-json\/wp\/v2\/media\/132531"}],"wp:attachment":[{"href":"https:\/\/stylingagenten.com\/da\/wp-json\/wp\/v2\/media?parent=132535"}],"wp:term":[{"taxonomy":"product_brand","embeddable":true,"href":"https:\/\/stylingagenten.com\/da\/wp-json\/wp\/v2\/product_brand?post=132535"},{"taxonomy":"product_cat","embeddable":true,"href":"https:\/\/stylingagenten.com\/da\/wp-json\/wp\/v2\/product_cat?post=132535"},{"taxonomy":"product_tag","embeddable":true,"href":"https:\/\/stylingagenten.com\/da\/wp-json\/wp\/v2\/product_tag?post=132535"},{"taxonomy":"berocket_brand","embeddable":true,"href":"https:\/\/stylingagenten.com\/da\/wp-json\/wp\/v2\/berocket_brand?post=132535"}],"curies":[{"name":"wp","href":"https:\/\/api.w.org\/{rel}","templated":true}]}}