{"id":132530,"date":"2025-05-18T22:28:10","date_gmt":"2025-05-18T22:28:10","guid":{"rendered":"https:\/\/staging2.stylingagenten.com\/da\/produkt\/artdeco-volume-supreme-mascara-1-15ml\/"},"modified":"2026-03-15T07:07:49","modified_gmt":"2026-03-15T07:07:49","slug":"artdeco-volume-supreme-mascara-1-15ml","status":"publish","type":"product","link":"https:\/\/stylingagenten.com\/da\/produkt\/artdeco-volume-supreme-mascara-1-15ml\/","title":{"rendered":"Artdeco Volume Supreme Mascara 1 15ml"},"content":{"rendered":"<p>Artdeco Volume Supreme Mascara 1 15ml<br \/>Giv dine \u00f8jenvipper den opm\u00e6rksomhed, de fortjener, med Volume Supreme Mascara. \u00d8jenvipperne f\u00f8les tykkere, bliver intensivt buede og f\u00e5r masser af volumen. Den fleksible gummib\u00f8rste skiller, og med den smalle spids n\u00e5r du de korteste vipper. Udtv\u00e6rer ikke og holder op til 10 timer. Velegnet til f\u00f8lsomme \u00f8jne og kontaktlinsebrugere.<br \/>\u2022 Tykkere og intenst buede vipper fulde af volumen<br \/>\u2022 Fleksibel gummib\u00f8rste, der n\u00e5r alle vipper<br \/>\u2022 Udtv\u00e6rer ikke og holder op til 10 timer<br \/>\u2022 Velegnet til f\u00f8lsomme \u00f8jne og kontaktlinsebrugere<br \/>\u2022 Dermatologisk godkendt og klinisk testet<br \/>\u2022 Vegansk<\/p>\n","protected":false},"excerpt":{"rendered":"<p>Artdeco Volume Supreme Mascara 1 15mlGiv dine \u00f8jenvipper den opm\u00e6rksomhed, de fortjener, med Volume Supreme Mascara. \u00d8jenvipperne f\u00f8les tykkere, bliver intensivt buede og f\u00e5r masser af volumen. Den fleksible gummib\u00f8rste skiller, og med den smalle spids n\u00e5r du de korteste vipper. Udtv\u00e6rer ikke og holder op til 10 timer. Velegnet til f\u00f8lsomme \u00f8jne og kontaktlinsebrugere.\u2022 [&hellip;]<\/p>\n","protected":false},"featured_media":132521,"comment_status":"open","ping_status":"closed","template":"","meta":{"_trash_the_other_posts":false},"product_brand":[],"product_cat":[618],"product_tag":[],"berocket_brand":[1385],"class_list":{"0":"post-132530","1":"product","2":"type-product","3":"status-publish","4":"has-post-thumbnail","6":"product_cat-mascara","7":"pa_brand-artdeco","8":"berocket_brand-artdeco","10":"first","11":"instock","12":"sale","13":"taxable","14":"shipping-taxable","15":"purchasable","16":"product-type-simple"},"_links":{"self":[{"href":"https:\/\/stylingagenten.com\/da\/wp-json\/wp\/v2\/product\/132530","targetHints":{"allow":["GET"]}}],"collection":[{"href":"https:\/\/stylingagenten.com\/da\/wp-json\/wp\/v2\/product"}],"about":[{"href":"https:\/\/stylingagenten.com\/da\/wp-json\/wp\/v2\/types\/product"}],"replies":[{"embeddable":true,"href":"https:\/\/stylingagenten.com\/da\/wp-json\/wp\/v2\/comments?post=132530"}],"version-history":[{"count":0,"href":"https:\/\/stylingagenten.com\/da\/wp-json\/wp\/v2\/product\/132530\/revisions"}],"wp:featuredmedia":[{"embeddable":true,"href":"https:\/\/stylingagenten.com\/da\/wp-json\/wp\/v2\/media\/132521"}],"wp:attachment":[{"href":"https:\/\/stylingagenten.com\/da\/wp-json\/wp\/v2\/media?parent=132530"}],"wp:term":[{"taxonomy":"product_brand","embeddable":true,"href":"https:\/\/stylingagenten.com\/da\/wp-json\/wp\/v2\/product_brand?post=132530"},{"taxonomy":"product_cat","embeddable":true,"href":"https:\/\/stylingagenten.com\/da\/wp-json\/wp\/v2\/product_cat?post=132530"},{"taxonomy":"product_tag","embeddable":true,"href":"https:\/\/stylingagenten.com\/da\/wp-json\/wp\/v2\/product_tag?post=132530"},{"taxonomy":"berocket_brand","embeddable":true,"href":"https:\/\/stylingagenten.com\/da\/wp-json\/wp\/v2\/berocket_brand?post=132530"}],"curies":[{"name":"wp","href":"https:\/\/api.w.org\/{rel}","templated":true}]}}