{"id":132516,"date":"2025-05-18T22:28:07","date_gmt":"2025-05-18T22:28:07","guid":{"rendered":"https:\/\/staging2.stylingagenten.com\/da\/produkt\/artdeco-lash-booster-10ml\/"},"modified":"2026-03-25T08:08:48","modified_gmt":"2026-03-25T08:08:48","slug":"artdeco-lash-booster-10ml","status":"publish","type":"product","link":"https:\/\/stylingagenten.com\/da\/produkt\/artdeco-lash-booster-10ml\/","title":{"rendered":"Artdeco Lash Booster 10ml"},"content":{"rendered":"<p>Artdeco Lash Booster 10ml<br \/>Lash Booster Mascara Base er en plejende mascara primer, der er beriget med mineraler og algeekstrakter. Den unikke formel d\u00e6kker hver eneste \u00f8jenvippe, der f\u00f8les l\u00e6ngere og fyldigere &#8211; perfekt til korte og tynde vipper! R\u00f8dalgeekstrakt fugter, forbedrer fleksibiliteten og giver en silkeagtig glans, mens brunalgeekstrakt f\u00e5r vipperne til at f\u00f8les mere volumin\u00f8se.<br \/>\u2022 N\u00e6rende mascara primer<br \/>\u2022 Beriget med n\u00e6rende mineraler og algeekstrakt<br \/>\u2022 Vipperne f\u00f8les l\u00e6ngere og fyldigere <br \/>\u2022 Vegansk<\/p>\n","protected":false},"excerpt":{"rendered":"<p>Artdeco Lash Booster 10mlLash Booster Mascara Base er en plejende mascara primer, der er beriget med mineraler og algeekstrakter. Den unikke formel d\u00e6kker hver eneste \u00f8jenvippe, der f\u00f8les l\u00e6ngere og fyldigere &#8211; perfekt til korte og tynde vipper! R\u00f8dalgeekstrakt fugter, forbedrer fleksibiliteten og giver en silkeagtig glans, mens brunalgeekstrakt f\u00e5r vipperne til at f\u00f8les mere [&hellip;]<\/p>\n","protected":false},"featured_media":132514,"comment_status":"open","ping_status":"closed","template":"","meta":{"_trash_the_other_posts":false},"product_brand":[],"product_cat":[716],"product_tag":[],"berocket_brand":[1385],"class_list":{"0":"post-132516","1":"product","2":"type-product","3":"status-publish","4":"has-post-thumbnail","6":"product_cat-mascara-primer","7":"pa_brand-artdeco","8":"berocket_brand-artdeco","10":"first","11":"outofstock","12":"sale","13":"taxable","14":"shipping-taxable","15":"purchasable","16":"product-type-simple"},"_links":{"self":[{"href":"https:\/\/stylingagenten.com\/da\/wp-json\/wp\/v2\/product\/132516","targetHints":{"allow":["GET"]}}],"collection":[{"href":"https:\/\/stylingagenten.com\/da\/wp-json\/wp\/v2\/product"}],"about":[{"href":"https:\/\/stylingagenten.com\/da\/wp-json\/wp\/v2\/types\/product"}],"replies":[{"embeddable":true,"href":"https:\/\/stylingagenten.com\/da\/wp-json\/wp\/v2\/comments?post=132516"}],"version-history":[{"count":0,"href":"https:\/\/stylingagenten.com\/da\/wp-json\/wp\/v2\/product\/132516\/revisions"}],"wp:featuredmedia":[{"embeddable":true,"href":"https:\/\/stylingagenten.com\/da\/wp-json\/wp\/v2\/media\/132514"}],"wp:attachment":[{"href":"https:\/\/stylingagenten.com\/da\/wp-json\/wp\/v2\/media?parent=132516"}],"wp:term":[{"taxonomy":"product_brand","embeddable":true,"href":"https:\/\/stylingagenten.com\/da\/wp-json\/wp\/v2\/product_brand?post=132516"},{"taxonomy":"product_cat","embeddable":true,"href":"https:\/\/stylingagenten.com\/da\/wp-json\/wp\/v2\/product_cat?post=132516"},{"taxonomy":"product_tag","embeddable":true,"href":"https:\/\/stylingagenten.com\/da\/wp-json\/wp\/v2\/product_tag?post=132516"},{"taxonomy":"berocket_brand","embeddable":true,"href":"https:\/\/stylingagenten.com\/da\/wp-json\/wp\/v2\/berocket_brand?post=132516"}],"curies":[{"name":"wp","href":"https:\/\/api.w.org\/{rel}","templated":true}]}}