{"id":132513,"date":"2025-05-18T22:28:07","date_gmt":"2025-05-18T22:28:07","guid":{"rendered":"https:\/\/staging2.stylingagenten.com\/da\/produkt\/loreal-paris-air-volume-30h-mega-mascara-extra-black\/"},"modified":"2026-04-01T20:18:42","modified_gmt":"2026-04-01T20:18:42","slug":"loreal-paris-air-volume-30h-mega-mascara-extra-black","status":"publish","type":"product","link":"https:\/\/stylingagenten.com\/da\/produkt\/loreal-paris-air-volume-30h-mega-mascara-extra-black\/","title":{"rendered":"L&#8217;Or\u00e9al Paris Air Volume 30H Mega Mascara Extra Black"},"content":{"rendered":"<p>Bl\u00e6s alle lydstyrkeregler v\u00e6k! L&#8217;Or\u00e9al Paris Air Volume 30H Mega Black mascara giver dine vipper mega volumen! Resultater, der holder op til 30 timer* og stadig f\u00f8les let som luft. Den lette, men alligevel intense formel d\u00e6kker vipperne fra rod til spids og fylder dem med \u00f8jeblikkelig megavolumen p\u00e5 kun \u00e9n p\u00e5f\u00f8ring. Udtv\u00e6rer ikke eller smuldrer og modst\u00e5r sved &#8211; for at holde hele dagen og natten lang. Hypoallergen formel. *instrumental test, 118 personer<\/p>\n","protected":false},"excerpt":{"rendered":"<p>Bl\u00e6s alle lydstyrkeregler v\u00e6k! L&#8217;Or\u00e9al Paris Air Volume 30H Mega Black mascara giver dine vipper mega volumen! Resultater, der holder op til 30 timer* og stadig f\u00f8les let som luft. Den lette, men alligevel intense formel d\u00e6kker vipperne fra rod til spids og fylder dem med \u00f8jeblikkelig megavolumen p\u00e5 kun \u00e9n p\u00e5f\u00f8ring. Udtv\u00e6rer ikke eller [&hellip;]<\/p>\n","protected":false},"featured_media":132508,"comment_status":"open","ping_status":"closed","template":"","meta":{"_trash_the_other_posts":false},"product_brand":[],"product_cat":[618],"product_tag":[],"berocket_brand":[2000],"class_list":{"0":"post-132513","1":"product","2":"type-product","3":"status-publish","4":"has-post-thumbnail","6":"product_cat-mascara","7":"pa_brand-loreal-paris-2","8":"berocket_brand-loreal-paris","10":"first","11":"instock","12":"sale","13":"taxable","14":"shipping-taxable","15":"purchasable","16":"product-type-simple"},"_links":{"self":[{"href":"https:\/\/stylingagenten.com\/da\/wp-json\/wp\/v2\/product\/132513","targetHints":{"allow":["GET"]}}],"collection":[{"href":"https:\/\/stylingagenten.com\/da\/wp-json\/wp\/v2\/product"}],"about":[{"href":"https:\/\/stylingagenten.com\/da\/wp-json\/wp\/v2\/types\/product"}],"replies":[{"embeddable":true,"href":"https:\/\/stylingagenten.com\/da\/wp-json\/wp\/v2\/comments?post=132513"}],"version-history":[{"count":0,"href":"https:\/\/stylingagenten.com\/da\/wp-json\/wp\/v2\/product\/132513\/revisions"}],"wp:featuredmedia":[{"embeddable":true,"href":"https:\/\/stylingagenten.com\/da\/wp-json\/wp\/v2\/media\/132508"}],"wp:attachment":[{"href":"https:\/\/stylingagenten.com\/da\/wp-json\/wp\/v2\/media?parent=132513"}],"wp:term":[{"taxonomy":"product_brand","embeddable":true,"href":"https:\/\/stylingagenten.com\/da\/wp-json\/wp\/v2\/product_brand?post=132513"},{"taxonomy":"product_cat","embeddable":true,"href":"https:\/\/stylingagenten.com\/da\/wp-json\/wp\/v2\/product_cat?post=132513"},{"taxonomy":"product_tag","embeddable":true,"href":"https:\/\/stylingagenten.com\/da\/wp-json\/wp\/v2\/product_tag?post=132513"},{"taxonomy":"berocket_brand","embeddable":true,"href":"https:\/\/stylingagenten.com\/da\/wp-json\/wp\/v2\/berocket_brand?post=132513"}],"curies":[{"name":"wp","href":"https:\/\/api.w.org\/{rel}","templated":true}]}}