{"id":132502,"date":"2025-05-18T22:28:04","date_gmt":"2025-05-18T22:28:04","guid":{"rendered":"https:\/\/staging2.stylingagenten.com\/da\/produkt\/artdeco-mascara-all-in-one-brown-10ml\/"},"modified":"2026-02-16T14:21:12","modified_gmt":"2026-02-16T14:21:12","slug":"artdeco-mascara-all-in-one-brown-10ml","status":"publish","type":"product","link":"https:\/\/stylingagenten.com\/da\/produkt\/artdeco-mascara-all-in-one-brown-10ml\/","title":{"rendered":"Artdeco Mascara All In One Brown 10ml"},"content":{"rendered":"<p>Artdeco Mascara All In One Brown 10ml<br \/>Smukke vipper, uanset anledningen! All In One Mascara tackler alle udfordringer og giver lange, volumin\u00f8se og buede vipper. Den specielle mascara b\u00f8rste er en kombination af to forskellige b\u00f8rster. De t\u00e6ttere omr\u00e5der p\u00e5 b\u00f8rsten er perfekte til at adskille vipperne, mens omr\u00e5derne med f\u00e6rre fibre tilf\u00f8rer farve og volumen. Formlen er desuden smuldrende og snavsfri, plejende og ekstra holdbar!<br \/>\u2022 Giver lange, volumin\u00f8se og buede vipper<br \/>\u2022 Kombineret mascarab\u00f8rste<br \/>\u2022 Smuldrende, snavsfrit og holdbart resultat<br \/>\u2022 Carnauba voks plejer og giver glans <br \/>\u2022 Vegansk<\/p>\n","protected":false},"excerpt":{"rendered":"<p>Artdeco Mascara All In One Brown 10mlSmukke vipper, uanset anledningen! All In One Mascara tackler alle udfordringer og giver lange, volumin\u00f8se og buede vipper. Den specielle mascara b\u00f8rste er en kombination af to forskellige b\u00f8rster. De t\u00e6ttere omr\u00e5der p\u00e5 b\u00f8rsten er perfekte til at adskille vipperne, mens omr\u00e5derne med f\u00e6rre fibre tilf\u00f8rer farve og volumen. [&hellip;]<\/p>\n","protected":false},"featured_media":132500,"comment_status":"open","ping_status":"closed","template":"","meta":{"_trash_the_other_posts":false},"product_brand":[],"product_cat":[618],"product_tag":[2439],"berocket_brand":[1385],"class_list":{"0":"post-132502","1":"product","2":"type-product","3":"status-publish","4":"has-post-thumbnail","6":"product_cat-mascara","7":"product_tag-artdeco-mascara-all-in-one-10ml","8":"pa_brand-artdeco","9":"pa_variant-brown","10":"berocket_brand-artdeco","12":"first","13":"instock","14":"sale","15":"taxable","16":"shipping-taxable","17":"purchasable","18":"product-type-simple"},"_links":{"self":[{"href":"https:\/\/stylingagenten.com\/da\/wp-json\/wp\/v2\/product\/132502","targetHints":{"allow":["GET"]}}],"collection":[{"href":"https:\/\/stylingagenten.com\/da\/wp-json\/wp\/v2\/product"}],"about":[{"href":"https:\/\/stylingagenten.com\/da\/wp-json\/wp\/v2\/types\/product"}],"replies":[{"embeddable":true,"href":"https:\/\/stylingagenten.com\/da\/wp-json\/wp\/v2\/comments?post=132502"}],"version-history":[{"count":0,"href":"https:\/\/stylingagenten.com\/da\/wp-json\/wp\/v2\/product\/132502\/revisions"}],"wp:featuredmedia":[{"embeddable":true,"href":"https:\/\/stylingagenten.com\/da\/wp-json\/wp\/v2\/media\/132500"}],"wp:attachment":[{"href":"https:\/\/stylingagenten.com\/da\/wp-json\/wp\/v2\/media?parent=132502"}],"wp:term":[{"taxonomy":"product_brand","embeddable":true,"href":"https:\/\/stylingagenten.com\/da\/wp-json\/wp\/v2\/product_brand?post=132502"},{"taxonomy":"product_cat","embeddable":true,"href":"https:\/\/stylingagenten.com\/da\/wp-json\/wp\/v2\/product_cat?post=132502"},{"taxonomy":"product_tag","embeddable":true,"href":"https:\/\/stylingagenten.com\/da\/wp-json\/wp\/v2\/product_tag?post=132502"},{"taxonomy":"berocket_brand","embeddable":true,"href":"https:\/\/stylingagenten.com\/da\/wp-json\/wp\/v2\/berocket_brand?post=132502"}],"curies":[{"name":"wp","href":"https:\/\/api.w.org\/{rel}","templated":true}]}}