{"id":132483,"date":"2025-05-18T22:28:02","date_gmt":"2025-05-18T22:28:02","guid":{"rendered":"https:\/\/staging2.stylingagenten.com\/da\/produkt\/max-factor-masterpiece-2-in-1-lash-wow-mascara-001-black-7ml\/"},"modified":"2026-03-19T09:07:30","modified_gmt":"2026-03-19T09:07:30","slug":"max-factor-masterpiece-2-in-1-lash-wow-mascara-001-black-7ml","status":"publish","type":"product","link":"https:\/\/stylingagenten.com\/da\/produkt\/max-factor-masterpiece-2-in-1-lash-wow-mascara-001-black-7ml\/","title":{"rendered":"Max Factor Masterpiece 2 In 1 Lash Wow Mascara 001 Black 7ml"},"content":{"rendered":"<p>Max Factor Masterpiece 2 In 1 Lash Wow Mascara giver dig lange og ekstra fyldige vipper. Med et enkelt drej p\u00e5 b\u00f8rsteh\u00e5ndtaget kan du forvandle dit look p\u00e5 et \u00f8jeblik. Adskil vipperne og giv dem l\u00e6ngde, eller l\u00f8ft dem og g\u00f8r dem fyldige, du v\u00e6lger!<\/p>\n<p>Dette veganske produkt indeholder sunde ingredienser, der plejer vipperne. &#8211; Masterpiece 2 In 1 Lash Wow Mascara hverken smuldrer eller klumper, men bliver hvor den skal fra morgen til aften. Mascaraen giver b\u00e5de l\u00e6ngde og volumen og bliver, hvor den skal. Den er nem at p\u00e5f\u00f8re, d\u00e6kker vipperne fra rod til spids og fanger ogs\u00e5 de sm\u00e5 vipper i den inderste \u00f8jenkrog.<\/p>\n<p>Max Factor Masterpiece 2 In 1 Lash Wow Mascara er testet af \u00f8jenl\u00e6ger og er velegnet til f\u00f8lsomme \u00f8jne og brugere af kontaktlinser. Giv dine vipper et look, der f\u00e5r alle til at sige WOW!<\/p>\n","protected":false},"excerpt":{"rendered":"<p>Max Factor Masterpiece 2 In 1 Lash Wow Mascara giver dig lange og ekstra fyldige vipper. Med et enkelt drej p\u00e5 b\u00f8rsteh\u00e5ndtaget kan du forvandle dit look p\u00e5 et \u00f8jeblik. Adskil vipperne og giv dem l\u00e6ngde, eller l\u00f8ft dem og g\u00f8r dem fyldige, du v\u00e6lger! Dette veganske produkt indeholder sunde ingredienser, der plejer vipperne. &#8211; [&hellip;]<\/p>\n","protected":false},"featured_media":132475,"comment_status":"open","ping_status":"closed","template":"","meta":{"_trash_the_other_posts":false},"product_brand":[],"product_cat":[618],"product_tag":[],"berocket_brand":[1013],"class_list":{"0":"post-132483","1":"product","2":"type-product","3":"status-publish","4":"has-post-thumbnail","6":"product_cat-mascara","7":"pa_brand-max-factor","8":"berocket_brand-max-factor","10":"first","11":"instock","12":"sale","13":"taxable","14":"shipping-taxable","15":"purchasable","16":"product-type-simple"},"_links":{"self":[{"href":"https:\/\/stylingagenten.com\/da\/wp-json\/wp\/v2\/product\/132483","targetHints":{"allow":["GET"]}}],"collection":[{"href":"https:\/\/stylingagenten.com\/da\/wp-json\/wp\/v2\/product"}],"about":[{"href":"https:\/\/stylingagenten.com\/da\/wp-json\/wp\/v2\/types\/product"}],"replies":[{"embeddable":true,"href":"https:\/\/stylingagenten.com\/da\/wp-json\/wp\/v2\/comments?post=132483"}],"version-history":[{"count":0,"href":"https:\/\/stylingagenten.com\/da\/wp-json\/wp\/v2\/product\/132483\/revisions"}],"wp:featuredmedia":[{"embeddable":true,"href":"https:\/\/stylingagenten.com\/da\/wp-json\/wp\/v2\/media\/132475"}],"wp:attachment":[{"href":"https:\/\/stylingagenten.com\/da\/wp-json\/wp\/v2\/media?parent=132483"}],"wp:term":[{"taxonomy":"product_brand","embeddable":true,"href":"https:\/\/stylingagenten.com\/da\/wp-json\/wp\/v2\/product_brand?post=132483"},{"taxonomy":"product_cat","embeddable":true,"href":"https:\/\/stylingagenten.com\/da\/wp-json\/wp\/v2\/product_cat?post=132483"},{"taxonomy":"product_tag","embeddable":true,"href":"https:\/\/stylingagenten.com\/da\/wp-json\/wp\/v2\/product_tag?post=132483"},{"taxonomy":"berocket_brand","embeddable":true,"href":"https:\/\/stylingagenten.com\/da\/wp-json\/wp\/v2\/berocket_brand?post=132483"}],"curies":[{"name":"wp","href":"https:\/\/api.w.org\/{rel}","templated":true}]}}