{"id":132471,"date":"2025-05-18T22:28:00","date_gmt":"2025-05-18T22:28:00","guid":{"rendered":"https:\/\/staging2.stylingagenten.com\/da\/produkt\/maybelline-lash-sensational-sky-high-tinted-primer\/"},"modified":"2025-12-18T21:52:39","modified_gmt":"2025-12-18T21:52:39","slug":"maybelline-lash-sensational-sky-high-tinted-primer","status":"publish","type":"product","link":"https:\/\/stylingagenten.com\/da\/produkt\/maybelline-lash-sensational-sky-high-tinted-primer\/","title":{"rendered":"Maybelline Lash Sensational Sky High Tinted Primer"},"content":{"rendered":"<p>Fremh\u00e6v dine vipper med Lash Sensational Sky High Tinted Primer fra Maybelline New York, en primer der giver vipperne op til 1,5 gange volumen* og ekstrem l\u00e6ngde**. Primerens sorte formel fremh\u00e6ver og bygger vipperne for at give l\u00e6ngde og forst\u00e6rke den volumengivende effekt \u2013 for lange, fyldige vipper uden klumper! Lash Sensational Sky High Tinted Primer fra Maybelline New York er beriget med ceramid og B5-vitamin, og den n\u00e6rende formel g\u00f8r vipperne bl\u00f8de p\u00e5 bare 4 uger***. Primeren forl\u00e6nger, fylder ud og plejer dine vipper. Testet under oftalmologisk kontrol. Velegnet til sensitive \u00f8jne.<\/p>\n<p>*Sammenlignet med kun Sky High Washable mascara.<\/p>\n<p>**Ved brug i kombination med Sky High Washable mascara.<\/p>\n<p>***Selvevaluering, 147 personer<\/p>\n","protected":false},"excerpt":{"rendered":"<p>Fremh\u00e6v dine vipper med Lash Sensational Sky High Tinted Primer fra Maybelline New York, en primer der giver vipperne op til 1,5 gange volumen* og ekstrem l\u00e6ngde**. Primerens sorte formel fremh\u00e6ver og bygger vipperne for at give l\u00e6ngde og forst\u00e6rke den volumengivende effekt \u2013 for lange, fyldige vipper uden klumper! Lash Sensational Sky High Tinted [&hellip;]<\/p>\n","protected":false},"featured_media":132448,"comment_status":"open","ping_status":"closed","template":"","meta":{"_trash_the_other_posts":false},"product_brand":[],"product_cat":[716],"product_tag":[],"berocket_brand":[1016],"class_list":{"0":"post-132471","1":"product","2":"type-product","3":"status-publish","4":"has-post-thumbnail","6":"product_cat-mascara-primer","7":"pa_brand-maybelline","8":"berocket_brand-maybelline","10":"first","11":"instock","12":"sale","13":"taxable","14":"shipping-taxable","15":"purchasable","16":"product-type-simple"},"_links":{"self":[{"href":"https:\/\/stylingagenten.com\/da\/wp-json\/wp\/v2\/product\/132471","targetHints":{"allow":["GET"]}}],"collection":[{"href":"https:\/\/stylingagenten.com\/da\/wp-json\/wp\/v2\/product"}],"about":[{"href":"https:\/\/stylingagenten.com\/da\/wp-json\/wp\/v2\/types\/product"}],"replies":[{"embeddable":true,"href":"https:\/\/stylingagenten.com\/da\/wp-json\/wp\/v2\/comments?post=132471"}],"version-history":[{"count":0,"href":"https:\/\/stylingagenten.com\/da\/wp-json\/wp\/v2\/product\/132471\/revisions"}],"wp:featuredmedia":[{"embeddable":true,"href":"https:\/\/stylingagenten.com\/da\/wp-json\/wp\/v2\/media\/132448"}],"wp:attachment":[{"href":"https:\/\/stylingagenten.com\/da\/wp-json\/wp\/v2\/media?parent=132471"}],"wp:term":[{"taxonomy":"product_brand","embeddable":true,"href":"https:\/\/stylingagenten.com\/da\/wp-json\/wp\/v2\/product_brand?post=132471"},{"taxonomy":"product_cat","embeddable":true,"href":"https:\/\/stylingagenten.com\/da\/wp-json\/wp\/v2\/product_cat?post=132471"},{"taxonomy":"product_tag","embeddable":true,"href":"https:\/\/stylingagenten.com\/da\/wp-json\/wp\/v2\/product_tag?post=132471"},{"taxonomy":"berocket_brand","embeddable":true,"href":"https:\/\/stylingagenten.com\/da\/wp-json\/wp\/v2\/berocket_brand?post=132471"}],"curies":[{"name":"wp","href":"https:\/\/api.w.org\/{rel}","templated":true}]}}