{"id":132469,"date":"2025-05-18T22:27:59","date_gmt":"2025-05-18T22:27:59","guid":{"rendered":"https:\/\/staging2.stylingagenten.com\/da\/produkt\/wet-n-wild-megalast-breakup-proof-waterproof-boosting-mascara-ultra-black\/"},"modified":"2025-12-18T21:58:45","modified_gmt":"2025-12-18T21:58:45","slug":"wet-n-wild-megalast-breakup-proof-waterproof-boosting-mascara-ultra-black","status":"publish","type":"product","link":"https:\/\/stylingagenten.com\/da\/produkt\/wet-n-wild-megalast-breakup-proof-waterproof-boosting-mascara-ultra-black\/","title":{"rendered":"Wet n Wild Megalast Breakup Proof Waterproof Boosting Mascara Ultra Black"},"content":{"rendered":"<p>Boost dine vipper med Wet n Wild Megalast Breakup Proof Waterproof Boosting Mascara Ultra Black! Med en blanding af ricinusolie, E-vitamin og vegetabilsk kollagen vil dine vipper se fyldigere ud end nogensinde f\u00f8r. Den unikke b\u00f8rste d\u00e6kker hver vippe fra rod til spids for fantastiske resultater.<br \/>\n<br \/>8 ml<\/p>\n","protected":false},"excerpt":{"rendered":"<p>Boost dine vipper med Wet n Wild Megalast Breakup Proof Waterproof Boosting Mascara Ultra Black! Med en blanding af ricinusolie, E-vitamin og vegetabilsk kollagen vil dine vipper se fyldigere ud end nogensinde f\u00f8r. Den unikke b\u00f8rste d\u00e6kker hver vippe fra rod til spids for fantastiske resultater. 8 ml<\/p>\n","protected":false},"featured_media":132445,"comment_status":"open","ping_status":"closed","template":"","meta":{"_trash_the_other_posts":false},"product_brand":[],"product_cat":[618],"product_tag":[],"berocket_brand":[1035],"class_list":{"0":"post-132469","1":"product","2":"type-product","3":"status-publish","4":"has-post-thumbnail","6":"product_cat-mascara","7":"pa_brand-wet-n-wild","8":"berocket_brand-wet-n-wild","10":"first","11":"instock","12":"sale","13":"taxable","14":"shipping-taxable","15":"purchasable","16":"product-type-simple"},"_links":{"self":[{"href":"https:\/\/stylingagenten.com\/da\/wp-json\/wp\/v2\/product\/132469","targetHints":{"allow":["GET"]}}],"collection":[{"href":"https:\/\/stylingagenten.com\/da\/wp-json\/wp\/v2\/product"}],"about":[{"href":"https:\/\/stylingagenten.com\/da\/wp-json\/wp\/v2\/types\/product"}],"replies":[{"embeddable":true,"href":"https:\/\/stylingagenten.com\/da\/wp-json\/wp\/v2\/comments?post=132469"}],"version-history":[{"count":0,"href":"https:\/\/stylingagenten.com\/da\/wp-json\/wp\/v2\/product\/132469\/revisions"}],"wp:featuredmedia":[{"embeddable":true,"href":"https:\/\/stylingagenten.com\/da\/wp-json\/wp\/v2\/media\/132445"}],"wp:attachment":[{"href":"https:\/\/stylingagenten.com\/da\/wp-json\/wp\/v2\/media?parent=132469"}],"wp:term":[{"taxonomy":"product_brand","embeddable":true,"href":"https:\/\/stylingagenten.com\/da\/wp-json\/wp\/v2\/product_brand?post=132469"},{"taxonomy":"product_cat","embeddable":true,"href":"https:\/\/stylingagenten.com\/da\/wp-json\/wp\/v2\/product_cat?post=132469"},{"taxonomy":"product_tag","embeddable":true,"href":"https:\/\/stylingagenten.com\/da\/wp-json\/wp\/v2\/product_tag?post=132469"},{"taxonomy":"berocket_brand","embeddable":true,"href":"https:\/\/stylingagenten.com\/da\/wp-json\/wp\/v2\/berocket_brand?post=132469"}],"curies":[{"name":"wp","href":"https:\/\/api.w.org\/{rel}","templated":true}]}}