{"id":132449,"date":"2025-05-18T22:27:57","date_gmt":"2025-05-18T22:27:57","guid":{"rendered":"https:\/\/staging2.stylingagenten.com\/da\/produkt\/maybelline-falsies-surreal-extensions-mascara-very-black-10ml\/"},"modified":"2026-02-21T12:16:47","modified_gmt":"2026-02-21T12:16:47","slug":"maybelline-falsies-surreal-extensions-mascara-very-black-10ml","status":"publish","type":"product","link":"https:\/\/stylingagenten.com\/da\/produkt\/maybelline-falsies-surreal-extensions-mascara-very-black-10ml\/","title":{"rendered":"Maybelline Falsies Surreal Extensions Mascara Very Black 10ml"},"content":{"rendered":"<p>Fremh\u00e6v det bedste i dine vipper med Maybelline New York Falsies Surreal Extensions Mascara Very Black! Denne fibermascara forl\u00e6nger dine vipper og lader dig nemt opbygge b\u00e5de kr\u00f8l og op til 10x mere volumen*. Med den glatte b\u00f8rste p\u00e5f\u00f8rer du nemt den intenst sorte formel lag for lag, indtil du opn\u00e5r den volumen, du dr\u00f8mmer om.<\/p>\n<p>10ml<\/p>\n","protected":false},"excerpt":{"rendered":"<p>Fremh\u00e6v det bedste i dine vipper med Maybelline New York Falsies Surreal Extensions Mascara Very Black! Denne fibermascara forl\u00e6nger dine vipper og lader dig nemt opbygge b\u00e5de kr\u00f8l og op til 10x mere volumen*. Med den glatte b\u00f8rste p\u00e5f\u00f8rer du nemt den intenst sorte formel lag for lag, indtil du opn\u00e5r den volumen, du dr\u00f8mmer [&hellip;]<\/p>\n","protected":false},"featured_media":132407,"comment_status":"open","ping_status":"closed","template":"","meta":{"_trash_the_other_posts":false},"product_brand":[],"product_cat":[618],"product_tag":[],"berocket_brand":[1016],"class_list":{"0":"post-132449","1":"product","2":"type-product","3":"status-publish","4":"has-post-thumbnail","6":"product_cat-mascara","7":"pa_brand-maybelline","8":"berocket_brand-maybelline","10":"first","11":"instock","12":"sale","13":"taxable","14":"shipping-taxable","15":"purchasable","16":"product-type-simple"},"_links":{"self":[{"href":"https:\/\/stylingagenten.com\/da\/wp-json\/wp\/v2\/product\/132449","targetHints":{"allow":["GET"]}}],"collection":[{"href":"https:\/\/stylingagenten.com\/da\/wp-json\/wp\/v2\/product"}],"about":[{"href":"https:\/\/stylingagenten.com\/da\/wp-json\/wp\/v2\/types\/product"}],"replies":[{"embeddable":true,"href":"https:\/\/stylingagenten.com\/da\/wp-json\/wp\/v2\/comments?post=132449"}],"version-history":[{"count":0,"href":"https:\/\/stylingagenten.com\/da\/wp-json\/wp\/v2\/product\/132449\/revisions"}],"wp:featuredmedia":[{"embeddable":true,"href":"https:\/\/stylingagenten.com\/da\/wp-json\/wp\/v2\/media\/132407"}],"wp:attachment":[{"href":"https:\/\/stylingagenten.com\/da\/wp-json\/wp\/v2\/media?parent=132449"}],"wp:term":[{"taxonomy":"product_brand","embeddable":true,"href":"https:\/\/stylingagenten.com\/da\/wp-json\/wp\/v2\/product_brand?post=132449"},{"taxonomy":"product_cat","embeddable":true,"href":"https:\/\/stylingagenten.com\/da\/wp-json\/wp\/v2\/product_cat?post=132449"},{"taxonomy":"product_tag","embeddable":true,"href":"https:\/\/stylingagenten.com\/da\/wp-json\/wp\/v2\/product_tag?post=132449"},{"taxonomy":"berocket_brand","embeddable":true,"href":"https:\/\/stylingagenten.com\/da\/wp-json\/wp\/v2\/berocket_brand?post=132449"}],"curies":[{"name":"wp","href":"https:\/\/api.w.org\/{rel}","templated":true}]}}