{"id":132446,"date":"2025-05-18T22:27:57","date_gmt":"2025-05-18T22:27:57","guid":{"rendered":"https:\/\/staging2.stylingagenten.com\/da\/produkt\/artdeco-ultra-deep-black-mascara-8ml\/"},"modified":"2026-02-21T07:36:44","modified_gmt":"2026-02-21T07:36:44","slug":"artdeco-ultra-deep-black-mascara-8ml","status":"publish","type":"product","link":"https:\/\/stylingagenten.com\/da\/produkt\/artdeco-ultra-deep-black-mascara-8ml\/","title":{"rendered":"Artdeco Ultra Deep Black Mascara 8ml"},"content":{"rendered":"<p>Ultra Deep Black Mascara indeholder intense sorte pigmenter, der omslutter dine vipper for en j\u00e6vn og dybt sort finish. Den innovative b\u00f8rste intensiverer den dybt sorte effekt med dens t\u00e6t pakket b\u00f8rster af forskellige l\u00e6ngder. Dette garanterer et s\u00e6rligt j\u00e6vnt og intens lag af mascara. De kortere b\u00f8rster p\u00e5 gummib\u00f8rsten n\u00e5r selv de korteste vipper og omgiver dem i en m\u00f8rk tone og skaber volumen, mens de l\u00e6ngere b\u00f8rster separerer vipperne og f\u00e5r dem til at se l\u00e6ngere ud. Spidsen af b\u00f8rsten har ogs\u00e5 korte b\u00f8rster for ultimativ pr\u00e6cision. Tils\u00e6tningen af naturligt karnaubavoks og ricinolie i formlen beskytter vipperne og holder dem smidige.<\/p>\n<p>8 ml<\/p>\n","protected":false},"excerpt":{"rendered":"<p>Ultra Deep Black Mascara indeholder intense sorte pigmenter, der omslutter dine vipper for en j\u00e6vn og dybt sort finish. Den innovative b\u00f8rste intensiverer den dybt sorte effekt med dens t\u00e6t pakket b\u00f8rster af forskellige l\u00e6ngder. Dette garanterer et s\u00e6rligt j\u00e6vnt og intens lag af mascara. De kortere b\u00f8rster p\u00e5 gummib\u00f8rsten n\u00e5r selv de korteste vipper [&hellip;]<\/p>\n","protected":false},"featured_media":132434,"comment_status":"open","ping_status":"closed","template":"","meta":{"_trash_the_other_posts":false},"product_brand":[],"product_cat":[618],"product_tag":[],"berocket_brand":[1385],"class_list":{"0":"post-132446","1":"product","2":"type-product","3":"status-publish","4":"has-post-thumbnail","6":"product_cat-mascara","7":"pa_brand-artdeco","8":"berocket_brand-artdeco","10":"first","11":"instock","12":"sale","13":"taxable","14":"shipping-taxable","15":"purchasable","16":"product-type-simple"},"_links":{"self":[{"href":"https:\/\/stylingagenten.com\/da\/wp-json\/wp\/v2\/product\/132446","targetHints":{"allow":["GET"]}}],"collection":[{"href":"https:\/\/stylingagenten.com\/da\/wp-json\/wp\/v2\/product"}],"about":[{"href":"https:\/\/stylingagenten.com\/da\/wp-json\/wp\/v2\/types\/product"}],"replies":[{"embeddable":true,"href":"https:\/\/stylingagenten.com\/da\/wp-json\/wp\/v2\/comments?post=132446"}],"version-history":[{"count":0,"href":"https:\/\/stylingagenten.com\/da\/wp-json\/wp\/v2\/product\/132446\/revisions"}],"wp:featuredmedia":[{"embeddable":true,"href":"https:\/\/stylingagenten.com\/da\/wp-json\/wp\/v2\/media\/132434"}],"wp:attachment":[{"href":"https:\/\/stylingagenten.com\/da\/wp-json\/wp\/v2\/media?parent=132446"}],"wp:term":[{"taxonomy":"product_brand","embeddable":true,"href":"https:\/\/stylingagenten.com\/da\/wp-json\/wp\/v2\/product_brand?post=132446"},{"taxonomy":"product_cat","embeddable":true,"href":"https:\/\/stylingagenten.com\/da\/wp-json\/wp\/v2\/product_cat?post=132446"},{"taxonomy":"product_tag","embeddable":true,"href":"https:\/\/stylingagenten.com\/da\/wp-json\/wp\/v2\/product_tag?post=132446"},{"taxonomy":"berocket_brand","embeddable":true,"href":"https:\/\/stylingagenten.com\/da\/wp-json\/wp\/v2\/berocket_brand?post=132446"}],"curies":[{"name":"wp","href":"https:\/\/api.w.org\/{rel}","templated":true}]}}