{"id":132422,"date":"2025-05-18T22:27:54","date_gmt":"2025-05-18T22:27:54","guid":{"rendered":"https:\/\/staging2.stylingagenten.com\/da\/produkt\/artdeco-amazing-effect-mascara-black-10ml\/"},"modified":"2026-02-19T08:47:46","modified_gmt":"2026-02-19T08:47:46","slug":"artdeco-amazing-effect-mascara-black-10ml","status":"publish","type":"product","link":"https:\/\/stylingagenten.com\/da\/produkt\/artdeco-amazing-effect-mascara-black-10ml\/","title":{"rendered":"Artdeco Amazing Effect Mascara Black 10ml"},"content":{"rendered":"<p>Lille, men kraftfuld! Amazing Effect Mascara er den perfekte mascara til dig, der \u00f8nsker fyldigere og mere volumin\u00f8se vipper uden klumper. Den lille b\u00f8rste fanger selv de fineste og mindste vipper, hvilket skaber en fantastisk \u00f8jen\u00e5bnende effekt.<\/p>\n<p>Beriget med naturlige vokser \u2013 jojoba, solsikke, candelilla og carnauba \u2013 hj\u00e6lper mascaraen med at bevare fugten, samtidig med at den holder vipperne bl\u00f8de og fleksible. Silkeproteiner giver en udglattende og plejende effekt, mens morgenfrueekstrakt beroliger og plejer f\u00f8lsom hud ved hver p\u00e5f\u00f8ring.<\/p>\n<p>En mascara, der imponerer trods sin st\u00f8rrelse!<\/p>\n<p>N\u00f8gleingredienser &amp; deres fordele:<\/p>\n<p>Naturlige vokser \u2013 bevarer fugten og holder vipperne bl\u00f8de<\/p>\n<p>Silkeproteiner \u2013 plejer og giver en j\u00e6vn, bl\u00f8d f\u00f8lelse<\/p>\n<p>Morgenfrueekstrakt \u2013 beroliger og beskytter f\u00f8lsom hud<\/p>\n<p>Giv dine vipper maksimal effekt med minimal indsats!<\/p>\n<p>10ml<\/p>\n","protected":false},"excerpt":{"rendered":"<p>Lille, men kraftfuld! Amazing Effect Mascara er den perfekte mascara til dig, der \u00f8nsker fyldigere og mere volumin\u00f8se vipper uden klumper. Den lille b\u00f8rste fanger selv de fineste og mindste vipper, hvilket skaber en fantastisk \u00f8jen\u00e5bnende effekt. Beriget med naturlige vokser \u2013 jojoba, solsikke, candelilla og carnauba \u2013 hj\u00e6lper mascaraen med at bevare fugten, samtidig [&hellip;]<\/p>\n","protected":false},"featured_media":132403,"comment_status":"open","ping_status":"closed","template":"","meta":{"_trash_the_other_posts":false},"product_brand":[],"product_cat":[618],"product_tag":[],"berocket_brand":[1385],"class_list":{"0":"post-132422","1":"product","2":"type-product","3":"status-publish","4":"has-post-thumbnail","6":"product_cat-mascara","7":"pa_brand-artdeco","8":"berocket_brand-artdeco","10":"first","11":"instock","12":"sale","13":"taxable","14":"shipping-taxable","15":"purchasable","16":"product-type-simple"},"_links":{"self":[{"href":"https:\/\/stylingagenten.com\/da\/wp-json\/wp\/v2\/product\/132422","targetHints":{"allow":["GET"]}}],"collection":[{"href":"https:\/\/stylingagenten.com\/da\/wp-json\/wp\/v2\/product"}],"about":[{"href":"https:\/\/stylingagenten.com\/da\/wp-json\/wp\/v2\/types\/product"}],"replies":[{"embeddable":true,"href":"https:\/\/stylingagenten.com\/da\/wp-json\/wp\/v2\/comments?post=132422"}],"version-history":[{"count":0,"href":"https:\/\/stylingagenten.com\/da\/wp-json\/wp\/v2\/product\/132422\/revisions"}],"wp:featuredmedia":[{"embeddable":true,"href":"https:\/\/stylingagenten.com\/da\/wp-json\/wp\/v2\/media\/132403"}],"wp:attachment":[{"href":"https:\/\/stylingagenten.com\/da\/wp-json\/wp\/v2\/media?parent=132422"}],"wp:term":[{"taxonomy":"product_brand","embeddable":true,"href":"https:\/\/stylingagenten.com\/da\/wp-json\/wp\/v2\/product_brand?post=132422"},{"taxonomy":"product_cat","embeddable":true,"href":"https:\/\/stylingagenten.com\/da\/wp-json\/wp\/v2\/product_cat?post=132422"},{"taxonomy":"product_tag","embeddable":true,"href":"https:\/\/stylingagenten.com\/da\/wp-json\/wp\/v2\/product_tag?post=132422"},{"taxonomy":"berocket_brand","embeddable":true,"href":"https:\/\/stylingagenten.com\/da\/wp-json\/wp\/v2\/berocket_brand?post=132422"}],"curies":[{"name":"wp","href":"https:\/\/api.w.org\/{rel}","templated":true}]}}