{"id":132418,"date":"2025-05-18T22:27:54","date_gmt":"2025-05-18T22:27:54","guid":{"rendered":"https:\/\/staging2.stylingagenten.com\/da\/produkt\/artdeco-volume-sensation-mascara-black-15ml\/"},"modified":"2026-03-24T06:07:40","modified_gmt":"2026-03-24T06:07:40","slug":"artdeco-volume-sensation-mascara-black-15ml","status":"publish","type":"product","link":"https:\/\/stylingagenten.com\/da\/produkt\/artdeco-volume-sensation-mascara-black-15ml\/","title":{"rendered":"Artdeco Volume Sensation Mascara Black 15ml"},"content":{"rendered":"<p>Giv dine vipper en wow-effekt med Volume Sensation Mascara \u2013 mascaraen, der garanteret f\u00e5r blikke til at vende sig! Med en ekstra stor volumeb\u00f8rste skaber den fyldigere, l\u00e6ngere og mere definerede vipper p\u00e5 blot et par str\u00f8g. Den innovative &#8220;high-heel&#8221;-effekt giver en imponerende forl\u00e6ngelse, hvilket g\u00f8r \u00f8jnene uimodst\u00e5elige.<\/p>\n<p>Den silkebl\u00f8de tekstur kombineret med den bl\u00f8de, volumengivende b\u00f8rste fremh\u00e6ver vippernes naturlige form og giver b\u00e5de \u00f8jeblikkelig volumen og fantastisk l\u00e6ngde \u2013 helt uden klumper! Takket v\u00e6re de rene pigmenter f\u00e5r mascaraen en intens farve, der virkelig l\u00f8fter blikket.<\/p>\n<p>Vil du have ekstra meget volumen og l\u00e6ngde? P\u00e5f\u00f8r flere lag og byg vipperne gradvist op for en dramatisk og i\u00f8jnefaldende effekt.<\/p>\n<p>15ml<\/p>\n","protected":false},"excerpt":{"rendered":"<p>Giv dine vipper en wow-effekt med Volume Sensation Mascara \u2013 mascaraen, der garanteret f\u00e5r blikke til at vende sig! Med en ekstra stor volumeb\u00f8rste skaber den fyldigere, l\u00e6ngere og mere definerede vipper p\u00e5 blot et par str\u00f8g. Den innovative &#8220;high-heel&#8221;-effekt giver en imponerende forl\u00e6ngelse, hvilket g\u00f8r \u00f8jnene uimodst\u00e5elige. Den silkebl\u00f8de tekstur kombineret med den bl\u00f8de, [&hellip;]<\/p>\n","protected":false},"featured_media":132398,"comment_status":"open","ping_status":"closed","template":"","meta":{"_trash_the_other_posts":false},"product_brand":[],"product_cat":[618],"product_tag":[],"berocket_brand":[1385],"class_list":{"0":"post-132418","1":"product","2":"type-product","3":"status-publish","4":"has-post-thumbnail","6":"product_cat-mascara","7":"pa_brand-artdeco","8":"berocket_brand-artdeco","10":"first","11":"outofstock","12":"sale","13":"taxable","14":"shipping-taxable","15":"purchasable","16":"product-type-simple"},"_links":{"self":[{"href":"https:\/\/stylingagenten.com\/da\/wp-json\/wp\/v2\/product\/132418","targetHints":{"allow":["GET"]}}],"collection":[{"href":"https:\/\/stylingagenten.com\/da\/wp-json\/wp\/v2\/product"}],"about":[{"href":"https:\/\/stylingagenten.com\/da\/wp-json\/wp\/v2\/types\/product"}],"replies":[{"embeddable":true,"href":"https:\/\/stylingagenten.com\/da\/wp-json\/wp\/v2\/comments?post=132418"}],"version-history":[{"count":0,"href":"https:\/\/stylingagenten.com\/da\/wp-json\/wp\/v2\/product\/132418\/revisions"}],"wp:featuredmedia":[{"embeddable":true,"href":"https:\/\/stylingagenten.com\/da\/wp-json\/wp\/v2\/media\/132398"}],"wp:attachment":[{"href":"https:\/\/stylingagenten.com\/da\/wp-json\/wp\/v2\/media?parent=132418"}],"wp:term":[{"taxonomy":"product_brand","embeddable":true,"href":"https:\/\/stylingagenten.com\/da\/wp-json\/wp\/v2\/product_brand?post=132418"},{"taxonomy":"product_cat","embeddable":true,"href":"https:\/\/stylingagenten.com\/da\/wp-json\/wp\/v2\/product_cat?post=132418"},{"taxonomy":"product_tag","embeddable":true,"href":"https:\/\/stylingagenten.com\/da\/wp-json\/wp\/v2\/product_tag?post=132418"},{"taxonomy":"berocket_brand","embeddable":true,"href":"https:\/\/stylingagenten.com\/da\/wp-json\/wp\/v2\/berocket_brand?post=132418"}],"curies":[{"name":"wp","href":"https:\/\/api.w.org\/{rel}","templated":true}]}}