{"id":132411,"date":"2025-05-18T22:27:53","date_gmt":"2025-05-18T22:27:53","guid":{"rendered":"https:\/\/staging2.stylingagenten.com\/da\/produkt\/wet-n-wild-mega-volume-so-defined-volumizing-defining-mascara-black\/"},"modified":"2025-12-18T21:58:45","modified_gmt":"2025-12-18T21:58:45","slug":"wet-n-wild-mega-volume-so-defined-volumizing-defining-mascara-black","status":"publish","type":"product","link":"https:\/\/stylingagenten.com\/da\/produkt\/wet-n-wild-mega-volume-so-defined-volumizing-defining-mascara-black\/","title":{"rendered":"Wet n Wild Mega Volume So Defined Volumizing + Defining Mascara Black"},"content":{"rendered":"<p>Vil du have volumen uden klumper? F\u00e5 ultimativ effekt og definition p\u00e5 dine vipper med MegaVolume So Defined Volumizing Mascara. Denne ultrasorte mascara er beriget med ricinusolie, som plejer vipperne med omega-6 fedtsyrer og proteiner, og d\u00e6kker hver vippe med en holdbar plastb\u00f8rste, der k\u00e6mmer klumper v\u00e6k for ultravoluminerede, forl\u00e6ngede og buede vipper med ren definition.<br \/>\n<br \/>10 ml<\/p>\n","protected":false},"excerpt":{"rendered":"<p>Vil du have volumen uden klumper? F\u00e5 ultimativ effekt og definition p\u00e5 dine vipper med MegaVolume So Defined Volumizing Mascara. Denne ultrasorte mascara er beriget med ricinusolie, som plejer vipperne med omega-6 fedtsyrer og proteiner, og d\u00e6kker hver vippe med en holdbar plastb\u00f8rste, der k\u00e6mmer klumper v\u00e6k for ultravoluminerede, forl\u00e6ngede og buede vipper med ren [&hellip;]<\/p>\n","protected":false},"featured_media":132395,"comment_status":"open","ping_status":"closed","template":"","meta":{"_trash_the_other_posts":false},"product_brand":[],"product_cat":[618],"product_tag":[],"berocket_brand":[1035],"class_list":{"0":"post-132411","1":"product","2":"type-product","3":"status-publish","4":"has-post-thumbnail","6":"product_cat-mascara","7":"pa_brand-wet-n-wild","8":"berocket_brand-wet-n-wild","10":"first","11":"instock","12":"sale","13":"taxable","14":"shipping-taxable","15":"purchasable","16":"product-type-simple"},"_links":{"self":[{"href":"https:\/\/stylingagenten.com\/da\/wp-json\/wp\/v2\/product\/132411","targetHints":{"allow":["GET"]}}],"collection":[{"href":"https:\/\/stylingagenten.com\/da\/wp-json\/wp\/v2\/product"}],"about":[{"href":"https:\/\/stylingagenten.com\/da\/wp-json\/wp\/v2\/types\/product"}],"replies":[{"embeddable":true,"href":"https:\/\/stylingagenten.com\/da\/wp-json\/wp\/v2\/comments?post=132411"}],"version-history":[{"count":0,"href":"https:\/\/stylingagenten.com\/da\/wp-json\/wp\/v2\/product\/132411\/revisions"}],"wp:featuredmedia":[{"embeddable":true,"href":"https:\/\/stylingagenten.com\/da\/wp-json\/wp\/v2\/media\/132395"}],"wp:attachment":[{"href":"https:\/\/stylingagenten.com\/da\/wp-json\/wp\/v2\/media?parent=132411"}],"wp:term":[{"taxonomy":"product_brand","embeddable":true,"href":"https:\/\/stylingagenten.com\/da\/wp-json\/wp\/v2\/product_brand?post=132411"},{"taxonomy":"product_cat","embeddable":true,"href":"https:\/\/stylingagenten.com\/da\/wp-json\/wp\/v2\/product_cat?post=132411"},{"taxonomy":"product_tag","embeddable":true,"href":"https:\/\/stylingagenten.com\/da\/wp-json\/wp\/v2\/product_tag?post=132411"},{"taxonomy":"berocket_brand","embeddable":true,"href":"https:\/\/stylingagenten.com\/da\/wp-json\/wp\/v2\/berocket_brand?post=132411"}],"curies":[{"name":"wp","href":"https:\/\/api.w.org\/{rel}","templated":true}]}}