{"id":132396,"date":"2025-05-18T22:27:51","date_gmt":"2025-05-18T22:27:51","guid":{"rendered":"https:\/\/staging2.stylingagenten.com\/da\/produkt\/max-factor-clump-defy-mascara-black-131ml\/"},"modified":"2026-04-15T08:19:31","modified_gmt":"2026-04-15T08:19:31","slug":"max-factor-clump-defy-mascara-black-131ml","status":"publish","type":"product","link":"https:\/\/stylingagenten.com\/da\/produkt\/max-factor-clump-defy-mascara-black-131ml\/","title":{"rendered":"Max Factor Clump Defy Mascara Black 13,1ml"},"content":{"rendered":"<p>Max Factor Clump Defy Mascara lader dig bygge lag p\u00e5; lag og fylder dine vipper med s\u00e5 meget som 200 % mere volumen, samtidig med at de bevarer deres adskillelse og definition.<\/p>\n<p>Hemmeligheden ligger i den nye anti-klumpeb\u00f8rste, Max Factors f\u00f8rste helt klumpfri p\u00e5f\u00f8ringsb\u00f8rste. B\u00f8rstens konkave form giver enest\u00e5ende opladningskapacitet, der \u00f8jeblikkeligt opbygger volumen, mens dens pr\u00e6cist j\u00e6vnt fordelte og lige placerede b\u00f8rsteh\u00e5r stopper klumper, f\u00f8r de overhovedet dannes. Alt dette for maksimal vippevolumen med perfekt adskillelse og definition!<\/p>\n<p><strong>Indeholder:<\/strong> 13,1 ml<\/p>\n","protected":false},"excerpt":{"rendered":"<p>Max Factor Clump Defy Mascara lader dig bygge lag p\u00e5; lag og fylder dine vipper med s\u00e5 meget som 200 % mere volumen, samtidig med at de bevarer deres adskillelse og definition. Hemmeligheden ligger i den nye anti-klumpeb\u00f8rste, Max Factors f\u00f8rste helt klumpfri p\u00e5f\u00f8ringsb\u00f8rste. B\u00f8rstens konkave form giver enest\u00e5ende opladningskapacitet, der \u00f8jeblikkeligt opbygger volumen, mens [&hellip;]<\/p>\n","protected":false},"featured_media":132384,"comment_status":"open","ping_status":"closed","template":"","meta":{"_trash_the_other_posts":false},"product_brand":[],"product_cat":[1003,618],"product_tag":[],"berocket_brand":[1013],"class_list":{"0":"post-132396","1":"product","2":"type-product","3":"status-publish","4":"has-post-thumbnail","6":"product_cat-bestsellere","7":"product_cat-mascara","8":"pa_brand-max-factor","9":"berocket_brand-max-factor","11":"first","12":"instock","13":"sale","14":"taxable","15":"shipping-taxable","16":"purchasable","17":"product-type-simple"},"_links":{"self":[{"href":"https:\/\/stylingagenten.com\/da\/wp-json\/wp\/v2\/product\/132396","targetHints":{"allow":["GET"]}}],"collection":[{"href":"https:\/\/stylingagenten.com\/da\/wp-json\/wp\/v2\/product"}],"about":[{"href":"https:\/\/stylingagenten.com\/da\/wp-json\/wp\/v2\/types\/product"}],"replies":[{"embeddable":true,"href":"https:\/\/stylingagenten.com\/da\/wp-json\/wp\/v2\/comments?post=132396"}],"version-history":[{"count":0,"href":"https:\/\/stylingagenten.com\/da\/wp-json\/wp\/v2\/product\/132396\/revisions"}],"wp:featuredmedia":[{"embeddable":true,"href":"https:\/\/stylingagenten.com\/da\/wp-json\/wp\/v2\/media\/132384"}],"wp:attachment":[{"href":"https:\/\/stylingagenten.com\/da\/wp-json\/wp\/v2\/media?parent=132396"}],"wp:term":[{"taxonomy":"product_brand","embeddable":true,"href":"https:\/\/stylingagenten.com\/da\/wp-json\/wp\/v2\/product_brand?post=132396"},{"taxonomy":"product_cat","embeddable":true,"href":"https:\/\/stylingagenten.com\/da\/wp-json\/wp\/v2\/product_cat?post=132396"},{"taxonomy":"product_tag","embeddable":true,"href":"https:\/\/stylingagenten.com\/da\/wp-json\/wp\/v2\/product_tag?post=132396"},{"taxonomy":"berocket_brand","embeddable":true,"href":"https:\/\/stylingagenten.com\/da\/wp-json\/wp\/v2\/berocket_brand?post=132396"}],"curies":[{"name":"wp","href":"https:\/\/api.w.org\/{rel}","templated":true}]}}