{"id":132389,"date":"2025-05-18T22:27:50","date_gmt":"2025-05-18T22:27:50","guid":{"rendered":"https:\/\/staging2.stylingagenten.com\/da\/produkt\/artdeco-all-in-one-mascara-black-10ml\/"},"modified":"2026-03-10T19:56:31","modified_gmt":"2026-03-10T19:56:31","slug":"artdeco-all-in-one-mascara-black-10ml","status":"publish","type":"product","link":"https:\/\/stylingagenten.com\/da\/produkt\/artdeco-all-in-one-mascara-black-10ml\/","title":{"rendered":"Artdeco All In One Mascara Black 10ml"},"content":{"rendered":"<p>All In One Mascara \u2013 smukke vipper, uanset lejlighed! Denne mascara er klar til enhver udfordring og giver vipperne b\u00e5de l\u00e6ngde og volumen med en fantastisk b\u00f8lge. Den former vipperne perfekt ved forsigtigt at d\u00e6kke dem, hvilket g\u00f8r dem fyldigere og l\u00e6ngere. Den specialdesignede mascaraborste er lavet ved at smelte to forskellige b\u00f8rster sammen, hvilket f\u00e5r fibre til at h\u00e6gte sig sammen. De t\u00e6ttere omr\u00e5der er perfekte til at adskille vipperne, mens omr\u00e5derne med f\u00e6rre fibre giver farve og volumen. Du beh\u00f8ver ikke bekymre dig om sm\u00f8ring eller afskalning i l\u00f8bet af dagen \u2013 formelen er smudge-proof og ekstra langtidsholdbar! All In One Mascara er ogs\u00e5 vidunderligt n\u00e6rende. Carnaubavoks fra carnaubapalmen plejer vipperne og holder dem bl\u00f8de og fleksible. All In One Mascara \u2013 til vipper, der er virkelig vanedannende.<\/p>\n<p>10ml<\/p>\n","protected":false},"excerpt":{"rendered":"<p>All In One Mascara \u2013 smukke vipper, uanset lejlighed! Denne mascara er klar til enhver udfordring og giver vipperne b\u00e5de l\u00e6ngde og volumen med en fantastisk b\u00f8lge. Den former vipperne perfekt ved forsigtigt at d\u00e6kke dem, hvilket g\u00f8r dem fyldigere og l\u00e6ngere. Den specialdesignede mascaraborste er lavet ved at smelte to forskellige b\u00f8rster sammen, hvilket [&hellip;]<\/p>\n","protected":false},"featured_media":132379,"comment_status":"open","ping_status":"closed","template":"","meta":{"_trash_the_other_posts":false},"product_brand":[],"product_cat":[618],"product_tag":[],"berocket_brand":[1385],"class_list":{"0":"post-132389","1":"product","2":"type-product","3":"status-publish","4":"has-post-thumbnail","6":"product_cat-mascara","7":"pa_brand-artdeco","8":"berocket_brand-artdeco","10":"first","11":"instock","12":"sale","13":"taxable","14":"shipping-taxable","15":"purchasable","16":"product-type-simple"},"_links":{"self":[{"href":"https:\/\/stylingagenten.com\/da\/wp-json\/wp\/v2\/product\/132389","targetHints":{"allow":["GET"]}}],"collection":[{"href":"https:\/\/stylingagenten.com\/da\/wp-json\/wp\/v2\/product"}],"about":[{"href":"https:\/\/stylingagenten.com\/da\/wp-json\/wp\/v2\/types\/product"}],"replies":[{"embeddable":true,"href":"https:\/\/stylingagenten.com\/da\/wp-json\/wp\/v2\/comments?post=132389"}],"version-history":[{"count":0,"href":"https:\/\/stylingagenten.com\/da\/wp-json\/wp\/v2\/product\/132389\/revisions"}],"wp:featuredmedia":[{"embeddable":true,"href":"https:\/\/stylingagenten.com\/da\/wp-json\/wp\/v2\/media\/132379"}],"wp:attachment":[{"href":"https:\/\/stylingagenten.com\/da\/wp-json\/wp\/v2\/media?parent=132389"}],"wp:term":[{"taxonomy":"product_brand","embeddable":true,"href":"https:\/\/stylingagenten.com\/da\/wp-json\/wp\/v2\/product_brand?post=132389"},{"taxonomy":"product_cat","embeddable":true,"href":"https:\/\/stylingagenten.com\/da\/wp-json\/wp\/v2\/product_cat?post=132389"},{"taxonomy":"product_tag","embeddable":true,"href":"https:\/\/stylingagenten.com\/da\/wp-json\/wp\/v2\/product_tag?post=132389"},{"taxonomy":"berocket_brand","embeddable":true,"href":"https:\/\/stylingagenten.com\/da\/wp-json\/wp\/v2\/berocket_brand?post=132389"}],"curies":[{"name":"wp","href":"https:\/\/api.w.org\/{rel}","templated":true}]}}