{"id":131596,"date":"2025-05-18T22:24:34","date_gmt":"2025-05-18T22:24:34","guid":{"rendered":"https:\/\/staging2.stylingagenten.com\/da\/produkt\/beauty-uk-matte-lipstick-no-20-warrior\/"},"modified":"2026-04-08T08:08:39","modified_gmt":"2026-04-08T08:08:39","slug":"beauty-uk-matte-lipstick-no-20-warrior","status":"publish","type":"product","link":"https:\/\/stylingagenten.com\/da\/produkt\/beauty-uk-matte-lipstick-no-20-warrior\/","title":{"rendered":"Beauty UK Matte Lipstick no.20 &#8211;  Warrior"},"content":{"rendered":"<p>F&aring; kyssende bl\u00f8de og farverige l\u00e6ber med Beauty UKs bedst s\u00e6lgende kollektion af matte l\u00e6bestifter.<br \/>Med en bl\u00f8d p\u00e5f\u00f8ring, i en bl\u00f8d og n\u00e6rende formel, lover det at blive fortryllende legende nuancer, smukke l\u00e6ber med lang levetid!<\/p>\n","protected":false},"excerpt":{"rendered":"<p>F&aring; kyssende bl\u00f8de og farverige l\u00e6ber med Beauty UKs bedst s\u00e6lgende kollektion af matte l\u00e6bestifter.Med en bl\u00f8d p\u00e5f\u00f8ring, i en bl\u00f8d og n\u00e6rende formel, lover det at blive fortryllende legende nuancer, smukke l\u00e6ber med lang levetid!<\/p>\n","protected":false},"featured_media":131594,"comment_status":"open","ping_status":"closed","template":"","meta":{"_trash_the_other_posts":false},"product_brand":[],"product_cat":[607],"product_tag":[2513],"berocket_brand":[1059],"class_list":{"0":"post-131596","1":"product","2":"type-product","3":"status-publish","4":"has-post-thumbnail","6":"product_cat-sticky-note","7":"product_tag-beauty-uk-matte-lipstick","8":"pa_brand-beautyuk","9":"pa_variant-no-20-warrior","10":"berocket_brand-beautyuk","12":"first","13":"instock","14":"sale","15":"taxable","16":"shipping-taxable","17":"purchasable","18":"product-type-simple"},"_links":{"self":[{"href":"https:\/\/stylingagenten.com\/da\/wp-json\/wp\/v2\/product\/131596","targetHints":{"allow":["GET"]}}],"collection":[{"href":"https:\/\/stylingagenten.com\/da\/wp-json\/wp\/v2\/product"}],"about":[{"href":"https:\/\/stylingagenten.com\/da\/wp-json\/wp\/v2\/types\/product"}],"replies":[{"embeddable":true,"href":"https:\/\/stylingagenten.com\/da\/wp-json\/wp\/v2\/comments?post=131596"}],"version-history":[{"count":0,"href":"https:\/\/stylingagenten.com\/da\/wp-json\/wp\/v2\/product\/131596\/revisions"}],"wp:featuredmedia":[{"embeddable":true,"href":"https:\/\/stylingagenten.com\/da\/wp-json\/wp\/v2\/media\/131594"}],"wp:attachment":[{"href":"https:\/\/stylingagenten.com\/da\/wp-json\/wp\/v2\/media?parent=131596"}],"wp:term":[{"taxonomy":"product_brand","embeddable":true,"href":"https:\/\/stylingagenten.com\/da\/wp-json\/wp\/v2\/product_brand?post=131596"},{"taxonomy":"product_cat","embeddable":true,"href":"https:\/\/stylingagenten.com\/da\/wp-json\/wp\/v2\/product_cat?post=131596"},{"taxonomy":"product_tag","embeddable":true,"href":"https:\/\/stylingagenten.com\/da\/wp-json\/wp\/v2\/product_tag?post=131596"},{"taxonomy":"berocket_brand","embeddable":true,"href":"https:\/\/stylingagenten.com\/da\/wp-json\/wp\/v2\/berocket_brand?post=131596"}],"curies":[{"name":"wp","href":"https:\/\/api.w.org\/{rel}","templated":true}]}}