{"id":131589,"date":"2025-05-18T22:24:33","date_gmt":"2025-05-18T22:24:33","guid":{"rendered":"https:\/\/staging2.stylingagenten.com\/da\/produkt\/beauty-uk-lipstick-no-7-in-the-buff\/"},"modified":"2025-12-18T21:37:03","modified_gmt":"2025-12-18T21:37:03","slug":"beauty-uk-lipstick-no-7-in-the-buff","status":"publish","type":"product","link":"https:\/\/stylingagenten.com\/da\/produkt\/beauty-uk-lipstick-no-7-in-the-buff\/","title":{"rendered":"Beauty UK Lipstick no.7 &#8211; In The Buff"},"content":{"rendered":"<p>Beauty UK Lipstick no.7 &#8211; In The Buff. Ny kollektion af l\u00e6bestifter i &#8220;Wet&#8221; eller &#8220;Matte&#8221; tekstur og med en r\u00e6kke forskellige nuancer. Den luksuri\u00f8st bl\u00f8dg\u00f8rende &#8216;Wet&#8217; kollektion efterlader l\u00e6berne l\u00e6kre og skinnende med langvarig glans. Medans &#8220;Matte&#8221; formel giver et n\u00e6rende og langtidsholdbart farveklik, der imponerer!<\/p>\n<p>L\u00e6bestift har en frisk og god myntesmag.<br \/>Farve: M\u00f8rk pink\/v\u00e5d<\/p>\n","protected":false},"excerpt":{"rendered":"<p>Beauty UK Lipstick no.7 &#8211; In The Buff. Ny kollektion af l\u00e6bestifter i &#8220;Wet&#8221; eller &#8220;Matte&#8221; tekstur og med en r\u00e6kke forskellige nuancer. Den luksuri\u00f8st bl\u00f8dg\u00f8rende &#8216;Wet&#8217; kollektion efterlader l\u00e6berne l\u00e6kre og skinnende med langvarig glans. Medans &#8220;Matte&#8221; formel giver et n\u00e6rende og langtidsholdbart farveklik, der imponerer! L\u00e6bestift har en frisk og god myntesmag.Farve: M\u00f8rk [&hellip;]<\/p>\n","protected":false},"featured_media":131586,"comment_status":"open","ping_status":"closed","template":"","meta":{"_trash_the_other_posts":false},"product_brand":[],"product_cat":[607],"product_tag":[2510],"berocket_brand":[1059],"class_list":{"0":"post-131589","1":"product","2":"type-product","3":"status-publish","4":"has-post-thumbnail","6":"product_cat-sticky-note","7":"product_tag-beauty-uk-lipstick","8":"pa_brand-beautyuk","9":"pa_variant-no-7-in-the-buff","10":"berocket_brand-beautyuk","12":"first","13":"instock","14":"sale","15":"taxable","16":"shipping-taxable","17":"purchasable","18":"product-type-simple"},"_links":{"self":[{"href":"https:\/\/stylingagenten.com\/da\/wp-json\/wp\/v2\/product\/131589","targetHints":{"allow":["GET"]}}],"collection":[{"href":"https:\/\/stylingagenten.com\/da\/wp-json\/wp\/v2\/product"}],"about":[{"href":"https:\/\/stylingagenten.com\/da\/wp-json\/wp\/v2\/types\/product"}],"replies":[{"embeddable":true,"href":"https:\/\/stylingagenten.com\/da\/wp-json\/wp\/v2\/comments?post=131589"}],"version-history":[{"count":0,"href":"https:\/\/stylingagenten.com\/da\/wp-json\/wp\/v2\/product\/131589\/revisions"}],"wp:featuredmedia":[{"embeddable":true,"href":"https:\/\/stylingagenten.com\/da\/wp-json\/wp\/v2\/media\/131586"}],"wp:attachment":[{"href":"https:\/\/stylingagenten.com\/da\/wp-json\/wp\/v2\/media?parent=131589"}],"wp:term":[{"taxonomy":"product_brand","embeddable":true,"href":"https:\/\/stylingagenten.com\/da\/wp-json\/wp\/v2\/product_brand?post=131589"},{"taxonomy":"product_cat","embeddable":true,"href":"https:\/\/stylingagenten.com\/da\/wp-json\/wp\/v2\/product_cat?post=131589"},{"taxonomy":"product_tag","embeddable":true,"href":"https:\/\/stylingagenten.com\/da\/wp-json\/wp\/v2\/product_tag?post=131589"},{"taxonomy":"berocket_brand","embeddable":true,"href":"https:\/\/stylingagenten.com\/da\/wp-json\/wp\/v2\/berocket_brand?post=131589"}],"curies":[{"name":"wp","href":"https:\/\/api.w.org\/{rel}","templated":true}]}}