{"id":131555,"date":"2025-05-18T22:24:22","date_gmt":"2025-05-18T22:24:22","guid":{"rendered":"https:\/\/staging2.stylingagenten.com\/da\/produkt\/nyx-prof-makeup-suede-matte-lipstick-lalaland\/"},"modified":"2025-12-18T21:53:58","modified_gmt":"2025-12-18T21:53:58","slug":"nyx-prof-makeup-suede-matte-lipstick-lalaland","status":"publish","type":"product","link":"https:\/\/stylingagenten.com\/da\/produkt\/nyx-prof-makeup-suede-matte-lipstick-lalaland\/","title":{"rendered":"NYX PROF. MAKEUP Suede Matte Lipstick &#8211; Lalaland"},"content":{"rendered":"<p>Suede Matte Lipstick er en super bl\u00f8d og let l\u00e6bestift, der d\u00e6kker dine l\u00e6ber med en puddermat farve.<br \/>L\u00e6bestiften er behagelig at have p\u00e5 og f\u00e5s i flere luksuri\u00f8se, rigt pigmenterede nuancer. Den leverer intens farve med en puddermat finish.<br \/>Kombiner de luksuri\u00f8se farver med matchende l\u00e6beblyanter for et look, du vil elske.<\/p>\n","protected":false},"excerpt":{"rendered":"<p>Suede Matte Lipstick er en super bl\u00f8d og let l\u00e6bestift, der d\u00e6kker dine l\u00e6ber med en puddermat farve.L\u00e6bestiften er behagelig at have p\u00e5 og f\u00e5s i flere luksuri\u00f8se, rigt pigmenterede nuancer. Den leverer intens farve med en puddermat finish.Kombiner de luksuri\u00f8se farver med matchende l\u00e6beblyanter for et look, du vil elske.<\/p>\n","protected":false},"featured_media":131535,"comment_status":"open","ping_status":"closed","template":"","meta":{"_trash_the_other_posts":false},"product_brand":[],"product_cat":[607],"product_tag":[3704],"berocket_brand":[1025],"class_list":{"0":"post-131555","1":"product","2":"type-product","3":"status-publish","4":"has-post-thumbnail","6":"product_cat-sticky-note","7":"product_tag-nyx-prof-makeup-suede-matte-lipstick","8":"pa_brand-nyx","9":"pa_variant-lalaland","10":"berocket_brand-nyx","12":"first","13":"instock","14":"sale","15":"taxable","16":"shipping-taxable","17":"purchasable","18":"product-type-simple"},"_links":{"self":[{"href":"https:\/\/stylingagenten.com\/da\/wp-json\/wp\/v2\/product\/131555","targetHints":{"allow":["GET"]}}],"collection":[{"href":"https:\/\/stylingagenten.com\/da\/wp-json\/wp\/v2\/product"}],"about":[{"href":"https:\/\/stylingagenten.com\/da\/wp-json\/wp\/v2\/types\/product"}],"replies":[{"embeddable":true,"href":"https:\/\/stylingagenten.com\/da\/wp-json\/wp\/v2\/comments?post=131555"}],"version-history":[{"count":0,"href":"https:\/\/stylingagenten.com\/da\/wp-json\/wp\/v2\/product\/131555\/revisions"}],"wp:featuredmedia":[{"embeddable":true,"href":"https:\/\/stylingagenten.com\/da\/wp-json\/wp\/v2\/media\/131535"}],"wp:attachment":[{"href":"https:\/\/stylingagenten.com\/da\/wp-json\/wp\/v2\/media?parent=131555"}],"wp:term":[{"taxonomy":"product_brand","embeddable":true,"href":"https:\/\/stylingagenten.com\/da\/wp-json\/wp\/v2\/product_brand?post=131555"},{"taxonomy":"product_cat","embeddable":true,"href":"https:\/\/stylingagenten.com\/da\/wp-json\/wp\/v2\/product_cat?post=131555"},{"taxonomy":"product_tag","embeddable":true,"href":"https:\/\/stylingagenten.com\/da\/wp-json\/wp\/v2\/product_tag?post=131555"},{"taxonomy":"berocket_brand","embeddable":true,"href":"https:\/\/stylingagenten.com\/da\/wp-json\/wp\/v2\/berocket_brand?post=131555"}],"curies":[{"name":"wp","href":"https:\/\/api.w.org\/{rel}","templated":true}]}}